{"id":5103,"date":"2021-06-09T09:51:45","date_gmt":"2021-06-09T06:51:45","guid":{"rendered":"https:\/\/toreco.md\/?post_type=product&#038;p=5103"},"modified":"2026-01-15T13:18:21","modified_gmt":"2026-01-15T11:18:21","slug":"pahar-biodegradabil","status":"publish","type":"product","link":"https:\/\/toreco.md\/en\/product\/dupa-domeniul-de-activitate\/hotel\/pahar-biodegradabil\/","title":{"rendered":"Biodegradable cup"},"content":{"rendered":"<p>The biodegradable cup Natural consists of an environmentally friendly material and is compostable.<br \/>\nThanks to the PLA coating, it has an increased impearmability and is therefore also ideal for hot drinks.<br \/>\nNumber of pieces: 50<br \/>\nCapacity: 0.2l<\/p>","protected":false},"excerpt":{"rendered":"<p>Paharul biodegradabil Natural const\u0103 dintr-un material ecologic \u0219i este compostabil. Datorit\u0103 acoperirii PLA, are o impermeabilitate crescut\u0103 \u0219i, prin urmare, este ideal \u0219i pentru b\u0103uturile calde. Num\u0103r buc\u0103\u021bi set: 50 Capacitate: 0,2l<\/p>","protected":false},"featured_media":5104,"comment_status":"closed","ping_status":"closed","template":"","meta":[],"product_cat":[34,44,43,40,46],"product_tag":[168],"class_list":["post-5103","product","type-product","status-publish","has-post-thumbnail","hentry","product_cat-hotel","product_cat-institutii-de-invatamint","product_cat-medicina","product_cat-restaurant-si-bucatarie","product_cat-sport-si-fitness","product_tag-biodegradabil","pa_brand-naturestar"],"_links":{"self":[{"href":"https:\/\/toreco.md\/en\/wp-json\/wp\/v2\/product\/5103","targetHints":{"allow":["GET"]}}],"collection":[{"href":"https:\/\/toreco.md\/en\/wp-json\/wp\/v2\/product"}],"about":[{"href":"https:\/\/toreco.md\/en\/wp-json\/wp\/v2\/types\/product"}],"replies":[{"embeddable":true,"href":"https:\/\/toreco.md\/en\/wp-json\/wp\/v2\/comments?post=5103"}],"wp:featuredmedia":[{"embeddable":true,"href":"https:\/\/toreco.md\/en\/wp-json\/wp\/v2\/media\/5104"}],"wp:attachment":[{"href":"https:\/\/toreco.md\/en\/wp-json\/wp\/v2\/media?parent=5103"}],"wp:term":[{"taxonomy":"product_cat","embeddable":true,"href":"https:\/\/toreco.md\/en\/wp-json\/wp\/v2\/product_cat?post=5103"},{"taxonomy":"product_tag","embeddable":true,"href":"https:\/\/toreco.md\/en\/wp-json\/wp\/v2\/product_tag?post=5103"}],"curies":[{"name":"wp","href":"https:\/\/api.w.org\/{rel}","templated":true}]}}