{"id":5091,"date":"2021-06-08T15:40:00","date_gmt":"2021-06-08T12:40:00","guid":{"rendered":"https:\/\/toreco.md\/?post_type=product&#038;p=5091"},"modified":"2022-03-30T10:15:15","modified_gmt":"2022-03-30T07:15:15","slug":"dozator-sapun-cu-sensor-touchless","status":"publish","type":"product","link":"https:\/\/toreco.md\/en\/product\/dupa-tip\/dispensere-si-dozatoare\/dozator-sapun-lichid-spuma\/dozator-sapun-cu-sensor-touchless\/","title":{"rendered":"Soap dispenser with sensor TOUCHLESS"},"content":{"rendered":"<p>Plastic-white, very hygienic, since there is no direct contact between the hands and the dispenser.<br \/>\nEconomically: optimal dosage, dosage amount can be adjusted in 4 steps (smallest setting: 1,5l\/stroke).<br \/>\nThe dispenser is powered by batteries (4 AA batteries, LR6, 1.5 V).<br \/>\nEquipped with an anti-drip tray and a capacity of 1000 ml<\/p>","protected":false},"excerpt":{"rendered":"<p>Plastic-alb, foarte igienic, deoarece nu exist\u0103 contact direct \u00eentre m\u00e2ini \u0219i dozator. Economic: dozare optim\u0103, cantitate de dozare reglabil\u0103 \u00een 4 pa\u0219i (cea mai mic\u0103 setare: 1,5 ml \/ curs\u0103). Dozatorul este alimentat cu baterii (4 baterii marime AA, LR6, 1,5V). Echipat cu tav\u0103 antipicurare \u0219i recipient cu volum de 1000 ml.<\/p>","protected":false},"featured_media":5092,"comment_status":"closed","ping_status":"closed","template":"","meta":[],"product_cat":[34,42,44,43,40,41,46,60,67],"product_tag":[166],"class_list":["post-5091","product","type-product","status-publish","has-post-thumbnail","hentry","product_cat-hotel","product_cat-industria-de-producere-si-prelucrare","product_cat-institutii-de-invatamint","product_cat-medicina","product_cat-restaurant-si-bucatarie","product_cat-servicii-de-curatenie","product_cat-sport-si-fitness","product_cat-dispensere-si-dozatoare","product_cat-dozator-sapun-lichid-spuma","product_tag-dispenser"],"_links":{"self":[{"href":"https:\/\/toreco.md\/en\/wp-json\/wp\/v2\/product\/5091","targetHints":{"allow":["GET"]}}],"collection":[{"href":"https:\/\/toreco.md\/en\/wp-json\/wp\/v2\/product"}],"about":[{"href":"https:\/\/toreco.md\/en\/wp-json\/wp\/v2\/types\/product"}],"replies":[{"embeddable":true,"href":"https:\/\/toreco.md\/en\/wp-json\/wp\/v2\/comments?post=5091"}],"wp:featuredmedia":[{"embeddable":true,"href":"https:\/\/toreco.md\/en\/wp-json\/wp\/v2\/media\/5092"}],"wp:attachment":[{"href":"https:\/\/toreco.md\/en\/wp-json\/wp\/v2\/media?parent=5091"}],"wp:term":[{"taxonomy":"product_cat","embeddable":true,"href":"https:\/\/toreco.md\/en\/wp-json\/wp\/v2\/product_cat?post=5091"},{"taxonomy":"product_tag","embeddable":true,"href":"https:\/\/toreco.md\/en\/wp-json\/wp\/v2\/product_tag?post=5091"}],"curies":[{"name":"wp","href":"https:\/\/api.w.org\/{rel}","templated":true}]}}