{"id":5089,"date":"2021-06-08T15:23:37","date_gmt":"2021-06-08T12:23:37","guid":{"rendered":"https:\/\/toreco.md\/?post_type=product&#038;p=5089"},"modified":"2023-08-15T13:07:23","modified_gmt":"2023-08-15T10:07:23","slug":"dispenser-touch-free-sapun-dezinfectant-lichid","status":"publish","type":"product","link":"https:\/\/toreco.md\/en\/product\/dupa-tip\/dispensere-si-dozatoare\/dozator-sapun-lichid-spuma\/dispenser-touch-free-sapun-dezinfectant-lichid\/","title":{"rendered":"Touch Free Dispenser soap \/ liquid disinfectant"},"content":{"rendered":"<p>Equipped with liquid adjustment system.<br \/>\nOne, two or three doses can be dispersed during sensor access.<br \/>\nDimensions: height 26 cm, width 12.5 cm, depth 13 cm.<br \/>\nThe tank capacity is 900 ml<br \/>\nPower source: 6 batteries size AA (LR6).<\/p>","protected":false},"excerpt":{"rendered":"<p>Dotat cu sistem de reglare a lichidului. La o accesare a senzorului poate dispersa una, dou\u0103 sau trei doze. Dimensiuni: \u00cen\u0103l\u021bime 26cm, L\u0103\u021bime 12.5cm, Ad\u00e2ncime 13cm. Volum rezervor 900ml. Surs\u0103 alimentare: 6 baterii marimea AA (LR6).<\/p>","protected":false},"featured_media":5090,"comment_status":"closed","ping_status":"closed","template":"","meta":[],"product_cat":[34,42,44,43,40,41,46,60,67],"product_tag":[166],"class_list":["post-5089","product","type-product","status-publish","has-post-thumbnail","hentry","product_cat-hotel","product_cat-industria-de-producere-si-prelucrare","product_cat-institutii-de-invatamint","product_cat-medicina","product_cat-restaurant-si-bucatarie","product_cat-servicii-de-curatenie","product_cat-sport-si-fitness","product_cat-dispensere-si-dozatoare","product_cat-dozator-sapun-lichid-spuma","product_tag-dispenser","pa_brand-ecolab"],"_links":{"self":[{"href":"https:\/\/toreco.md\/en\/wp-json\/wp\/v2\/product\/5089","targetHints":{"allow":["GET"]}}],"collection":[{"href":"https:\/\/toreco.md\/en\/wp-json\/wp\/v2\/product"}],"about":[{"href":"https:\/\/toreco.md\/en\/wp-json\/wp\/v2\/types\/product"}],"replies":[{"embeddable":true,"href":"https:\/\/toreco.md\/en\/wp-json\/wp\/v2\/comments?post=5089"}],"wp:featuredmedia":[{"embeddable":true,"href":"https:\/\/toreco.md\/en\/wp-json\/wp\/v2\/media\/5090"}],"wp:attachment":[{"href":"https:\/\/toreco.md\/en\/wp-json\/wp\/v2\/media?parent=5089"}],"wp:term":[{"taxonomy":"product_cat","embeddable":true,"href":"https:\/\/toreco.md\/en\/wp-json\/wp\/v2\/product_cat?post=5089"},{"taxonomy":"product_tag","embeddable":true,"href":"https:\/\/toreco.md\/en\/wp-json\/wp\/v2\/product_tag?post=5089"}],"curies":[{"name":"wp","href":"https:\/\/api.w.org\/{rel}","templated":true}]}}