{"id":5087,"date":"2021-06-08T15:12:48","date_gmt":"2021-06-08T12:12:48","guid":{"rendered":"https:\/\/toreco.md\/?post_type=product&#038;p=5087"},"modified":"2025-02-28T13:39:19","modified_gmt":"2025-02-28T11:39:19","slug":"suport-dispenser-touch-free","status":"publish","type":"product","link":"https:\/\/toreco.md\/en\/product\/dupa-tip\/dispensere-si-dozatoare\/dozator-sapun-lichid-spuma\/suport-dispenser-touch-free\/","title":{"rendered":"Stand for dispensers Touch Free"},"content":{"rendered":"<p>Easy to use, it can be placed in any area where there is no possibility to put a dispenser on the wall.<br \/>\nIdeal for Horeca locations but also for industrial halls, office spaces and buildings.<br \/>\nMade of metal;<br \/>\nColor: black<br \/>\nModern design    <\/p>","protected":false},"excerpt":{"rendered":"<p>U\u0219or de utilizat, poate fi amplasat \u00een orice zon\u0103 unde nu exist\u0103 posibilitatea de a pune un dispenser pe perete. Ideal pentru loca\u021biile Horeca dar \u0219i pentru hale industriale, spa\u021bii \u0219i cl\u0103diri birouri. Fabricat din metal; Culoare: Negru; Design modern.<\/p>","protected":false},"featured_media":9102,"comment_status":"closed","ping_status":"closed","template":"","meta":[],"product_cat":[34,42,44,43,40,41,46,60,67],"product_tag":[166],"class_list":["post-5087","product","type-product","status-publish","has-post-thumbnail","hentry","product_cat-hotel","product_cat-industria-de-producere-si-prelucrare","product_cat-institutii-de-invatamint","product_cat-medicina","product_cat-restaurant-si-bucatarie","product_cat-servicii-de-curatenie","product_cat-sport-si-fitness","product_cat-dispensere-si-dozatoare","product_cat-dozator-sapun-lichid-spuma","product_tag-dispenser","pa_brand-ecolab"],"_links":{"self":[{"href":"https:\/\/toreco.md\/en\/wp-json\/wp\/v2\/product\/5087","targetHints":{"allow":["GET"]}}],"collection":[{"href":"https:\/\/toreco.md\/en\/wp-json\/wp\/v2\/product"}],"about":[{"href":"https:\/\/toreco.md\/en\/wp-json\/wp\/v2\/types\/product"}],"replies":[{"embeddable":true,"href":"https:\/\/toreco.md\/en\/wp-json\/wp\/v2\/comments?post=5087"}],"wp:featuredmedia":[{"embeddable":true,"href":"https:\/\/toreco.md\/en\/wp-json\/wp\/v2\/media\/9102"}],"wp:attachment":[{"href":"https:\/\/toreco.md\/en\/wp-json\/wp\/v2\/media?parent=5087"}],"wp:term":[{"taxonomy":"product_cat","embeddable":true,"href":"https:\/\/toreco.md\/en\/wp-json\/wp\/v2\/product_cat?post=5087"},{"taxonomy":"product_tag","embeddable":true,"href":"https:\/\/toreco.md\/en\/wp-json\/wp\/v2\/product_tag?post=5087"}],"curies":[{"name":"wp","href":"https:\/\/api.w.org\/{rel}","templated":true}]}}