{"id":5081,"date":"2021-06-08T14:50:00","date_gmt":"2021-06-08T11:50:00","guid":{"rendered":"https:\/\/toreco.md\/?post_type=product&#038;p=5081"},"modified":"2022-03-30T10:18:08","modified_gmt":"2022-03-30T07:18:08","slug":"dozator-sapun-lichid-cu-sensor","status":"publish","type":"product","link":"https:\/\/toreco.md\/en\/product\/dupa-tip\/dispensere-si-dozatoare\/dozator-sapun-lichid-spuma\/dozator-sapun-lichid-cu-sensor\/","title":{"rendered":"Soap dispenser with sensor"},"content":{"rendered":"<p>Touch free soap dispensing brings better hygiene to any environment and helps monitor the use by controlling the amount of soap.<br \/>\nIt also features an auto-switch function between two battery compartments for longer running times.<br \/>\nPentru a asigura economii optime de costuri, dispozitivul are un &#8220;mod de repaus&#8221; \u0219i un senzor capacitiv care \u00eempiedic\u0103 livrarea accidental\u0103 a s\u0103punului.<br \/>\nPower supply: 4 standard Type C batteries<\/p>","protected":false},"excerpt":{"rendered":"<p>Dozarea s\u0103punului f\u0103r\u0103 atingere ofer\u0103 o igien\u0103 mai bun\u0103 pentru orice mediu \u015fi ajut\u0103 la monitorizarea utiliz\u0103rii prin controlul cantit\u0103\u0163ii de s\u0103pun. De asemenea, are o func\u021bie de comutare automat\u0103 \u00eentre dou\u0103 compartimente ale baterii pentru perioade mai lungi de func\u021bionare. Pentru a asigura economii optime de costuri, dispozitivul are un &#8220;mod de repaus&#8221; \u0219i [&hellip;]<\/p>","protected":false},"featured_media":5082,"comment_status":"closed","ping_status":"closed","template":"","meta":[],"product_cat":[34,42,44,43,40,41,46,60,67],"product_tag":[166],"class_list":["post-5081","product","type-product","status-publish","has-post-thumbnail","hentry","product_cat-hotel","product_cat-industria-de-producere-si-prelucrare","product_cat-institutii-de-invatamint","product_cat-medicina","product_cat-restaurant-si-bucatarie","product_cat-servicii-de-curatenie","product_cat-sport-si-fitness","product_cat-dispensere-si-dozatoare","product_cat-dozator-sapun-lichid-spuma","product_tag-dispenser","pa_brand-sanidet"],"_links":{"self":[{"href":"https:\/\/toreco.md\/en\/wp-json\/wp\/v2\/product\/5081","targetHints":{"allow":["GET"]}}],"collection":[{"href":"https:\/\/toreco.md\/en\/wp-json\/wp\/v2\/product"}],"about":[{"href":"https:\/\/toreco.md\/en\/wp-json\/wp\/v2\/types\/product"}],"replies":[{"embeddable":true,"href":"https:\/\/toreco.md\/en\/wp-json\/wp\/v2\/comments?post=5081"}],"wp:featuredmedia":[{"embeddable":true,"href":"https:\/\/toreco.md\/en\/wp-json\/wp\/v2\/media\/5082"}],"wp:attachment":[{"href":"https:\/\/toreco.md\/en\/wp-json\/wp\/v2\/media?parent=5081"}],"wp:term":[{"taxonomy":"product_cat","embeddable":true,"href":"https:\/\/toreco.md\/en\/wp-json\/wp\/v2\/product_cat?post=5081"},{"taxonomy":"product_tag","embeddable":true,"href":"https:\/\/toreco.md\/en\/wp-json\/wp\/v2\/product_tag?post=5081"}],"curies":[{"name":"wp","href":"https:\/\/api.w.org\/{rel}","templated":true}]}}