{"id":5021,"date":"2021-06-07T16:45:06","date_gmt":"2021-06-07T13:45:06","guid":{"rendered":"https:\/\/toreco.md\/?post_type=product&#038;p=5021"},"modified":"2025-01-21T09:56:36","modified_gmt":"2025-01-21T07:56:36","slug":"dispenser-sapun-lichid-cu-cotiera-s1","status":"publish","type":"product","link":"https:\/\/toreco.md\/en\/product\/dupa-tip\/dispensere-si-dozatoare\/dozator-sapun-lichid-spuma\/dispenser-sapun-lichid-cu-cotiera-s1\/","title":{"rendered":"Tork Liquid Soap Dispenser - Arm Lever S, Tork"},"content":{"rendered":"<p>The Tork liquid soap dispenser in the Elevation Design version with an arm lever is ideal for areas where hand hygiene is crucial, as it allows soap and disinfectant to be dispensed without hand contact. It can be used with a wide range of Tork skincare products in sealed containers. Elevation dispensers feature a modern, functional design, ensuring certified, effortless maintenance and intuitive refilling, saving time. The dispenser is certified for easy use, promoting optimal hand hygiene for individuals with limited hand mobility.<br \/>\nIdeal for environments with heightened hygiene requirements<br \/>\nHygienic: Sealed refill with single use pump reduces risk of cross contamination<br \/>\nPentru to\u021bi: Design u\u0219or de utilizat certificat de ter\u021be p\u0103r\u021bi &#8211; promoveaz\u0103 igiena corespunz\u0103toare a m\u00e2inilor pentru to\u021bi utilizatorii, de la copii p\u00e2n\u0103 la persoanele \u00een v\u00e2rst\u0103<br \/>\nCertified low-effort maintenance and intuitive refilling save time<br \/>\nBottle is recyclable and collapses as contents are used, reducing waste<br \/>\nCarbon-neutral \u2014 reduced and compensated carbon footprint<\/p>\n<p>Height \u2014 135 mm<br \/>\nLength \u2014 165 mm<br \/>\nWidth \u2014 350 mm<br \/>\nSistem-S1 &#8211; Liquid soap system<br \/>\nColour - White<\/p>","protected":false},"excerpt":{"rendered":"<p>The Tork liquid soap dispenser in the Elevation Design version with an arm lever is ideal for areas where hand hygiene is crucial, as it allows soap and disinfectant to be dispensed without hand contact. It can be used with a wide range of Tork skincare products in sealed containers. Elevation dispensers feature a modern, functional design, ensuring certified, effortless maintenance and intuitive refilling, saving time. The dispenser is certified for easy use, promoting optimal hand hygiene for individuals with limited hand mobility.<\/p>","protected":false},"featured_media":14020,"comment_status":"closed","ping_status":"closed","template":"","meta":[],"product_cat":[67,34,42,44,43,40,41,46,60],"product_tag":[166],"class_list":["post-5021","product","type-product","status-publish","has-post-thumbnail","hentry","product_cat-dozator-sapun-lichid-spuma","product_cat-hotel","product_cat-industria-de-producere-si-prelucrare","product_cat-institutii-de-invatamint","product_cat-medicina","product_cat-restaurant-si-bucatarie","product_cat-servicii-de-curatenie","product_cat-sport-si-fitness","product_cat-dispensere-si-dozatoare","product_tag-dispenser","pa_brand-tork"],"_links":{"self":[{"href":"https:\/\/toreco.md\/en\/wp-json\/wp\/v2\/product\/5021","targetHints":{"allow":["GET"]}}],"collection":[{"href":"https:\/\/toreco.md\/en\/wp-json\/wp\/v2\/product"}],"about":[{"href":"https:\/\/toreco.md\/en\/wp-json\/wp\/v2\/types\/product"}],"replies":[{"embeddable":true,"href":"https:\/\/toreco.md\/en\/wp-json\/wp\/v2\/comments?post=5021"}],"wp:featuredmedia":[{"embeddable":true,"href":"https:\/\/toreco.md\/en\/wp-json\/wp\/v2\/media\/14020"}],"wp:attachment":[{"href":"https:\/\/toreco.md\/en\/wp-json\/wp\/v2\/media?parent=5021"}],"wp:term":[{"taxonomy":"product_cat","embeddable":true,"href":"https:\/\/toreco.md\/en\/wp-json\/wp\/v2\/product_cat?post=5021"},{"taxonomy":"product_tag","embeddable":true,"href":"https:\/\/toreco.md\/en\/wp-json\/wp\/v2\/product_tag?post=5021"}],"curies":[{"name":"wp","href":"https:\/\/api.w.org\/{rel}","templated":true}]}}