{"id":4972,"date":"2021-06-07T13:32:42","date_gmt":"2021-06-07T10:32:42","guid":{"rendered":"https:\/\/toreco.md\/?post_type=product&#038;p=4972"},"modified":"2025-07-01T09:32:02","modified_gmt":"2025-07-01T06:32:02","slug":"dispenser-mobil-pentru-lavete-role-w1","status":"publish","type":"product","link":"https:\/\/toreco.md\/en\/product\/dupa-tip\/dispensere-si-dozatoare\/dispensere-role-industriale\/dispenser-mobil-pentru-lavete-role-w1\/","title":{"rendered":"Mobile Dispenser for Napkins\/Rollers W1, Tork"},"content":{"rendered":"<p>It is mobile and has an ergonomic design.<br \/>\nIt is useful and important in many places in the industrial field.<br \/>\nLarge capacity and can be placed where needed.<br \/>\nUtilizare flexibil\u0103 datorit\u0103 m\u00e2nerului ergonomic &#8211; u\u0219or de deplasat.<br \/>\nThanks to the fiberglass teeth, the paper can be easily torn off, and you can take as much as you need.<br \/>\nConvenient refueling.<br \/>\nRubber feet and durable metal construction.<br \/>\nEnsures long service life.<\/p>\n<p>Technical data:<br \/>\nSystem: W1<br \/>\nMaterial: metal with plastic<br \/>\nDimensions: height: 1006 mm x Width: 646 mm x depth: 530 mm.<br \/>\nWeight: 6,410 kg.<br \/>\nColor: light blue with white<\/p>","protected":false},"excerpt":{"rendered":"<p>Mobile dispenser for cleaning materials in rolls W1<\/p>","protected":false},"featured_media":4973,"comment_status":"closed","ping_status":"closed","template":"","meta":[],"product_cat":[45,42,60,64],"product_tag":[166],"class_list":["post-4972","product","type-product","status-publish","has-post-thumbnail","hentry","product_cat-industria-auto","product_cat-industria-de-producere-si-prelucrare","product_cat-dispensere-si-dozatoare","product_cat-dispensere-role-industriale","product_tag-dispenser","pa_brand-tork"],"_links":{"self":[{"href":"https:\/\/toreco.md\/en\/wp-json\/wp\/v2\/product\/4972","targetHints":{"allow":["GET"]}}],"collection":[{"href":"https:\/\/toreco.md\/en\/wp-json\/wp\/v2\/product"}],"about":[{"href":"https:\/\/toreco.md\/en\/wp-json\/wp\/v2\/types\/product"}],"replies":[{"embeddable":true,"href":"https:\/\/toreco.md\/en\/wp-json\/wp\/v2\/comments?post=4972"}],"wp:featuredmedia":[{"embeddable":true,"href":"https:\/\/toreco.md\/en\/wp-json\/wp\/v2\/media\/4973"}],"wp:attachment":[{"href":"https:\/\/toreco.md\/en\/wp-json\/wp\/v2\/media?parent=4972"}],"wp:term":[{"taxonomy":"product_cat","embeddable":true,"href":"https:\/\/toreco.md\/en\/wp-json\/wp\/v2\/product_cat?post=4972"},{"taxonomy":"product_tag","embeddable":true,"href":"https:\/\/toreco.md\/en\/wp-json\/wp\/v2\/product_tag?post=4972"}],"curies":[{"name":"wp","href":"https:\/\/api.w.org\/{rel}","templated":true}]}}