{"id":4946,"date":"2021-06-07T10:44:31","date_gmt":"2021-06-07T07:44:31","guid":{"rendered":"https:\/\/toreco.md\/?post_type=product&#038;p=4946"},"modified":"2025-07-23T19:22:12","modified_gmt":"2025-07-23T16:22:12","slug":"dispenser-hartie-igienica-rulou-t4-2","status":"publish","type":"product","link":"https:\/\/toreco.md\/en\/product\/dupa-tip\/dispensere-si-dozatoare\/dispensere-hartie-igienica\/dispenser-hartie-igienica-rulou-t4-2\/","title":{"rendered":"Toilet Paper Roll Dispenser T4, Tork"},"content":{"rendered":"<p>The compact size protects the paper from damage and theft.<br \/>\nThe filling capacity is 2 standard rolls.<br \/>\nIt is supplied with a paper tearing system without perforation.<br \/>\nIt is possible to replace the roller by the user.<br \/>\nDimensiuni: l\u0103\u021bime &#8211; 286 mm. ad\u00e2ncime &#8211; 153 mm, \u00een\u0103l\u021bime &#8211; 158 mm.<br \/>\nColor: White<\/p>","protected":false},"excerpt":{"rendered":"<p>Classic toilet Dispenser with low traffic.<\/p>","protected":false},"featured_media":4947,"comment_status":"closed","ping_status":"closed","template":"","meta":[],"product_cat":[34,44,43,40,41,46,60,63],"product_tag":[166],"class_list":["post-4946","product","type-product","status-publish","has-post-thumbnail","hentry","product_cat-hotel","product_cat-institutii-de-invatamint","product_cat-medicina","product_cat-restaurant-si-bucatarie","product_cat-servicii-de-curatenie","product_cat-sport-si-fitness","product_cat-dispensere-si-dozatoare","product_cat-dispensere-hartie-igienica","product_tag-dispenser","pa_brand-tork"],"_links":{"self":[{"href":"https:\/\/toreco.md\/en\/wp-json\/wp\/v2\/product\/4946","targetHints":{"allow":["GET"]}}],"collection":[{"href":"https:\/\/toreco.md\/en\/wp-json\/wp\/v2\/product"}],"about":[{"href":"https:\/\/toreco.md\/en\/wp-json\/wp\/v2\/types\/product"}],"replies":[{"embeddable":true,"href":"https:\/\/toreco.md\/en\/wp-json\/wp\/v2\/comments?post=4946"}],"wp:featuredmedia":[{"embeddable":true,"href":"https:\/\/toreco.md\/en\/wp-json\/wp\/v2\/media\/4947"}],"wp:attachment":[{"href":"https:\/\/toreco.md\/en\/wp-json\/wp\/v2\/media?parent=4946"}],"wp:term":[{"taxonomy":"product_cat","embeddable":true,"href":"https:\/\/toreco.md\/en\/wp-json\/wp\/v2\/product_cat?post=4946"},{"taxonomy":"product_tag","embeddable":true,"href":"https:\/\/toreco.md\/en\/wp-json\/wp\/v2\/product_tag?post=4946"}],"curies":[{"name":"wp","href":"https:\/\/api.w.org\/{rel}","templated":true}]}}