{"id":4924,"date":"2021-06-07T09:21:26","date_gmt":"2021-06-07T06:21:26","guid":{"rendered":"https:\/\/toreco.md\/?post_type=product&#038;p=4924"},"modified":"2024-06-12T15:35:05","modified_gmt":"2024-06-12T12:35:05","slug":"dispenser-electronic-pentru-odorizant","status":"publish","type":"product","link":"https:\/\/toreco.md\/en\/product\/dupa-tip\/dispensere-si-dozatoare\/dispenser-aerosol\/dispenser-electronic-pentru-odorizant\/","title":{"rendered":"Electronic dispenser for air freshener"},"content":{"rendered":"<p>I se pot ajusta: timpul \u0219i intensitatea pulveriz\u0103rii, zilele de ac\u021bionare s\u0103pt\u0103m\u00e2nal\u0103 (luni-duminica), precum \u0219i intervalul de pulverizare (5 min &#8211; 4 ore).<br \/>\nPower source: from 2 batteries R20<\/p>","protected":false},"excerpt":{"rendered":"<p>Professional air freshener is made of ABS plastic. Equipped with LCD screen, lock, light detector and time programming system.<\/p>","protected":false},"featured_media":4925,"comment_status":"closed","ping_status":"closed","template":"","meta":[],"product_cat":[34,40,41,46,60,69],"product_tag":[166],"class_list":["post-4924","product","type-product","status-publish","has-post-thumbnail","hentry","product_cat-hotel","product_cat-restaurant-si-bucatarie","product_cat-servicii-de-curatenie","product_cat-sport-si-fitness","product_cat-dispensere-si-dozatoare","product_cat-dispenser-aerosol","product_tag-dispenser"],"_links":{"self":[{"href":"https:\/\/toreco.md\/en\/wp-json\/wp\/v2\/product\/4924","targetHints":{"allow":["GET"]}}],"collection":[{"href":"https:\/\/toreco.md\/en\/wp-json\/wp\/v2\/product"}],"about":[{"href":"https:\/\/toreco.md\/en\/wp-json\/wp\/v2\/types\/product"}],"replies":[{"embeddable":true,"href":"https:\/\/toreco.md\/en\/wp-json\/wp\/v2\/comments?post=4924"}],"wp:featuredmedia":[{"embeddable":true,"href":"https:\/\/toreco.md\/en\/wp-json\/wp\/v2\/media\/4925"}],"wp:attachment":[{"href":"https:\/\/toreco.md\/en\/wp-json\/wp\/v2\/media?parent=4924"}],"wp:term":[{"taxonomy":"product_cat","embeddable":true,"href":"https:\/\/toreco.md\/en\/wp-json\/wp\/v2\/product_cat?post=4924"},{"taxonomy":"product_tag","embeddable":true,"href":"https:\/\/toreco.md\/en\/wp-json\/wp\/v2\/product_tag?post=4924"}],"curies":[{"name":"wp","href":"https:\/\/api.w.org\/{rel}","templated":true}]}}