{"id":4759,"date":"2021-06-03T10:56:59","date_gmt":"2021-06-03T07:56:59","guid":{"rendered":"https:\/\/toreco.md\/?post_type=product&#038;p=4759"},"modified":"2025-01-21T10:52:34","modified_gmt":"2025-01-21T08:52:34","slug":"rola-derulare-centrala-reflex-m3","status":"publish","type":"product","link":"https:\/\/toreco.md\/en\/product\/dupa-tip\/prosoape-servetele-hartie\/rola-derulare-centrala-reflex-m3\/","title":{"rendered":"Centralfeed roll Reflex M3, Tork"},"content":{"rendered":"<p>Dimensiuni: lungimea rolei &#8211; 120 m, l\u0103\u021bimea rolei &#8211; 19,8 cm, num\u0103rul de prosoape &#8211; 343, lungimea prosopului &#8211; 35 cm.<br \/>\n\u00cen special potrivit\u0103 pentru cur\u0103\u021barea sticlei &#8211; nu las\u0103 scam\u0103 sau urme pe suprafa\u021b\u0103.<br \/>\nThis paper can be used with the Tork Mini Reflex system which is a portion-by-portion and central scroll dosing system, perfect for your team's workflow, reduces consumption and minimizes the risk of cross-contamination.  <\/p>","protected":false},"excerpt":{"rendered":"<p>Ideal for wiping surfaces and hands, due to its high strength and absorption capacity.<\/p>","protected":false},"featured_media":4760,"comment_status":"closed","ping_status":"closed","template":"","meta":[],"product_cat":[34,42,44,43,40,41,46,18,47],"product_tag":[159],"class_list":["post-4759","product","type-product","status-publish","has-post-thumbnail","hentry","product_cat-hotel","product_cat-industria-de-producere-si-prelucrare","product_cat-institutii-de-invatamint","product_cat-medicina","product_cat-restaurant-si-bucatarie","product_cat-servicii-de-curatenie","product_cat-sport-si-fitness","product_cat-prosoape-servetele-hartie","product_cat-prosoape-hartie","product_tag-prosoape-de-hartie","pa_brand-tork"],"_links":{"self":[{"href":"https:\/\/toreco.md\/en\/wp-json\/wp\/v2\/product\/4759","targetHints":{"allow":["GET"]}}],"collection":[{"href":"https:\/\/toreco.md\/en\/wp-json\/wp\/v2\/product"}],"about":[{"href":"https:\/\/toreco.md\/en\/wp-json\/wp\/v2\/types\/product"}],"replies":[{"embeddable":true,"href":"https:\/\/toreco.md\/en\/wp-json\/wp\/v2\/comments?post=4759"}],"wp:featuredmedia":[{"embeddable":true,"href":"https:\/\/toreco.md\/en\/wp-json\/wp\/v2\/media\/4760"}],"wp:attachment":[{"href":"https:\/\/toreco.md\/en\/wp-json\/wp\/v2\/media?parent=4759"}],"wp:term":[{"taxonomy":"product_cat","embeddable":true,"href":"https:\/\/toreco.md\/en\/wp-json\/wp\/v2\/product_cat?post=4759"},{"taxonomy":"product_tag","embeddable":true,"href":"https:\/\/toreco.md\/en\/wp-json\/wp\/v2\/product_tag?post=4759"}],"curies":[{"name":"wp","href":"https:\/\/api.w.org\/{rel}","templated":true}]}}