{"id":16239,"date":"2026-01-17T09:14:00","date_gmt":"2026-01-17T07:14:00","guid":{"rendered":"https:\/\/toreco.md\/?post_type=product&#038;p=16239"},"modified":"2026-01-17T09:15:10","modified_gmt":"2026-01-17T07:15:10","slug":"pudubot-2-robot-inteligent-universal-de-livrare-si-promoter-chirie","status":"publish","type":"product","link":"https:\/\/toreco.md\/en\/product\/dupa-tip\/chirie\/pudubot-2-robot-inteligent-universal-de-livrare-si-promoter-chirie\/","title":{"rendered":"PuduBot 2, Universal Intelligent Delivery and Promotion Robot - Rental"},"content":{"rendered":"<p><strong><span style=\"color: #96c525;\">The future has arrived!<\/span><\/strong><\/p>\n<h4>PuduBot2 &#8211; Robot inteligent Universal de Livrare \u0219i promoter<\/h4>\n<p>PuduBot 2, the delivery and promotion robot, is committed to achieving smart deliveries in all scenarios, promoting the application of service robots, and accelerating the overall development of robots with higher performance, better scalability, adaptability, and superior reliability.<\/p>\n<p>Download the presentation <strong><a title=\"PuduBot2 - livrator universal, promoter\" href=\"https:\/\/toreco.md\/wp-content\/uploads\/2024\/08\/PuduBot2_RO.pdf\">here<\/a><\/strong><\/p>\n<p><iframe loading=\"lazy\" title=\"PuduBot: Robot de Livrare Universal in Moldova \/\/ toreco.md\" src=\"https:\/\/www.youtube.com\/embed\/x6aJTaxbHF4\" width=\"640\" height=\"360\" frameborder=\"0\" allowfullscreen=\"allowfullscreen\"><\/iframe><\/p>\n<p>One of the main challenges in retail sales is attracting attention to the product. PuduBot 2 brilliantly and modernly solves this task, drawing attention to the product: it can move around the point of sale with your products, demonstrate your advertising video or logo. PuduBot 2 can attract attention with its voice and even engage in situational conversations with buyers.<\/p>\n<p>&nbsp;<\/p>\n<h4 style=\"text-align: left;\">PuduBot2 &#8211; un promotor energic, influent \u0219i inovativ<\/h4>\n<p>It promotes products, displays advertisements, attracts customers at the point of sale, assists in supermarket promotions, or wherever it is seen, draws attention at exhibitions, etc.<\/p>\n<p><img decoding=\"async\" src=\"https:\/\/toreco.md\/wp-content\/uploads\/2024\/08\/PuduBot2_robot_universal_livrare_promouter_publicitate_moldova_toreco_en-13.png\" alt=\"PuduBot2 - robot promotor supermarket, centru comercial, expozitii\" \/><\/p>\n<p>&nbsp;<\/p>\n<h4 style=\"text-align: left;\">Who needs robots in 2024?<\/h4>\n<p><strong>Supermarkets <\/strong><br \/>\nIncrease sales of products from the robot's shelves by 20-80%. Manage sales and inform customers about promotions. You can support your own brands or rent the robot's shelves to manufacturers.<\/p>\n<p><strong>Manufacturers<\/strong><br \/>\nAttract attention to your products! Promotions with the participation of the robot will increase recognition and strengthen the brand image. Contact with an unusual promoter will remain a positive and memorable shopping experience.<\/p>\n<p><strong>Advertising agencies <\/strong><br \/>\nOpen a new communication channel with customers! The robot can broadcast video and audio advertisements while moving around the mall. It is more effective than static screens and cheaper than promoter services.<\/p>\n<p><img decoding=\"async\" src=\"https:\/\/toreco.md\/wp-content\/uploads\/2024\/08\/PuduBot2_robot_universal_livrare_promouter_publicitate_moldova_toreco_en-15.png\" alt=\"avantajele robotului pentru orice domeniu de activitate\" \/><\/p>\n<p>&nbsp;<\/p>\n<h4 style=\"text-align: left;\">PUDU VSLAM+ New Generation of PUDU VSLAM Technology<\/h4>\n<p>&#8211; Tehnologie f\u0103r\u0103 marcaje, reduc\u00e2nd timpul de implementare cu 75%<br \/>\n&#8211; Capabil de operare \u00een medii cu tavane \u00eenalte de p\u00e2n\u0103 la 30m<br \/>\n&#8211; Lidar Dual, percep\u021bie precis\u0103 &#8211; senzorizare 360\u00b0, cu caracteristici de mediu \u00een vizor complet<br \/>\n&#8211; Sistem de \u0218asiu de Top \u00een Industrie &#8211; stabilitate \u0219i performan\u021b\u0103 superioar\u0103, adaptabil la diverse suprafe\u021be, \u00eembun\u0103t\u0103\u021bire cu 30% a stabilit\u0103\u021bii de mi\u0219care<br \/>\n&#8211; Adaptabilitate Superioar\u0103 \u00een Diferite Scenarii &#8211; suport\u0103 maparea \u00een scene extra-mari de p\u00e2n\u0103 la 40,000\u33a1<\/p>\n<p><img decoding=\"async\" src=\"https:\/\/toreco.md\/wp-content\/uploads\/2024\/08\/PuduBot2_robot_universal_livrare_promouter_publicitate_moldova_toreco_en-10.png\" alt=\"PuduBot2 - diverse moduri de livrare, aniversare, croaziera, retunare vase\" \/><\/p>\n<p>&nbsp;<\/p>\n<h4 style=\"text-align: left;\">High-Performance LFP Battery<\/h4>\n<p>&#8211; Func\u021bioneaz\u0103 p\u00e2n\u0103 la 24h cu o \u00eenc\u0103rcare de 3h<br \/>\n&#8211; Durata de via\u021b\u0103 a bateriei de 6 ori mai lung\u0103<br \/>\n&#8211; Siguran\u021b\u0103 \u0219i fiabilitate \u00eembun\u0103t\u0103\u021bite<\/p>\n<p>&nbsp;<\/p>\n<h4 style=\"text-align: left;\">Multi-Industry Connectivity, Full Scenario Coverage<\/h4>\n<p><img decoding=\"async\" src=\"https:\/\/toreco.md\/wp-content\/uploads\/2024\/08\/PuduBot2_robot_universal_livrare_promouter_publicitate_moldova_toreco_en-09.png\" alt=\"PuduBot2 - arii si domenii de activitate, spitale, restaurant, oficii, supermarket\" \/><\/p>\n<p>&nbsp;<\/p>\n<h4 style=\"text-align: left;\">What tasks do PuduRobotics robots perform?<\/h4>\n<p><strong>Attracting attention<\/strong><br \/>\nIntegrating robots guarantees a WOW effect at any event. Guests interact with the robots with pleasure, take photos, and share them with their friends.<\/p>\n<p><strong>Human resources problem<\/strong><br \/>\nOften, during peak periods, additional staff is required. The robot takes on the most difficult and routine tasks, freeing up employees' time for quality service.<\/p>\n<p><strong>Saving resources<\/strong><br \/>\nDelivery, waiter, and promoter robots are designed to automate routine tasks and increase profits. Robots do not need rest and can work 24\/7.<\/p>\n<p><img decoding=\"async\" src=\"https:\/\/toreco.md\/wp-content\/uploads\/2024\/08\/PuduBot2_robot_universal_livrare_promouter_publicitate_moldova_toreco_en.png\" alt=\"PuduBot2 - chirie, inchiriere, arenda robot promotor si livrare Moldova\" \/><\/p>\n<p>&nbsp;<\/p>\n<h4 style=\"text-align: left;\">Technical Data:<\/h4>\n<p>Dimensiunea ma\u0219inii: 58&#215;53.5&#215;129 cm<br \/>\nDimensiunea t\u0103vii: 52&#215;43.2 cm<br \/>\nNumber of trays: Default 3, Maximum 7<br \/>\nMachine weight: 39 kg<br \/>\nMaximum load capacity: 40 kg<br \/>\nBattery life: 12 h (without load)<br \/>\nCharging time: 3h<br \/>\nPath width: 80 cm<br \/>\nCruising speed: 0.5m\/s~1.2m\/s<br \/>\nCharging method: Cable and automatic charging<br \/>\nDevice materials: Technical ABS, engineering plastic \/ aviation-grade aluminum alloy.<\/p>\n<p>Robots manufactured by PuduRobotics operate daily in over 60 countries worldwide, in various business fields.<br \/>\nThe most popular areas for robotization are HoReCa, events, BTL advertising, and retail.<\/p>\n<p><strong>PuduBot2 can be used in:<\/strong> restaurants, hotels, bars, cafes, hospitals, government buildings, office buildings, shopping centers, airports, dental clinics, toy stores, and other types of businesses.<\/p>\n<p><strong><a title=\"PuduBot2 - livrator universal, promoter\" href=\"https:\/\/toreco.md\/wp-content\/uploads\/2024\/08\/PuduBot2_RO.pdf\">Download<\/a><\/strong> the presentation and contact us<\/p>","protected":false},"excerpt":{"rendered":"<blockquote><p><strong>Test PuduBot2 for FREE for 5 days! Request your free trial NOW!<\/strong><br \/>\nAutonomous delivery with no costs! No obligations! No risks! No extra expenses! <em>ONLY top-level productivity!<\/em>\n<\/p><\/blockquote>\n<p>PuduBot 2 \u2013 fast and reliable delivery robot, ideal for HoReCa, offices, hospitals, and more.<\/p>\n<p><strong>Rent<\/strong> from <strong>7,500 MDL\/month<\/strong>or choose <strong>installment-based purchase options.<\/strong><br \/>\nOptimize deliveries. Save time and resources.<\/p>","protected":false},"featured_media":13713,"comment_status":"closed","ping_status":"closed","template":"","meta":[],"product_cat":[337,45,34,42,43,40,46],"product_tag":[318],"class_list":["post-16239","product","type-product","status-publish","has-post-thumbnail","hentry","product_cat-chirie","product_cat-industria-auto","product_cat-hotel","product_cat-industria-de-producere-si-prelucrare","product_cat-medicina","product_cat-restaurant-si-bucatarie","product_cat-sport-si-fitness","product_tag-robot-inteligenta-artificiala","pa_brand-pudu-robotics"],"_links":{"self":[{"href":"https:\/\/toreco.md\/en\/wp-json\/wp\/v2\/product\/16239","targetHints":{"allow":["GET"]}}],"collection":[{"href":"https:\/\/toreco.md\/en\/wp-json\/wp\/v2\/product"}],"about":[{"href":"https:\/\/toreco.md\/en\/wp-json\/wp\/v2\/types\/product"}],"replies":[{"embeddable":true,"href":"https:\/\/toreco.md\/en\/wp-json\/wp\/v2\/comments?post=16239"}],"wp:featuredmedia":[{"embeddable":true,"href":"https:\/\/toreco.md\/en\/wp-json\/wp\/v2\/media\/13713"}],"wp:attachment":[{"href":"https:\/\/toreco.md\/en\/wp-json\/wp\/v2\/media?parent=16239"}],"wp:term":[{"taxonomy":"product_cat","embeddable":true,"href":"https:\/\/toreco.md\/en\/wp-json\/wp\/v2\/product_cat?post=16239"},{"taxonomy":"product_tag","embeddable":true,"href":"https:\/\/toreco.md\/en\/wp-json\/wp\/v2\/product_tag?post=16239"}],"curies":[{"name":"wp","href":"https:\/\/api.w.org\/{rel}","templated":true}]}}