{"id":16196,"date":"2026-01-14T13:25:23","date_gmt":"2026-01-14T11:25:23","guid":{"rendered":"https:\/\/toreco.md\/?post_type=product&#038;p=16196"},"modified":"2026-01-14T13:26:17","modified_gmt":"2026-01-14T11:26:17","slug":"kettybot-pro-robot-inteligent-administrator-ospatar-marketolog-si-promoter-chirie","status":"publish","type":"product","link":"https:\/\/toreco.md\/en\/product\/dupa-tip\/chirie\/kettybot-pro-robot-inteligent-administrator-ospatar-marketolog-si-promoter-chirie\/","title":{"rendered":"KettyBot Pro, intelligent robot, administrator, waiter, marketer, and promoter - Rental"},"content":{"rendered":"<p><strong><span style=\"color: #96c525;\">The future has arrived!<\/span><\/strong><\/p>\n<h4>KettyBot &#8211; Robot inteligent, administrator, ospatar, marketolog si promotor cu Ecran pentru Afi\u0219area Reclamelor<\/h4>\n<p><strong>Multifunctional Assistant with Artificial Intelligence for Customer Loyalty and Visitor Attraction.<\/strong><br \/>\nKettyBot is designed to draw attention to your business. Let it bring you new customers! The robot displays advertisements on a large screen, recognizes interest, and can present current promotions. Thanks to artificial intelligence, KettyBot can greet and accompany visitors, engaging in situational conversations. The robot combines the functions of a hostess, waiter, marketer, and promoter.<\/p>\n<p>Download the presentation <strong><a title=\"KettyBot - robot livrator, marketolog, promoter\" href=\"https:\/\/toreco.md\/wp-content\/uploads\/2024\/08\/KettyBot_RO.pdf\">here<\/a><\/strong><\/p>\n<p><iframe loading=\"lazy\" title=\"KettyBot: Robot de Livrare \u0219i Recep\u021bie cu Ecran Publicitar in Moldova \/\/ toreco.md\" src=\"https:\/\/www.youtube.com\/embed\/TIMn8-NMRjc\" width=\"640\" height=\"360\" frameborder=\"0\" allowfullscreen=\"allowfullscreen\"><\/iframe><\/p>\n<p>One of the main problems in retail sales is attracting attention to the product. KettyBot brilliantly and modernly solves this task, attracting attention to the product: it can greet and accompany visitors, engaging in situational conversations, move with your products, can demonstrate the promotional video or logo, message, daily offer, can navigate certain areas of the establishment, offering free or ordered snacks and drinks, accompanied by information about services and promotions.<\/p>\n<p><img decoding=\"async\" src=\"https:\/\/toreco.md\/wp-content\/uploads\/2024\/08\/KettyBot_robot_universal_livrare_promouter_publicitate_moldova_toreco_en-11.png\" alt=\"KettyBot - functii, caracteristici si avantaje\" \/><\/p>\n<p>&nbsp;<\/p>\n<h4 style=\"text-align: left;\">A New Way to Impress Customers<\/h4>\n<p>Using the AI-based voice communication function, KettyBot activates its screen and greets customers at the right moment, interacting with them. This cute and efficient KettyBot will surely attract more attention than traditional advertising methods!<\/p>\n<p><video autoplay=\"autoplay\" loop=\"loop\" muted=\"\" width=\"100%\" height=\"100%\"><source src=\"https:\/\/cdn.pudutech.com\/website\/video\/kettybot\/attract_en.mp4\" \/><\/video><\/p>\n<p>&nbsp;<\/p>\n<h4 style=\"text-align: left;\">Who needs robots in 2024?<\/h4>\n<p><strong>Supermarkets <\/strong><br \/>\nIncrease sales of products from the robot's shelves by 20-80%. Manage sales and inform customers about promotions. You can support your own brands or rent the robot's shelves to manufacturers.<\/p>\n<p><strong>Manufacturers<\/strong><br \/>\nAttract attention to your products! Promotions with the participation of the robot will increase recognition and strengthen the brand image. Contact with an unusual promoter will remain a positive and memorable shopping experience.<\/p>\n<p><strong>Advertising agencies <\/strong><br \/>\nOpen a new communication channel with customers! The robot can broadcast video and audio advertisements while moving around the mall. It is more effective than static screens and cheaper than promoter services.<\/p>\n<p>&nbsp;<\/p>\n<h4 style=\"text-align: left;\">Your Business's Personal Assistant<\/h4>\n<p>The robot, equipped with autonomous route planning function, can guide customers to their tables via the shortest route, improving service quality and reducing the burden on waiters.<\/p>\n<p><strong>Order Delivery for Multiple Tables<\/strong><br \/>\nThe robot can serve multiple tables in one round, with precise positioning and optimal route planning. <strong>Better results, lower costs!<\/strong><\/p>\n<p><strong>Cruise Mode<\/strong><br \/>\nKettyBot can navigate certain areas of the establishment, offering free snacks and drinks, accompanied by information about services and promotions.<\/p>\n<p><strong>Automatic Navigation and Obstacle Detection System<\/strong><br \/>\nDual laser and visual navigation technology helps more accurately detect obstacles, increasing the robot's safety.<\/p>\n<p><img decoding=\"async\" src=\"https:\/\/toreco.md\/wp-content\/uploads\/2024\/08\/KettyBot_robot_universal_livrare_promouter_publicitate_moldova_toreco-03.png\" alt=\"KeetyBot - Sistem de Navigatie Automata si Detectare a Obstaclelor\" \/><\/p>\n<p>&nbsp;<\/p>\n<h4 style=\"text-align: left;\">PUDU SCHEDULER<\/h4>\n<p>KettyBot, managed by the PUDU Scheduler system, can interact with multiple robots, directly communicating with any of them in the same network.<\/p>\n<p><video autoplay=\"autoplay\" loop=\"loop\" muted=\"\" width=\"100%\" height=\"100%\"><source src=\"https:\/\/cdn.pudutech.com\/website\/video\/kettybot\/pc_cooperation_en.mp4 \" \/><\/video><\/p>\n<p><img decoding=\"async\" src=\"https:\/\/toreco.md\/wp-content\/uploads\/2024\/08\/KettyBot_robot_universal_livrare_promouter_publicitate_moldova_toreco_en-10.png\" alt=\"KettyBot - reincarcare autonoma si automata, decetarea inteligenta a tavilor\" \/><\/p>\n<p>&nbsp;<\/p>\n<h4 style=\"text-align: left;\">Compact Design for Enhanced Agility<\/h4>\n<p>KettyBot Pro continues Pudu Robotics' minimalist design concept. Compact dimensions and the C-shaped forward-inclined body allow the robot to pass through aisles as narrow as 52 cm, making it ideal for complex and crowded environments.<\/p>\n<p><img decoding=\"async\" src=\"https:\/\/toreco.md\/wp-content\/uploads\/2024\/08\/KettyBot_robot_universal_livrare_promouter_publicitate_moldova_toreco-05.png\" alt=\"KettyBot - design compact si agilitate sporita\" \/><\/p>\n<p><strong>Ready for Non-Stop Work<\/strong><br \/>\nThe robot does not need lunch breaks, does not run out for a smoke, and does not get distracted by the phone. The high-capacity battery ensures continuous operation for 8 hours. KettyBot charges automatically and returns to work.<\/p>\n<p><strong>WOW Effect<\/strong><br \/>\nService robots are a novelty in the Republic Of Moldova, guaranteed to attract guests' attention and set you apart from competitors.<\/p>\n<p><strong>Completely Safe<\/strong><br \/>\nThe robot is equipped with multiple lidars and sensors that allow route planning, considering moving furniture and guests who suddenly appear in the way.<\/p>\n<p><strong>Branding\/Customization Capability<\/strong><br \/>\nRobotul poate fi personalizat cu logo-ul dvs. sau cu &#8220;\u00eembr\u0103c\u0103minte&#8221; adecvat\u0103, amplific\u00e2nd efectul publicitar.<\/p>\n<p>&nbsp;<\/p>\n<h4 style=\"text-align: left;\">What tasks do PuduRobotics robots perform?<\/h4>\n<p><strong>Attracting attention<\/strong><br \/>\nIntegrating robots guarantees a WOW effect at any event. Guests interact with the robots with pleasure, take photos, and share them with their friends.<\/p>\n<p><strong>Human resources problem<\/strong><br \/>\nOften, during peak periods, additional staff is required. The robot takes on the most difficult and routine tasks, freeing up employees' time for quality service.<\/p>\n<p><strong>Saving resources<\/strong><br \/>\nDelivery, waiter, and promoter robots are designed to automate routine tasks and increase profits. Robots do not need rest and can work 24\/7.<\/p>\n<p>&nbsp;<\/p>\n<p><img decoding=\"async\" src=\"https:\/\/toreco.md\/wp-content\/uploads\/2025\/06\/KettyBot_PRO_robot_universal_livrare_promouter_publicitate_moldova_toreco-en-13-scaled.png\" alt=\"robot de livrare KettyBot Pro, robot osp\u0103tar, robot cu afi\u0219aj publicitar, robot promotor intelligent,  robot HoReCa, robot pentru restaurant, robot pentru hoteluri, robot recep\u021bie clien\u021bi, robot de servire mese, KettyBot Pro pre\u021b,  robot \u00eenchiriere, toreco, moldova\" \/><\/p>\n<h4><\/h4>\n<h4 style=\"text-align: left;\">Technical Data:<\/h4>\n<p>Displaying advertisements on an 18.5-inch screen<br \/>\nOperating time: 9 hours (unloaded operation)<br \/>\nCharging time: 3.5 hours<br \/>\nGreeting and accompanying customers<br \/>\nVoice interaction with customers<br \/>\nFood delivery and dish return to the kitchen<br \/>\n5 delivery modes<br \/>\nLoad capacity: 30 kg (10 kg\/layer)<br \/>\nWeight: 38 kg<br \/>\nAutonomous charging<br \/>\nEasy maneuverability in 55 cm spaces<br \/>\nRemovable back cover<br \/>\n2 RGBD cameras for strong 3D perception<br \/>\nCruising speed: max 1.2 m\/s<br \/>\nDimensiune tav\u0103: 35.20&#215;34.01 cm<br \/>\nTray height: 24.79 cm \/ 25.30 cm \/ 22.30 cm<br \/>\nDimensions: 43.5x45x112 cm<\/p>\n<p>Robots manufactured by PuduRobotics operate daily in over 60 countries worldwide, in various business fields.<br \/>\nThe most popular areas for robotization are HoReCa, events, BTL advertising, and retail.<\/p>\n<p><strong>KettyBot can be used in:<\/strong> restaurants, hotels, bars, cafes, hospitals, government buildings, office buildings, shopping centers, airports, dental clinics, toy stores, and other types of businesses.<\/p>\n<p><strong><a title=\"KettyBot - robot livrator, marketolog, promoter\" href=\"https:\/\/toreco.md\/wp-content\/uploads\/2024\/08\/KettyBot_RO.pdf\">Download<\/a><\/strong> the presentation and contact us<\/p>","protected":false},"excerpt":{"rendered":"<blockquote><p><strong>Test KettyBot for FREE for 5 days! Request your free trial NOW!<\/strong><br \/>\nPromote efficiently \u2013 No costs! No commitments! No risks! No expenses! <em>Only impact and interaction!<\/em>\n<\/p><\/blockquote>\n<p>KettyBot \u2013 an autonomous robot with a digital screen and delivery functions, ideal for showrooms, receptions, commercial spaces, events, and more.<br \/>\n<strong>Rent<\/strong> from <strong>8400 MDL\/month<\/strong>or choose <strong>installment-based purchase options.<\/strong><br \/>\nGrab attention. Boost sales.<\/p>","protected":false},"featured_media":15698,"comment_status":"closed","ping_status":"closed","template":"","meta":[],"product_cat":[337,45,34,42,43,40,46],"product_tag":[318],"class_list":["post-16196","product","type-product","status-publish","has-post-thumbnail","hentry","product_cat-chirie","product_cat-industria-auto","product_cat-hotel","product_cat-industria-de-producere-si-prelucrare","product_cat-medicina","product_cat-restaurant-si-bucatarie","product_cat-sport-si-fitness","product_tag-robot-inteligenta-artificiala","pa_brand-pudu-robotics"],"_links":{"self":[{"href":"https:\/\/toreco.md\/en\/wp-json\/wp\/v2\/product\/16196","targetHints":{"allow":["GET"]}}],"collection":[{"href":"https:\/\/toreco.md\/en\/wp-json\/wp\/v2\/product"}],"about":[{"href":"https:\/\/toreco.md\/en\/wp-json\/wp\/v2\/types\/product"}],"replies":[{"embeddable":true,"href":"https:\/\/toreco.md\/en\/wp-json\/wp\/v2\/comments?post=16196"}],"wp:featuredmedia":[{"embeddable":true,"href":"https:\/\/toreco.md\/en\/wp-json\/wp\/v2\/media\/15698"}],"wp:attachment":[{"href":"https:\/\/toreco.md\/en\/wp-json\/wp\/v2\/media?parent=16196"}],"wp:term":[{"taxonomy":"product_cat","embeddable":true,"href":"https:\/\/toreco.md\/en\/wp-json\/wp\/v2\/product_cat?post=16196"},{"taxonomy":"product_tag","embeddable":true,"href":"https:\/\/toreco.md\/en\/wp-json\/wp\/v2\/product_tag?post=16196"}],"curies":[{"name":"wp","href":"https:\/\/api.w.org\/{rel}","templated":true}]}}