{"id":16193,"date":"2026-01-13T15:24:13","date_gmt":"2026-01-13T13:24:13","guid":{"rendered":"https:\/\/toreco.md\/?post_type=product&#038;p=16193"},"modified":"2026-01-13T15:33:24","modified_gmt":"2026-01-13T13:33:24","slug":"bellabot-robot-premium-de-livrare-cu-interactiune-multimodala-chirie","status":"publish","type":"product","link":"https:\/\/toreco.md\/en\/product\/dupa-tip\/chirie\/bellabot-robot-premium-de-livrare-cu-interactiune-multimodala-chirie\/","title":{"rendered":"BellaBot, a premium delivery robot with multimodal interaction - Rental"},"content":{"rendered":"<p><strong><span style=\"color: #96c525;\">The future has arrived!<\/span><\/strong><\/p>\n<h4>BellaBot &#8211; Robot chelner de nou\u0103 genera\u021bie<\/h4>\n<p>Works 24\/7. Replaces up to 5 employees. Always friendly and <strong>creates a wow sensation!<\/strong><\/p>\n<p>BellaBot is equipped with advanced human-robot interaction capabilities. With an innovative bionic design, attractive appearance, multimodal interaction, and many new functions, BellaBot offers users an unprecedented food delivery experience.<\/p>\n<p>Download the presentation <strong><a title=\"BellaBot - prezentare\" href=\"https:\/\/toreco.md\/wp-content\/uploads\/2024\/08\/BellaBot_RO.pdf\">here<\/a><\/strong><\/p>\n<p><iframe loading=\"lazy\" title=\"BellaBot: Robot de Livrare in Moldova \/ toreco.md\" src=\"https:\/\/www.youtube.com\/embed\/wepYxmOFqpU\" width=\"640\" height=\"360\" frameborder=\"0\" allowfullscreen=\"allowfullscreen\"><\/iframe><\/p>\n<p>&nbsp;<\/p>\n<h4 style=\"text-align: left;\">Exclusive Dual SLAM Industry Solution for All Scenarios<\/h4>\n<p>BellaBot utilizes both lidar and visual SLAM technology for positioning and navigation, thus adapting to a wider range of scenarios. Both solutions are precise and user-friendly, providing an excellent experience focused on the needs of end users.<\/p>\n<p>&nbsp;<\/p>\n<h4 style=\"text-align: left;\">Omnidirectional 3D Obstacle Avoidance<\/h4>\n<p>For enhanced safety, BellaBot is equipped with 3D sensors and a new modular chassis. It can stop when encountering obstacles from any angle and then move away. With three RGBD cameras and lidar, BellaBot easily avoids low and overhead obstacles.<\/p>\n<p><img decoding=\"async\" src=\"https:\/\/toreco.md\/wp-content\/uploads\/2024\/08\/bellabot_robot_pudu_chelner_ospatar_livrare_moldova_toreco_en-13.png\" alt=\"BellaBot - navigare cu sensori 3D\" \/><\/p>\n<p>&nbsp;<\/p>\n<h4 style=\"text-align: left;\">Multimodal Interaction<\/h4>\n<p><strong>Light<\/strong> &#8211; St\u0103rile diferite activeaz\u0103 interac\u021biuni diferite ale luminii, f\u0103c\u00e2nd astfel indicarea st\u0103rii mai clar\u0103.<br \/>\n<strong>Haptic Feedback on Touch<\/strong> &#8211; Noul sistem de feedback haptic face ca r\u0103spunsul BellaBot s\u0103 fie mai complet, oferind o experien\u021b\u0103 uman-robot f\u0103r\u0103 precedent.<br \/>\n<strong>Smart Expressions<\/strong> &#8211; Zeci de expresii originale \u0219i exclusive \u00eembog\u0103\u021besc expresiile faciale ale BellaBot, f\u0103c\u00e2ndu-l s\u0103 semene mai mult cu un pisic\u0103.<\/p>\n<p><img decoding=\"async\" src=\"https:\/\/toreco.md\/wp-content\/uploads\/2024\/08\/bellabot_robot_pudu_chelner_ospatar_livrare_moldova_toreco_ru-15.png\" alt=\"BellaBot-Expresii inteligente\" \/><\/p>\n<p>&nbsp;<\/p>\n<h4 style=\"text-align: left;\">Constant Delivery Supported by Independent Self-leveling Suspension<\/h4>\n<p>The independent self-leveling suspension system with high-efficiency bump mitigation dampens according to road conditions and driving requirements, maintaining resonance frequency at an optimal level.<\/p>\n<p><img decoding=\"async\" src=\"https:\/\/toreco.md\/wp-content\/uploads\/2024\/08\/bellabot_robot_pudu_chelner_ospatar_livrare_moldova_toreco_en-11.png\" alt=\"BellaBot - robot chelner\" \/><\/p>\n<p>&nbsp;<\/p>\n<h4 style=\"text-align: left;\">What can BellaBot do?<\/h4>\n<p><strong>Multi-point delivery mode:<\/strong> Delivery from one point to another. Cruise mode delivery.<br \/>\n<strong>Call function:<\/strong> Calling the robot to collect dishes using the company's developed app.<br \/>\n<strong>Contactless delivery:<\/strong> Eliminates the potential possibility of coronavirus infection.<br \/>\n<strong>High-efficiency delivery:<\/strong> Up to 400 deliveries per day. Frees up staff from repetitive tasks.<\/p>\n<p>&nbsp;<\/p>\n<h4 style=\"text-align: left;\">What are the advantages of BellaBot?<\/h4>\n<p><strong>Fast service<\/strong> &#8211; \u00een restaurante BellaBot, poate livra zilnic aproximativ 400 de comenzi, eliber\u00e2nd astfel chelnerii de sarcinile repetitive \u0219i laborioase de livrare a preparatelor, permi\u021b\u00e2ndu-le s\u0103 se concentreze mai mult pe servirea clien\u021bilor.<br \/>\n<strong>More orders<\/strong> &#8211; BellaBot este echipat\u0103 cu t\u0103vi mari, care permit o capacitate de \u00eenc\u0103rcare de dou\u0103 ori mai mare comparativ cu livrarea manual\u0103. Astfel, \u00eentr-o singur\u0103 curs\u0103, robotul livrator poate procesa de dou\u0103 ori mai multe comenzi!<br \/>\n<strong>Coordination system<\/strong> &#8211; BellaBot dispune de un mod de livrare cu mai multe robo\u021bi, care suport\u0103 p\u00e2n\u0103 la 20 de robo\u021bi PUDU ce pot opera simultan. Robotul poate gestiona cu u\u0219urin\u021b\u0103 orice scenariu, de la spa\u021bii mici de c\u00e2teva sute de metri p\u0103tra\u021bi p\u00e2n\u0103 la suprafe\u021be de peste 10.000 de metri p\u0103tra\u021bi.<\/p>\n<p><img decoding=\"async\" src=\"https:\/\/toreco.md\/wp-content\/uploads\/2024\/08\/bellabot_robot_pudu_chelner_ospatar_livrare_moldova_toreco_ru-12.png\" alt=\"BellaBot - caractersticile robotului\" \/><\/p>\n<p>&nbsp;<\/p>\n<h4 style=\"text-align: left;\">Technical Data:<\/h4>\n<p>BellaBot dimensions: 56.5 x 53.7 x 129 cm<br \/>\nRobot weight: 55 kg<br \/>\nRobot material: ABS\/aerospace-grade aluminum<br \/>\nCharging time: 4.5 hours<br \/>\nBattery life: 13 hours (unloaded)<br \/>\nSafety: Speed: 0.5-1.2 m\/s (adjustable) | Climbing angle: \u2264 5\u00b0<br \/>\nLoad capacity: Max 40 kg, 10 kg\/tray<\/p>\n<p>Positioning method:<br \/>\nMarker positioning: Supports a maximum height of 8 meters (optional high-level code)<br \/>\nLaser positioning: No code and no height restrictions<\/p>\n<p>Tray dimensions: 41.00 x 50.01 cm<br \/>\nTray height: 23.01 cm \/ 19.99 cm \/ 19.99 cm \/ 18.01 cm<\/p>\n<p>&nbsp;<\/p>\n<p><img decoding=\"async\" src=\"https:\/\/toreco.md\/wp-content\/uploads\/2024\/08\/bellabot_robot_pudu_chelner_ospatar_livrare_moldova_toreco_en.png\" alt=\"BellaBot - inchiriere robot expo, promo, PR, Moldova\" \/><\/p>\n<p>&nbsp;<\/p>\n<p>BellaBot is a next-generation high-tech assistant that helps you solve business challenges! Robots manufactured by PuduRobotics operate daily in over 60 countries worldwide, across various business sectors.<br \/>\nThe most popular areas for robotization are HoReCa, events, BTL advertising, and retail.<\/p>\n<p><img decoding=\"async\" src=\"https:\/\/toreco.md\/wp-content\/uploads\/2024\/08\/bellabot_robot_pudu_chelner_ospatar_livrare_moldova_toreco_ru-14.png\" alt=\"BellaBot - arii si domenii de aplicare\" \/><\/p>\n<p><strong>BellaBot can be used in:<\/strong> restaurants, hotels, bars, cafes, hospitals, government buildings, office buildings, shopping centers, airports, dental clinics, toy stores, and other types of businesses.<\/p>\n<p><strong><a title=\"BellaBot - prezentare\" href=\"https:\/\/toreco.md\/wp-content\/uploads\/2024\/08\/BellaBot_RO.pdf\">Download<\/a><\/strong> the presentation and contact us<\/p>","protected":false},"excerpt":{"rendered":"<blockquote><p><strong>Test BellaBot for FREE for 5 days! Request your free trial NOW!<\/strong><br \/>\nFlawless service \u2013 no costs, no obligations, no risks! <em>Just efficiency and a memorable experience!<\/em><\/p><\/blockquote>\n<p>BellaBot \u2013 autonomous waiter robot, perfect for restaurants, caf\u00e9s, events, and more.<\/p>\n<p><strong>Rent<\/strong> from <strong>9,000 MDL\/month<\/strong>or choose <strong>installment-based purchase options.<\/strong><br \/>\nImpress your guests. Lighten your team\u2019s workload.<\/p>","protected":false},"featured_media":13677,"comment_status":"closed","ping_status":"closed","template":"","meta":[],"product_cat":[337,45,34,42,43,40,46],"product_tag":[318],"class_list":["post-16193","product","type-product","status-publish","has-post-thumbnail","hentry","product_cat-chirie","product_cat-industria-auto","product_cat-hotel","product_cat-industria-de-producere-si-prelucrare","product_cat-medicina","product_cat-restaurant-si-bucatarie","product_cat-sport-si-fitness","product_tag-robot-inteligenta-artificiala","pa_brand-pudu-robotics"],"_links":{"self":[{"href":"https:\/\/toreco.md\/en\/wp-json\/wp\/v2\/product\/16193","targetHints":{"allow":["GET"]}}],"collection":[{"href":"https:\/\/toreco.md\/en\/wp-json\/wp\/v2\/product"}],"about":[{"href":"https:\/\/toreco.md\/en\/wp-json\/wp\/v2\/types\/product"}],"replies":[{"embeddable":true,"href":"https:\/\/toreco.md\/en\/wp-json\/wp\/v2\/comments?post=16193"}],"wp:featuredmedia":[{"embeddable":true,"href":"https:\/\/toreco.md\/en\/wp-json\/wp\/v2\/media\/13677"}],"wp:attachment":[{"href":"https:\/\/toreco.md\/en\/wp-json\/wp\/v2\/media?parent=16193"}],"wp:term":[{"taxonomy":"product_cat","embeddable":true,"href":"https:\/\/toreco.md\/en\/wp-json\/wp\/v2\/product_cat?post=16193"},{"taxonomy":"product_tag","embeddable":true,"href":"https:\/\/toreco.md\/en\/wp-json\/wp\/v2\/product_tag?post=16193"}],"curies":[{"name":"wp","href":"https:\/\/api.w.org\/{rel}","templated":true}]}}