{"id":15664,"date":"2025-06-09T10:13:39","date_gmt":"2025-06-09T07:13:39","guid":{"rendered":"https:\/\/toreco.md\/?post_type=product&#038;p=15664"},"modified":"2025-06-09T12:29:12","modified_gmt":"2025-06-09T09:29:12","slug":"lavete-material-netesut-w8-30x38-5-cm-rosie-premium-tork","status":"publish","type":"product","link":"https:\/\/toreco.md\/en\/product\/dupa-tip\/consumabile-igiena\/lavete-si-bureti\/lavete-material-netesut-w8-30x38-5-cm-rosie-premium-tork\/","title":{"rendered":"Tork Cleaning Cloth, W8, Red, Premium, Tork"},"content":{"rendered":"<p>Tork Long-Lasting Cleaning Cloth Red W8<br \/>\nA durable and absorbent cleaning cloth that can be used repeatedly without tearing. It is available in four colours to help prevent cross-contamination.<br \/>\n&#8211; Satisface nevoile de cur\u0103\u021bare datorit\u0103 compatibilit\u0103\u021bii cu majoritatea solven\u021bilor, dezinfectan\u021bilor \u0219i detergen\u021bilor<br \/>\n&#8211; Multifunc\u021bional\u0103 \u2013 ideal\u0103 pentru sarcini generale de \u0219tergere care necesit\u0103 rezisten\u021b\u0103 \u0219i absorb\u021bie<br \/>\n&#8211; Puternic\u0103 \u0219i durabil\u0103, nu se rupe u\u0219or \u0219i poate fi reutilizat\u0103<\/p>\n<p><strong>Key benefits<\/strong><\/p>\n<p><em>Hygienic<\/em><br \/>\nCloths are dispensed through a hygienic dispenser meaning users will only touch the paper they use.<br \/>\n&#8211; Dozarea individual\u0103 \u00eembun\u0103t\u0103\u021be\u0219te igiena, deoarece utilizatorul atinge doar propria lavet\u0103<br \/>\n&#8211; Reduce timpul de cur\u0103\u021bare cu p\u00e2n\u0103 la 32% comparativ cu c\u00e2rpele<br \/>\n&#8211; Rezervele sunt verificate de ter\u021bi pentru contact alimentar pe termen scurt<br \/>\n&#8211; Ambalaj ergonomic Tork Easy Handling \u2013 u\u0219or de transportat, deschis \u0219i eliminat<\/p>\n<p><em>\u0423\u043d\u0438\u0432\u0435\u0440\u0441\u0430\u043b\u044c\u043d\u0430\u044f<\/em><br \/>\nPerfect for wiping down surfaces and cleaning hands,<\/p>\n<p><em>Materials<\/em><br \/>\n&#8211; Lavete certificate FSC \u2013 fibrele din lemn sunt ob\u021binute din surse responsabile<br \/>\n&#8211; Laveta robust\u0103 este realizat\u0103 din 99% fibre regenerabile, certificare TUV Austria OK Biobased<br \/>\n&#8211; Ambalajul interior este fabricat din cel pu\u021bin 30% plastic reciclat post-consum<br \/>\n&#8211; Ambalajul exterior este din carton 100% reciclat<\/p>\n<p><em>Use and waste<\/em><br \/>\n&#8211; Lavetele pot fi reutilizate, ceea ce reduce consumul<br \/>\n&#8211; Consum optimizat \u0219i risip\u0103 minim\u0103 prin func\u021bia de dozare individual\u0103<br \/>\n&#8211; Reduce consumul de solven\u021bi cu p\u00e2n\u0103 la 40%<br \/>\n&#8211; Cu 20% mai pu\u021bine de\u0219euri de ambalaj<\/p>\n<p><em>Sustainability<\/em><br \/>\nFocus4 sustainability product benefits -  Tork is committed to developing innovative, sustainable hygiene solutions that are better for business, people and the planet.<br \/>\n<strong><br \/>\nSpecifications:<\/strong><br \/>\nSystem - W8, Wipers small pack<br \/>\nQuality \u2013 Premium<br \/>\nUnfolded length  - 38.50 cm<br \/>\nUnfolded width - 30 cm<br \/>\nPly - 1<br \/>\nPrint - No<br \/>\nEmbossing - No<br \/>\nNum\u0103r lavete \u00een pachet &#8211; 40<br \/>\nColor \u2013 Red<\/p>","protected":false},"excerpt":{"rendered":"<p>Tork Long-Lasting Cleaning Cloth Red W8<br \/>\nA durable and absorbent cleaning cloth that can be used repeatedly without tearing. It is available in four colours to help prevent cross-contamination.<\/p>","protected":false},"featured_media":15665,"comment_status":"closed","ping_status":"closed","template":"","meta":[],"product_cat":[96,45,34,42,44,43,40,41,46,95,47],"product_tag":[184],"class_list":["post-15664","product","type-product","status-publish","has-post-thumbnail","hentry","product_cat-lavete-si-bureti","product_cat-industria-auto","product_cat-hotel","product_cat-industria-de-producere-si-prelucrare","product_cat-institutii-de-invatamint","product_cat-medicina","product_cat-restaurant-si-bucatarie","product_cat-servicii-de-curatenie","product_cat-sport-si-fitness","product_cat-consumabile-igiena","product_cat-prosoape-hartie","product_tag-laveta","pa_brand-tork"],"_links":{"self":[{"href":"https:\/\/toreco.md\/en\/wp-json\/wp\/v2\/product\/15664","targetHints":{"allow":["GET"]}}],"collection":[{"href":"https:\/\/toreco.md\/en\/wp-json\/wp\/v2\/product"}],"about":[{"href":"https:\/\/toreco.md\/en\/wp-json\/wp\/v2\/types\/product"}],"replies":[{"embeddable":true,"href":"https:\/\/toreco.md\/en\/wp-json\/wp\/v2\/comments?post=15664"}],"wp:featuredmedia":[{"embeddable":true,"href":"https:\/\/toreco.md\/en\/wp-json\/wp\/v2\/media\/15665"}],"wp:attachment":[{"href":"https:\/\/toreco.md\/en\/wp-json\/wp\/v2\/media?parent=15664"}],"wp:term":[{"taxonomy":"product_cat","embeddable":true,"href":"https:\/\/toreco.md\/en\/wp-json\/wp\/v2\/product_cat?post=15664"},{"taxonomy":"product_tag","embeddable":true,"href":"https:\/\/toreco.md\/en\/wp-json\/wp\/v2\/product_tag?post=15664"}],"curies":[{"name":"wp","href":"https:\/\/api.w.org\/{rel}","templated":true}]}}