{"id":15655,"date":"2025-06-05T14:33:20","date_gmt":"2025-06-05T11:33:20","guid":{"rendered":"https:\/\/toreco.md\/?post_type=product&#038;p=15655"},"modified":"2025-06-05T14:52:08","modified_gmt":"2025-06-05T11:52:08","slug":"servetele-pentru-maini-zz-multifold-h2-2str-23x21-albe-universal-tork","status":"publish","type":"product","link":"https:\/\/toreco.md\/en\/product\/dupa-tip\/prosoape-servetele-hartie\/prosoape-hartie\/servetele-pentru-maini-zz-multifold-h2-2str-23x21-albe-universal-tork\/","title":{"rendered":"Tork Xpress Multifold H2 Hand Towels, 2-Ply, 23x21, White, Universal, Tork"},"content":{"rendered":"<p>Ensure essential hygiene and comfort with Tork Xpress Multifold Universal hand towels \u2013 an efficient and economical solution for hand drying. With an excellent price-performance ratio, these towels are ideal for medium-traffic areas and are designed for use with the Tork Xpress Multifold H2 dispenser, perfect for washrooms with limited space.<\/p>\n<p>Suitable for basic needs without compromising on quality<br \/>\nOne-at-a-time dispensing \u2013 reduces consumption and improves hygiene<br \/>\nCompact design, ideal for small spaces<br \/>\n2-ply, white color, highly absorbent<br \/>\nA practical choice for businesses seeking a reliable and cost-effective daily hygiene solution.<\/p>\n<p><strong>Main features:<\/strong><br \/>\nSistem &#8211; H2 &#8211; Sistem prosoape pentru m\u00e2ini \u00eemp\u0103turire multipl\u0103<br \/>\nCalitate &#8211; Universal<br \/>\nLungime nepliat &#8211; 23.4 cm<br \/>\nL\u0103\u021bime nepliat &#8211; 21.3 cm<br \/>\nLungime pliat &#8211; 7.8 cm<br \/>\nStrat &#8211; 2<br \/>\nImprimare &#8211; Nu<br \/>\nImprimare \u00een relief &#8211; Da<br \/>\nCuloare &#8211; Alb<br \/>\nTip pliere &#8211; Multifold Z<\/p>\n<p><strong>Certifications:<\/strong>:<br \/>\nFSC &#8211; Forest Stewardship Council, C003255<br \/>\nEcolabel &#8211; SE\/030\/002<\/p>","protected":false},"excerpt":{"rendered":"<p>Tork Xpress Multifold H2 Hand Towels, 2-Ply, White \u2013 Universal Quality<br \/>\nEnsure essential hygiene and comfort with Tork Xpress Multifold Universal hand towels \u2013 an efficient and economical solution for hand drying. With an excellent price-performance ratio, these towels are ideal for medium-traffic areas and are designed for use with the Tork Xpress Multifold H2 dispenser, perfect for washrooms with limited space.<\/p>","protected":false},"featured_media":15656,"comment_status":"closed","ping_status":"closed","template":"","meta":[],"product_cat":[47,34,42,44,43,40,41,46,18],"product_tag":[159],"class_list":["post-15655","product","type-product","status-publish","has-post-thumbnail","hentry","product_cat-prosoape-hartie","product_cat-hotel","product_cat-industria-de-producere-si-prelucrare","product_cat-institutii-de-invatamint","product_cat-medicina","product_cat-restaurant-si-bucatarie","product_cat-servicii-de-curatenie","product_cat-sport-si-fitness","product_cat-prosoape-servetele-hartie","product_tag-prosoape-de-hartie","pa_brand-tork"],"_links":{"self":[{"href":"https:\/\/toreco.md\/en\/wp-json\/wp\/v2\/product\/15655","targetHints":{"allow":["GET"]}}],"collection":[{"href":"https:\/\/toreco.md\/en\/wp-json\/wp\/v2\/product"}],"about":[{"href":"https:\/\/toreco.md\/en\/wp-json\/wp\/v2\/types\/product"}],"replies":[{"embeddable":true,"href":"https:\/\/toreco.md\/en\/wp-json\/wp\/v2\/comments?post=15655"}],"wp:featuredmedia":[{"embeddable":true,"href":"https:\/\/toreco.md\/en\/wp-json\/wp\/v2\/media\/15656"}],"wp:attachment":[{"href":"https:\/\/toreco.md\/en\/wp-json\/wp\/v2\/media?parent=15655"}],"wp:term":[{"taxonomy":"product_cat","embeddable":true,"href":"https:\/\/toreco.md\/en\/wp-json\/wp\/v2\/product_cat?post=15655"},{"taxonomy":"product_tag","embeddable":true,"href":"https:\/\/toreco.md\/en\/wp-json\/wp\/v2\/product_tag?post=15655"}],"curies":[{"name":"wp","href":"https:\/\/api.w.org\/{rel}","templated":true}]}}