{"id":14190,"date":"2025-03-11T08:57:58","date_gmt":"2025-03-11T06:57:58","guid":{"rendered":"https:\/\/toreco.md\/?post_type=product&#038;p=14190"},"modified":"2025-03-11T09:03:59","modified_gmt":"2025-03-11T07:03:59","slug":"solutie-gel-dezinfectant-de-curatare-colac-wc-s5-mini-tork","status":"publish","type":"product","link":"https:\/\/toreco.md\/en\/product\/dupa-tip\/sapun-si-odorizanti\/dezinfectanti-sapun-antibacterian\/solutie-gel-dezinfectant-de-curatare-colac-wc-s5-mini-tork\/","title":{"rendered":"Tork Toilet Seat Cleaner Mini, S5"},"content":{"rendered":"<p><iframe loading=\"lazy\" width=\"640\" height=\"360\" src=\"https:\/\/www.youtube.com\/embed\/MGXLu-NyBg4\" title=\"[TORECO]: Sapun lichid si spuma Tork - reduce costurile deoarece 1L (Tork) = 5L (sapun obisnuit)\" frameborder=\"0\" allow=\"accelerometer; autoplay; clipboard-write; encrypted-media; gyroscope; picture-in-picture; web-share\" allowfullscreen><\/iframe><\/p>\n<p>The Tork Toilet Seat Cleaner provides extra hygiene assurance for visitors. A single dose applied to toilet paper ensures a cleaner toilet seat. Designed for use with Tork Mini Liquid Soap and Sanitizer Dispensers, offering proven ease of use.<\/p>\n<p>Quick refill, in less than 10 seconds<br \/>\nReumplere igienic\u0103 &#8211; Sticla cu protec\u021bie din fabric\u0103, av\u00e2nd o pomp\u0103 nou\u0103 pentru fiecare reumplere ajut\u0103 la reducerea riscului de contaminare<br \/>\nReduces waste: The collapsible bottle design decreases waste volume by 70%.<\/p>\n<p>Specifications:<br \/>\nSistem: S5 &#8211; Mini Soap &#038; Sanitizer Dispenser<br \/>\nQuality \u2013 Premium<br \/>\nColor \u2013 Transparent<br \/>\nParfum &#8211; Miros de alcool<br \/>\nAspect &#8211; Gel<br \/>\n\u00cen\u0103l\u021bime &#8211; 184 mm<br \/>\nLungime &#8211; 92 mm<br \/>\nL\u0103\u021bime &#8211; 94 mm<br \/>\nVolum &#8211; 500 ml<\/p>","protected":false},"excerpt":{"rendered":"<p>The Tork Toilet Seat Cleaner provides extra hygiene assurance for visitors. A single dose applied to toilet paper ensures a cleaner toilet seat. Designed for use with Tork Mini Liquid Soap and Sanitizer Dispensers, offering proven ease of use.<\/p>","protected":false},"featured_media":14191,"comment_status":"closed","ping_status":"closed","template":"","meta":[],"product_cat":[85,45,34,42,44,43,40,41,46,83],"product_tag":[158],"class_list":["post-14190","product","type-product","status-publish","has-post-thumbnail","hentry","product_cat-dezinfectanti-sapun-antibacterian","product_cat-industria-auto","product_cat-hotel","product_cat-industria-de-producere-si-prelucrare","product_cat-institutii-de-invatamint","product_cat-medicina","product_cat-restaurant-si-bucatarie","product_cat-servicii-de-curatenie","product_cat-sport-si-fitness","product_cat-sapun-si-odorizanti","product_tag-igienizant","pa_brand-tork"],"_links":{"self":[{"href":"https:\/\/toreco.md\/en\/wp-json\/wp\/v2\/product\/14190","targetHints":{"allow":["GET"]}}],"collection":[{"href":"https:\/\/toreco.md\/en\/wp-json\/wp\/v2\/product"}],"about":[{"href":"https:\/\/toreco.md\/en\/wp-json\/wp\/v2\/types\/product"}],"replies":[{"embeddable":true,"href":"https:\/\/toreco.md\/en\/wp-json\/wp\/v2\/comments?post=14190"}],"wp:featuredmedia":[{"embeddable":true,"href":"https:\/\/toreco.md\/en\/wp-json\/wp\/v2\/media\/14191"}],"wp:attachment":[{"href":"https:\/\/toreco.md\/en\/wp-json\/wp\/v2\/media?parent=14190"}],"wp:term":[{"taxonomy":"product_cat","embeddable":true,"href":"https:\/\/toreco.md\/en\/wp-json\/wp\/v2\/product_cat?post=14190"},{"taxonomy":"product_tag","embeddable":true,"href":"https:\/\/toreco.md\/en\/wp-json\/wp\/v2\/product_tag?post=14190"}],"curies":[{"name":"wp","href":"https:\/\/api.w.org\/{rel}","templated":true}]}}