{"id":14188,"date":"2025-03-10T12:57:01","date_gmt":"2025-03-10T10:57:01","guid":{"rendered":"https:\/\/toreco.md\/?post_type=product&#038;p=14188"},"modified":"2025-03-10T12:59:08","modified_gmt":"2025-03-10T10:59:08","slug":"lotiune-de-maini-hidratanta-sensitive-mini-tork-s5","status":"publish","type":"product","link":"https:\/\/toreco.md\/en\/product\/dupa-tip\/sapun-si-odorizanti\/sapun-spuma\/lotiune-de-maini-hidratanta-sensitive-mini-tork-s5\/","title":{"rendered":"Tork Moisturizing Hand Lotion Sensitive, Mini, S5"},"content":{"rendered":"<p><iframe loading=\"lazy\" width=\"640\" height=\"360\" src=\"https:\/\/www.youtube.com\/embed\/MGXLu-NyBg4\" title=\"[TORECO]: Sapun lichid si spuma Tork - reduce costurile deoarece 1L (Tork) = 5L (sapun obisnuit)\" frameborder=\"0\" allow=\"accelerometer; autoplay; clipboard-write; encrypted-media; gyroscope; picture-in-picture; web-share\" allowfullscreen><\/iframe><\/p>\n<p>The Tork Sensitive Moisturizing Hand Lotion is ideal for dry skin, leaving it nourished and soft. Fragrance-free and enriched with moisturizing ingredients, it helps maintain the skin\u2019s natural hydration balance. Designed for use with Tork Mini soap and sanitizer dispensers, it is certified for ease of use and ensures proper hand hygiene for all users.<\/p>\n<p>Fragrance-free formula with canola oil, glycerin, and panthenol to maintain skin hydration<br \/>\nLeaves skin feeling nourished and soft<br \/>\nFast absorption for a non-greasy feel<br \/>\nDermatologically tested<br \/>\nSkin-friendly pH<br \/>\n96% of ingredients are of natural origin<br \/>\nQuick refill, in less than 10 seconds<br \/>\nReumplere igienic\u0103 &#8211; Sticla cu protec\u021bie din fabric\u0103, av\u00e2nd o pomp\u0103 nou\u0103 pentru fiecare reumplere ajut\u0103 la reducerea riscului de contaminare<br \/>\nReduces waste: The collapsible bottle design decreases waste volume by 70%.<\/p>\n<p>Specifications:<br \/>\nSistem: S5 &#8211; Mini Soap &#038; Sanitizer Dispenser<br \/>\nQuality \u2013 Premium<br \/>\nCuloare &#8211; Alb<br \/>\n\u00cen\u0103l\u021bime &#8211; 184 mm<br \/>\nLungime &#8211; 92 mm<br \/>\nL\u0103\u021bime &#8211; 94 mm<br \/>\nVolum &#8211; 500 ml<\/p>","protected":false},"excerpt":{"rendered":"<p>The Tork Sensitive Moisturizing Hand Lotion is ideal for dry skin, leaving it nourished and soft. Fragrance-free and enriched with moisturizing ingredients, it helps maintain the skin\u2019s natural hydration balance. Designed for use with Tork Mini soap and sanitizer dispensers, it is certified for ease of use and ensures proper hand hygiene for all users.<\/p>","protected":false},"featured_media":14189,"comment_status":"closed","ping_status":"closed","template":"","meta":[],"product_cat":[86,45,34,42,44,43,40,41,46,83],"product_tag":[171],"class_list":["post-14188","product","type-product","status-publish","has-post-thumbnail","hentry","product_cat-sapun-spuma","product_cat-industria-auto","product_cat-hotel","product_cat-industria-de-producere-si-prelucrare","product_cat-institutii-de-invatamint","product_cat-medicina","product_cat-restaurant-si-bucatarie","product_cat-servicii-de-curatenie","product_cat-sport-si-fitness","product_cat-sapun-si-odorizanti","product_tag-sapun","pa_brand-tork"],"_links":{"self":[{"href":"https:\/\/toreco.md\/en\/wp-json\/wp\/v2\/product\/14188","targetHints":{"allow":["GET"]}}],"collection":[{"href":"https:\/\/toreco.md\/en\/wp-json\/wp\/v2\/product"}],"about":[{"href":"https:\/\/toreco.md\/en\/wp-json\/wp\/v2\/types\/product"}],"replies":[{"embeddable":true,"href":"https:\/\/toreco.md\/en\/wp-json\/wp\/v2\/comments?post=14188"}],"wp:featuredmedia":[{"embeddable":true,"href":"https:\/\/toreco.md\/en\/wp-json\/wp\/v2\/media\/14189"}],"wp:attachment":[{"href":"https:\/\/toreco.md\/en\/wp-json\/wp\/v2\/media?parent=14188"}],"wp:term":[{"taxonomy":"product_cat","embeddable":true,"href":"https:\/\/toreco.md\/en\/wp-json\/wp\/v2\/product_cat?post=14188"},{"taxonomy":"product_tag","embeddable":true,"href":"https:\/\/toreco.md\/en\/wp-json\/wp\/v2\/product_tag?post=14188"}],"curies":[{"name":"wp","href":"https:\/\/api.w.org\/{rel}","templated":true}]}}