{"id":14184,"date":"2025-03-10T12:45:07","date_gmt":"2025-03-10T10:45:07","guid":{"rendered":"https:\/\/toreco.md\/?post_type=product&#038;p=14184"},"modified":"2025-03-10T13:02:47","modified_gmt":"2025-03-10T11:02:47","slug":"dispenser-de-sapun-si-dezinfectant-mini-tork-s5-negru","status":"publish","type":"product","link":"https:\/\/toreco.md\/en\/product\/dupa-tip\/dispensere-si-dozatoare\/dozator-sapun-lichid-spuma\/dispenser-de-sapun-si-dezinfectant-mini-tork-s5-negru\/","title":{"rendered":"Tork Mini Soap &amp; Sanitizer Dispenser, S5, Black"},"content":{"rendered":"<p>The Tork Mini Soap &amp; Sanitizer Dispenser is a versatile solution that fits any location and is compatible with a wide range of Tork soaps, sanitizers, and lotions in hygienically sealed cartridges, ensuring optimal hygiene and meeting your business needs. Reliable dispensing, adjustable dosage sizes, and a certified user-friendly design promote good hand hygiene for all users. Make a lasting impression on your guests with the functional and modern design of the most versatile soap and sanitizer dispenser.<\/p>\n<p>Multiple nevoi de igien\u0103 cu un sistem &#8211; Gam\u0103 larg\u0103 de rezerve pentru s\u0103punuri \u0219i dezinfectan\u021bi sub form\u0103 de spum\u0103, lichid sau gel, pentru a satisface nevoile afacerii \u0219i utilizatorilor dvs.<br \/>\nLivra\u021bi doza corect\u0103 &#8211; Dimensiune variabil\u0103 a dozelor pentru a optimiza consumul, igiena \u0219i experien\u021ba utilizatorului.<br \/>\nFormule pentru protejarea pielii &#8211; Gam\u0103 larg\u0103 de s\u0103punuri, dezinfectan\u021bi \u0219i lo\u021biuni testate dermatologic, cu pH delicat cu pielea.<br \/>\nDozare fiabil\u0103 &#8211; Testat pentru a rezista peste 1 milion de ap\u0103s\u0103ri<br \/>\nNatural ingredients \u2013 All soap refills contain over 90% naturally sourced ingredients.<br \/>\nRezerv\u0103 u\u0219or de v\u0103zut &#8211; Zona transparent\u0103 face rezerva vizibil\u0103 mereu<br \/>\nTwice as many hand washes \u2013 Provides twice the number of washes compared to standard soaps.<br \/>\nConsum controlat &#8211; S\u0103punurile spum\u0103 ajut\u0103 la reducerea consumului de s\u0103pun cu p\u00e2n\u0103 la 50% comparativ cu s\u0103punul lichid<br \/>\nReumplere igienic\u0103 &#8211; Sticla cu protec\u021bie din fabric\u0103, av\u00e2nd o pomp\u0103 nou\u0103 pentru fiecare rezerv\u0103 ajut\u0103 la reducerea riscului de contaminare<br \/>\nU\u0219or de utilizat &#8211; Certificat de Asocia\u021bia suedez\u0103 de reumatism, promov\u00e2nd o bun\u0103 igien\u0103 a m\u00e2inilor pentru to\u021bi utilizatorii<\/p>\n<p>Specifications:<br \/>\nSistem: S5 &#8211; Mini Soap &#038; Sanitizer Dispenser<br \/>\nColor: black<br \/>\n\u00cen\u0103l\u021bime &#8211; 239 mm<br \/>\nLungime &#8211; 122 mm<br \/>\nL\u0103\u021bime &#8211; 106 mm<br \/>\nVolum &#8211; 500 ml<\/p>","protected":false},"excerpt":{"rendered":"<p>The Tork Mini Soap &amp; Sanitizer Dispenser is a versatile solution that fits any location and is compatible with a wide range of Tork soaps, sanitizers, and lotions in hygienically sealed cartridges, ensuring optimal hygiene and meeting your business needs. Reliable dispensing, adjustable dosage sizes, and a certified user-friendly design promote good hand hygiene for all users. Make a lasting impression on your guests with the functional and modern design of the most versatile soap and sanitizer dispenser.<\/p>","protected":false},"featured_media":14185,"comment_status":"closed","ping_status":"closed","template":"","meta":[],"product_cat":[67,45,34,42,44,43,40,41,46,60],"product_tag":[166],"class_list":["post-14184","product","type-product","status-publish","has-post-thumbnail","hentry","product_cat-dozator-sapun-lichid-spuma","product_cat-industria-auto","product_cat-hotel","product_cat-industria-de-producere-si-prelucrare","product_cat-institutii-de-invatamint","product_cat-medicina","product_cat-restaurant-si-bucatarie","product_cat-servicii-de-curatenie","product_cat-sport-si-fitness","product_cat-dispensere-si-dozatoare","product_tag-dispenser","pa_brand-tork"],"_links":{"self":[{"href":"https:\/\/toreco.md\/en\/wp-json\/wp\/v2\/product\/14184","targetHints":{"allow":["GET"]}}],"collection":[{"href":"https:\/\/toreco.md\/en\/wp-json\/wp\/v2\/product"}],"about":[{"href":"https:\/\/toreco.md\/en\/wp-json\/wp\/v2\/types\/product"}],"replies":[{"embeddable":true,"href":"https:\/\/toreco.md\/en\/wp-json\/wp\/v2\/comments?post=14184"}],"wp:featuredmedia":[{"embeddable":true,"href":"https:\/\/toreco.md\/en\/wp-json\/wp\/v2\/media\/14185"}],"wp:attachment":[{"href":"https:\/\/toreco.md\/en\/wp-json\/wp\/v2\/media?parent=14184"}],"wp:term":[{"taxonomy":"product_cat","embeddable":true,"href":"https:\/\/toreco.md\/en\/wp-json\/wp\/v2\/product_cat?post=14184"},{"taxonomy":"product_tag","embeddable":true,"href":"https:\/\/toreco.md\/en\/wp-json\/wp\/v2\/product_tag?post=14184"}],"curies":[{"name":"wp","href":"https:\/\/api.w.org\/{rel}","templated":true}]}}