{"id":13933,"date":"2024-10-07T12:43:54","date_gmt":"2024-10-07T09:43:54","guid":{"rendered":"https:\/\/toreco.md\/?post_type=product&#038;p=13933"},"modified":"2025-06-20T11:22:32","modified_gmt":"2025-06-20T08:22:32","slug":"maxx2-brial-s-detergent-suprafete-si-geamuri-1-litru","status":"publish","type":"product","link":"https:\/\/toreco.md\/en\/product\/dupa-tip\/detergenti-si-dezinfectanti-profesionali\/sticla-geamuri-oglinzi\/maxx2-brial-s-detergent-suprafete-si-geamuri-1-litru\/","title":{"rendered":"Maxx2 Brial S, Super Wetting Surface and Glass Cleaner, 1 liter"},"content":{"rendered":"<p>Super Wetting Surface and Glass Cleaner<\/p>\n<p>PERFORMANCE<br \/>\nThe mix of cleaning alcohol and active ingredients ensures excellent cleaning results on glossy surfaces and floors<br \/>\nStreak free formulation<\/p>\n<p>EFFICIENCY<br \/>\nEffective in low concentration (from 0.1%) to optimise cleaning costs<br \/>\nRemoves dirt quickly<\/p>\n<p>SAFETY<br \/>\nNo requirement for extra safety training and additional PPE<br \/>\nColour coding for clear usage identification<br \/>\nMaterial friendly formulation allows use on most water resistant hard surfaces<\/p>\n<p>SUSTAINABILITY<br \/>\nReduces CO2 emissions associated with manufacturing and transport by approx. 60%<br \/>\nReduces waste by approx. 50%<br \/>\nPackaging with 30% post-consumer recycled content which is 100% recyclable (depending on local recycling systems)<\/p>\n<p>CERTIFICATION<br \/>\nEticheta ecologic\u0103 a UE &#8211; DE\/020\/425<br \/>\nCradle2Cradle Certified<\/p>\n<p>Instructions for use:<br \/>\n1. Check hygiene plan and product label for detailed use information.<br \/>\n2. Wear suitable protective clothing when handling the product.<br \/>\n3. \u00cen func\u021bie de gradul de murd\u0103rie, ad\u0103uga\u021bi 10 &#8211; 100 ml MAXX Brial S la 10 L ap\u0103. Pentru cur\u0103\u021benia zilnic\u0103, cu murd\u0103rie normal\u0103, amesteca\u021bi 25 ml MAXX Brial S cu 10 L ap\u0103 rece.<br \/>\n4. Wipe the surface and leave to dry. We recommend using MAXX Brial S in combination with colour-coded polifix microfibre cloths to avoid cross contamination.<br \/>\n5. For manual floor cleaning we recommend the product in combination with Ecolab microfibre mopping systems.<br \/>\n6. No rinsing required<\/p>\n<p>Volume: 1 liter<\/p>","protected":false},"excerpt":{"rendered":"<p>Super Wetting Surface and Glass Cleaner<\/p>","protected":false},"featured_media":13934,"comment_status":"closed","ping_status":"closed","template":"","meta":[],"product_cat":[73,45,34,42,44,43,40,41,46,71],"product_tag":[169,295],"class_list":["post-13933","product","type-product","status-publish","has-post-thumbnail","hentry","product_cat-sticla-geamuri-oglinzi","product_cat-industria-auto","product_cat-hotel","product_cat-industria-de-producere-si-prelucrare","product_cat-institutii-de-invatamint","product_cat-medicina","product_cat-restaurant-si-bucatarie","product_cat-servicii-de-curatenie","product_cat-sport-si-fitness","product_cat-detergenti-si-dezinfectanti-profesionali","product_tag-detergent","product_tag-geam","pa_brand-ecolab"],"_links":{"self":[{"href":"https:\/\/toreco.md\/en\/wp-json\/wp\/v2\/product\/13933","targetHints":{"allow":["GET"]}}],"collection":[{"href":"https:\/\/toreco.md\/en\/wp-json\/wp\/v2\/product"}],"about":[{"href":"https:\/\/toreco.md\/en\/wp-json\/wp\/v2\/types\/product"}],"replies":[{"embeddable":true,"href":"https:\/\/toreco.md\/en\/wp-json\/wp\/v2\/comments?post=13933"}],"wp:featuredmedia":[{"embeddable":true,"href":"https:\/\/toreco.md\/en\/wp-json\/wp\/v2\/media\/13934"}],"wp:attachment":[{"href":"https:\/\/toreco.md\/en\/wp-json\/wp\/v2\/media?parent=13933"}],"wp:term":[{"taxonomy":"product_cat","embeddable":true,"href":"https:\/\/toreco.md\/en\/wp-json\/wp\/v2\/product_cat?post=13933"},{"taxonomy":"product_tag","embeddable":true,"href":"https:\/\/toreco.md\/en\/wp-json\/wp\/v2\/product_tag?post=13933"}],"curies":[{"name":"wp","href":"https:\/\/api.w.org\/{rel}","templated":true}]}}