{"id":13665,"date":"2024-07-29T13:25:31","date_gmt":"2024-07-29T10:25:31","guid":{"rendered":"https:\/\/toreco.md\/?post_type=product&#038;p=13665"},"modified":"2024-07-29T13:33:10","modified_gmt":"2024-07-29T10:33:10","slug":"clint-kf-200-detergent-alcalin-pentru-curatarea-utilajelor-din-industria-alimentara-22-kg-ecolab","status":"publish","type":"product","link":"https:\/\/toreco.md\/en\/product\/dupa-tip\/detergenti-si-dezinfectanti-profesionali\/bucatarie\/clint-kf-200-detergent-alcalin-pentru-curatarea-utilajelor-din-industria-alimentara-22-kg-ecolab\/","title":{"rendered":"Clint KF 200, alkaline detergent for cleaning food machinery, 22 kg, Ecolab"},"content":{"rendered":"<p>Clint KF 200, Liquid, alkaline cleaning agent for the cleaning of installations and equipment in the food industry<\/p>\n<p><strong>Product strengths:<\/strong><br \/>\n&#8211; extrem de eficient \u00eempotriva gr\u0103simii, uleiului \u0219i prafului<br \/>\n&#8211; aplicabil universal pentru cur\u0103\u021barea automat\u0103 \u0219i manual\u0103 a suprafe\u021belor utilajelor<br \/>\n&#8211; u\u0219or spumant<\/p>\n<p><strong>Properties:<\/strong><br \/>\n&#8211; Aspect: lichid limpede, galben deschis<br \/>\n&#8211; Condi\u021bii de depozitare: 0 la 40 \u00b0C<br \/>\n&#8211; Solubilitate: la 20 \u00b0C, miscibil cu ap\u0103 \u00een orice propor\u021bie<br \/>\n&#8211; Densitate: 1.11 &#8211; 1.14 g\/cm\u00b3 (20 \u00b0C)<br \/>\n&#8211; pH: 10.6 &#8211; 10.8 (1 %, 20 \u00b0C, ap\u0103 deionizat\u0103), 8.9 &#8211; 9.1 (1 %, 20 \u00b0C, ap\u0103 de 16 \u00b0d)<\/p>\n<p><strong>Material compatibility:<\/strong><br \/>\nClint KF 200 is compatible with:<br \/>\nMetals: austenitic CrNi steels (quality at least DIN 1.4301 = AISI 304), steel, copper<br \/>\nPlastics: PE, PP, and rigid PVC<\/p>\n<p><strong>Application:<\/strong><br \/>\nClint KF 200 is a liquid, alkaline cleaning agent containing surfactants for the automatic and manual cleaning of exterior equipment surfaces, as well as for general plant cleaning.<br \/>\nPre-rinse with water to remove rough soil.<\/p>\n<p><strong>Exterior equipment surfaces:<\/strong><br \/>\n&#8211; Cur\u0103\u021bare automat\u0103: solu\u021bie de 1 &#8211; 3 % Clint KF 200<br \/>\n&#8211; Cur\u0103\u021bare manual\u0103: solu\u021bie de 2 &#8211; 4 % Clint KF 200, timp de contact aprox. 2 minute, peria\u021bi \u0219i cl\u0103ti\u021bi<\/p>\n<p><strong>Production floor and hall surfaces:<\/strong><br \/>\n1. Aplicarea solu\u021biei de 2 &#8211; 4 % Clint KF 200<br \/>\n2. Distribute manually or with a floor cleaning machine<br \/>\n3. Timp de contact 10 &#8211; 20 minute \u00eenainte de cl\u0103tire<\/p>\n<p><strong>Machinery cleaning:<\/strong><br \/>\n&#8211; solu\u021bie de 2 &#8211; 5 % Clint KF 200 pentru procesarea manual\u0103 sau cu dispozitiv automat de spumare<br \/>\n&#8211; Cl\u0103tire final\u0103 cu ap\u0103<\/p>\n<p><strong>Safety:<\/strong><br \/>\nDuring cleaning and sanitizing operations, especially when using high-pressure systems, misting can occur. These aerosols consist of a fine water mist and the applied chemical. Inhalation of such aerosol mist must be avoided. Wearing a respirator and protective goggles is imperative.<\/p>\n<p>Volume: 22 kg<\/p>","protected":false},"excerpt":{"rendered":"<p>Clint KF 200, Liquid, alkaline cleaning agent for the cleaning of installations and equipment in the food industry<\/p>","protected":false},"featured_media":13666,"comment_status":"closed","ping_status":"closed","template":"","meta":[],"product_cat":[74,34,42,44,40,71,76],"product_tag":[169],"class_list":["post-13665","product","type-product","status-publish","has-post-thumbnail","hentry","product_cat-bucatarie","product_cat-hotel","product_cat-industria-de-producere-si-prelucrare","product_cat-institutii-de-invatamint","product_cat-restaurant-si-bucatarie","product_cat-detergenti-si-dezinfectanti-profesionali","product_cat-industrie","product_tag-detergent","pa_brand-ecolab"],"_links":{"self":[{"href":"https:\/\/toreco.md\/en\/wp-json\/wp\/v2\/product\/13665","targetHints":{"allow":["GET"]}}],"collection":[{"href":"https:\/\/toreco.md\/en\/wp-json\/wp\/v2\/product"}],"about":[{"href":"https:\/\/toreco.md\/en\/wp-json\/wp\/v2\/types\/product"}],"replies":[{"embeddable":true,"href":"https:\/\/toreco.md\/en\/wp-json\/wp\/v2\/comments?post=13665"}],"wp:featuredmedia":[{"embeddable":true,"href":"https:\/\/toreco.md\/en\/wp-json\/wp\/v2\/media\/13666"}],"wp:attachment":[{"href":"https:\/\/toreco.md\/en\/wp-json\/wp\/v2\/media?parent=13665"}],"wp:term":[{"taxonomy":"product_cat","embeddable":true,"href":"https:\/\/toreco.md\/en\/wp-json\/wp\/v2\/product_cat?post=13665"},{"taxonomy":"product_tag","embeddable":true,"href":"https:\/\/toreco.md\/en\/wp-json\/wp\/v2\/product_tag?post=13665"}],"curies":[{"name":"wp","href":"https:\/\/api.w.org\/{rel}","templated":true}]}}