{"id":13554,"date":"2024-06-11T11:33:49","date_gmt":"2024-06-11T08:33:49","guid":{"rendered":"https:\/\/toreco.md\/?post_type=product&#038;p=13554"},"modified":"2024-06-11T11:43:53","modified_gmt":"2024-06-11T08:43:53","slug":"prevens-paris-grenade-rezerva","status":"publish","type":"product","link":"https:\/\/toreco.md\/en\/product\/dupa-tip\/sapun-si-odorizanti\/sapun-lichid\/prevens-paris-grenade-rezerva\/","title":{"rendered":"Prevens Paris Grenade - Reserve"},"content":{"rendered":"<p>Preven&#8217;s Paris este o serie de produse profesionale pentru baie \u0219i du\u0219, care este disponibil sub form\u0103 de gel lichid cu diverse arome \u0219i este potrivit pentru sp\u0103larea m\u00e2inilor, corpului \u0219i p\u0103rului. Sunt ideale pentru camere de hotel \u0219i hoteluri. Toate produsele sunt certificate \u00een conformitate cu standardele interna\u021bionale de siguran\u021b\u0103 a mediului a produsului.<br \/>\nProdusele Preven&#8217;s Paris sunt utilizate pe scar\u0103 larg\u0103 \u00eempreun\u0103 cu dozatoarele Ecolab \u00een unit\u0103\u021bile sanitare \u0219i b\u0103i.<br \/>\nSeria Prevent&#8217;s Paris include: previne Paris Grenade &#8211; gel de \u0219ampon lichid cu extract de rodie, cur\u0103\u021b\u0103 delicat pielea \u0219i are un efect de tonifiere. <\/p>\n<p>Distinctive features of Ecolab Prevens Paris products:<br \/>\nEco-friendly and gentle hand, body and hair washing products.<br \/>\nThey meet the highest environmental standards.<br \/>\nThey have a beneficial effect on the skin, have passed dermatological tests.<br \/>\nThe Ecolab dispenser provides convenient and economical use. <\/p>\n<p>Storage conditions: store at a temperature from 0\u00b0C to 40\u00b0C.<br \/>\nVolume: 220 ml<\/p>","protected":false},"excerpt":{"rendered":"<p>Prevent's Paris is a series of professional bath and shower products, which is available in the form of a liquid gel with various flavors and is suitable for washing hands, body and hair. They are ideal for hotel rooms and hotels. <\/p>","protected":false},"featured_media":13555,"comment_status":"closed","ping_status":"closed","template":"","meta":[],"product_cat":[84,34,40,46,83],"product_tag":[262],"class_list":["post-13554","product","type-product","status-publish","has-post-thumbnail","hentry","product_cat-sapun-lichid","product_cat-hotel","product_cat-restaurant-si-bucatarie","product_cat-sport-si-fitness","product_cat-sapun-si-odorizanti","product_tag-gel-de-dus","pa_brand-ecolab"],"_links":{"self":[{"href":"https:\/\/toreco.md\/en\/wp-json\/wp\/v2\/product\/13554","targetHints":{"allow":["GET"]}}],"collection":[{"href":"https:\/\/toreco.md\/en\/wp-json\/wp\/v2\/product"}],"about":[{"href":"https:\/\/toreco.md\/en\/wp-json\/wp\/v2\/types\/product"}],"replies":[{"embeddable":true,"href":"https:\/\/toreco.md\/en\/wp-json\/wp\/v2\/comments?post=13554"}],"wp:featuredmedia":[{"embeddable":true,"href":"https:\/\/toreco.md\/en\/wp-json\/wp\/v2\/media\/13555"}],"wp:attachment":[{"href":"https:\/\/toreco.md\/en\/wp-json\/wp\/v2\/media?parent=13554"}],"wp:term":[{"taxonomy":"product_cat","embeddable":true,"href":"https:\/\/toreco.md\/en\/wp-json\/wp\/v2\/product_cat?post=13554"},{"taxonomy":"product_tag","embeddable":true,"href":"https:\/\/toreco.md\/en\/wp-json\/wp\/v2\/product_tag?post=13554"}],"curies":[{"name":"wp","href":"https:\/\/api.w.org\/{rel}","templated":true}]}}