{"id":13509,"date":"2024-05-14T14:01:00","date_gmt":"2024-05-14T11:01:00","guid":{"rendered":"https:\/\/toreco.md\/?post_type=product&#038;p=13509"},"modified":"2024-05-14T14:37:03","modified_gmt":"2024-05-14T11:37:03","slug":"manusi-unica-folosinta-de-protectie-chimica-super-high-risk-l-albastre","status":"publish","type":"product","link":"https:\/\/toreco.md\/en\/product\/dupa-tip\/articole-parafarmaceutice\/bavete-bonete-manusi-masca\/manusi-unica-folosinta-de-protectie-chimica-super-high-risk-l-albastre\/","title":{"rendered":"Disposable chemical protection gloves Super high Risk, L, Blue"},"content":{"rendered":"<p>The nitrile gloves Super High Risk they are tested Cat 3 protective glove strong, resilient and safe. At the same time, they fit very well on the hand and offer a lot of sensitivity for precise work. When handling chemicals and biological hazards, you need protective gloves you can rely on. <\/p>\n<p>Chemical protective gloves made of strong nitrile for single use. Nitrile is chemical resistant, resistant to oils, greases and tight against microorganisms and other biological hazards. With the extended cuff, the gloves are approximately 30 cm long overall, providing protection beyond the wrist. This provides even more protection when handling splashes or liquids.<\/p>\n<p>The chemical protection gloves are elastic and fit like a second skin. In addition, the textured surface facilitates gripping so that you simply work more quickly and accurately. Thanks to these features, the Super High Risk gloves are best suited for laboratory, pharmaceutical industry, emergency services, hospital, nursing, food industry and industry. <\/p>\n<p><strong>The properties of the chemical protective gloves Super High Risk:<\/strong><br \/>\n&#8211; m\u0103nu\u0219i de protec\u021bie chimic\u0103 Super High Risk din nitril<br \/>\n&#8211; nitril puternic, foarte robust \u0219i etan\u0219<br \/>\n&#8211; f\u0103r\u0103 pudr\u0103, f\u0103r\u0103 contaminarea probelor sau alimentelor de c\u0103tre pudr\u0103<br \/>\n&#8211; anti-alunecare datorit\u0103 suprafe\u021bei texturate<br \/>\n&#8211; lungime de 30 cm, protec\u021bie dincolo de \u00eencheietura m\u00e2inii<br \/>\n&#8211; foarte robuste, durabile<br \/>\n&#8211; sensibilitate tactil\u0103 bun\u0103, potrivite pentru lucr\u0103ri fine<br \/>\n&#8211; flexibile \u0219i elastice pentru o potrivire foarte bun\u0103<br \/>\n&#8211; sigure pentru contactul cu alimentele<br \/>\n&#8211; cu margine rulat\u0103 care re\u021bine pic\u0103turile<br \/>\n&#8211; f\u0103r\u0103 latex<br \/>\n&#8211; potrivite pentru m\u00e2na st\u00e2ng\u0103 \u0219i dreapt\u0103<\/p>\n<p><strong>Intended purpose:<\/strong> For third-party protection (protection against germ transmission) in the hospital and care sector<\/p>\n<p><strong>Functional range:<\/strong> for laboratory, pharmaceutical industry, emergency services, hospital, nursing, food industry, industry<\/p>\n<p>Quality level: 8 of 8<br \/>\nChemical resistance: 8 of 8<br \/>\nOil and grease resistance: 6 of 8<\/p>\n<p>Quantity: 50 pcs \/ pack<\/p>","protected":false},"excerpt":{"rendered":"<p>The nitrile gloves Super High Risk they are tested Cat 3 protective glove strong, resilient and safe. At the same time, they fit very well on the hand and offer a lot of sensitivity for precise work. When handling chemicals and biological hazards, you need protective gloves you can rely on. <\/p>","protected":false},"featured_media":13510,"comment_status":"closed","ping_status":"closed","template":"","meta":[],"product_cat":[27,45,34,42,44,43,40,41,46,21],"product_tag":[155],"class_list":["post-13509","product","type-product","status-publish","has-post-thumbnail","hentry","product_cat-bavete-bonete-manusi-masca","product_cat-industria-auto","product_cat-hotel","product_cat-industria-de-producere-si-prelucrare","product_cat-institutii-de-invatamint","product_cat-medicina","product_cat-restaurant-si-bucatarie","product_cat-servicii-de-curatenie","product_cat-sport-si-fitness","product_cat-articole-parafarmaceutice","product_tag-manusi-de-unica-folosinta","pa_brand-hygostar"],"_links":{"self":[{"href":"https:\/\/toreco.md\/en\/wp-json\/wp\/v2\/product\/13509","targetHints":{"allow":["GET"]}}],"collection":[{"href":"https:\/\/toreco.md\/en\/wp-json\/wp\/v2\/product"}],"about":[{"href":"https:\/\/toreco.md\/en\/wp-json\/wp\/v2\/types\/product"}],"replies":[{"embeddable":true,"href":"https:\/\/toreco.md\/en\/wp-json\/wp\/v2\/comments?post=13509"}],"wp:featuredmedia":[{"embeddable":true,"href":"https:\/\/toreco.md\/en\/wp-json\/wp\/v2\/media\/13510"}],"wp:attachment":[{"href":"https:\/\/toreco.md\/en\/wp-json\/wp\/v2\/media?parent=13509"}],"wp:term":[{"taxonomy":"product_cat","embeddable":true,"href":"https:\/\/toreco.md\/en\/wp-json\/wp\/v2\/product_cat?post=13509"},{"taxonomy":"product_tag","embeddable":true,"href":"https:\/\/toreco.md\/en\/wp-json\/wp\/v2\/product_tag?post=13509"}],"curies":[{"name":"wp","href":"https:\/\/api.w.org\/{rel}","templated":true}]}}