{"id":13396,"date":"2024-03-07T10:35:57","date_gmt":"2024-03-07T08:35:57","guid":{"rendered":"https:\/\/toreco.md\/?post_type=product&#038;p=13396"},"modified":"2026-01-13T10:53:29","modified_gmt":"2026-01-13T08:53:29","slug":"galeata-gri-maner-albastru-25-litri","status":"publish","type":"product","link":"https:\/\/toreco.md\/en\/product\/dupa-tip\/echipamente-curatenie\/carucioare-si-galeti\/galeata-gri-maner-albastru-25-litri\/","title":{"rendered":"Grey bucket, blue handle, 25 litres"},"content":{"rendered":"<p>The Plastic Bucket with Handle is a multipurpose plastic bucket which can be used as a single bucket or as an accessory for a multipurpose trolley <a href=\"https:\/\/toreco.md\/en\/product\/dupa-tip\/echipamente-curatenie\/carucioare-si-galeti\/carucior-profesional-curatenie-combix\/\">CombiX<\/a>, It can be used in different areas and in those environments where the color coding is required.<\/p>\n<p>Completely made of shock-proof plastic material.<br \/>\nErgonomic plastic handle.<br \/>\nJant\u0103 inferioar\u0103 pentru a u\u0219ura golirea g\u0103le\u021bii &#8211; ofer\u0103 o u\u0219urin\u021b\u0103 suplimentar\u0103 \u00een turnarea lichidului \u00een interior datorit\u0103 m\u00e2nerului s\u0103u situat \u00een partea de jos.<br \/>\nAvailable in blue and red colors.<br \/>\nGradation on the inside<br \/>\nColor code in cleaning<br \/>\nBucket color: gray<br \/>\nHandle color: blue<\/p>\n<p>Volume: 25 liters<\/p>","protected":false},"excerpt":{"rendered":"<p>The Plastic Bucket with Handle is a multipurpose plastic bucket which can be used as a single bucket or as an accessory for a multipurpose trolley <a href=\"https:\/\/toreco.md\/en\/product\/dupa-tip\/echipamente-curatenie\/carucioare-si-galeti\/carucior-profesional-curatenie-combix\/\">CombiX<\/a>, It can be used in different areas and in those environments where the color coding is required.<\/p>","protected":false},"featured_media":13397,"comment_status":"closed","ping_status":"closed","template":"","meta":[],"product_cat":[91,45,34,42,44,43,40,41,46,90],"product_tag":[175],"class_list":["post-13396","product","type-product","status-publish","has-post-thumbnail","hentry","product_cat-carucioare-si-galeti","product_cat-industria-auto","product_cat-hotel","product_cat-industria-de-producere-si-prelucrare","product_cat-institutii-de-invatamint","product_cat-medicina","product_cat-restaurant-si-bucatarie","product_cat-servicii-de-curatenie","product_cat-sport-si-fitness","product_cat-echipamente-curatenie","product_tag-galeata","pa_brand-sprintus"],"_links":{"self":[{"href":"https:\/\/toreco.md\/en\/wp-json\/wp\/v2\/product\/13396","targetHints":{"allow":["GET"]}}],"collection":[{"href":"https:\/\/toreco.md\/en\/wp-json\/wp\/v2\/product"}],"about":[{"href":"https:\/\/toreco.md\/en\/wp-json\/wp\/v2\/types\/product"}],"replies":[{"embeddable":true,"href":"https:\/\/toreco.md\/en\/wp-json\/wp\/v2\/comments?post=13396"}],"wp:featuredmedia":[{"embeddable":true,"href":"https:\/\/toreco.md\/en\/wp-json\/wp\/v2\/media\/13397"}],"wp:attachment":[{"href":"https:\/\/toreco.md\/en\/wp-json\/wp\/v2\/media?parent=13396"}],"wp:term":[{"taxonomy":"product_cat","embeddable":true,"href":"https:\/\/toreco.md\/en\/wp-json\/wp\/v2\/product_cat?post=13396"},{"taxonomy":"product_tag","embeddable":true,"href":"https:\/\/toreco.md\/en\/wp-json\/wp\/v2\/product_tag?post=13396"}],"curies":[{"name":"wp","href":"https:\/\/api.w.org\/{rel}","templated":true}]}}