{"id":13345,"date":"2024-02-21T11:02:53","date_gmt":"2024-02-21T09:02:53","guid":{"rendered":"https:\/\/toreco.md\/?post_type=product&#038;p=13345"},"modified":"2024-02-21T11:13:53","modified_gmt":"2024-02-21T09:13:53","slug":"pungi-igienice-b5-25-buc-albe-tork","status":"publish","type":"product","link":"https:\/\/toreco.md\/en\/product\/dupa-tip\/hartie-igienica\/pungi-igienice-b5-25-buc-albe-tork\/","title":{"rendered":"Tork Sanitary Towel Bags White, B5, 25 pcs, TORK"},"content":{"rendered":"<p>Maintain hygiene in washrooms while improving guest experiences with our Tork sanitary towel bags, designed for the discreet disposal of feminine hygiene products in sanitary bins. Scents are contained in the bag when placed in the waste bin, helping to keep washrooms smelling fresh. High quantities per pack ensure they're readily available for guests while saving staff time on maintenance and refills. Use with the Tork Sanitary Towel Bag Dispensers for easy access and a tidy space.<\/p>\n<p>Men\u021bine\u021bi toaletele aprovizionate &#8211; aceste pungi sanitare vin \u00een cantit\u0103\u021bi mari pentru disponibilitate u\u0219oar\u0103.<br \/>\n\u00cembun\u0103t\u0103\u021birea nivelului de igien\u0103 &#8211; pungile noastre igienice permit aruncarea curat\u0103 a produselor feminine \u00een co\u0219urile sanitare.<br \/>\nCompatible with B5 dispensers.<\/p>\n<p>Color: White<br \/>\nQuality: Premium<br \/>\nPacking: 25 pieces \/ pack, 48 packs \/ box<\/p>","protected":false},"excerpt":{"rendered":"<p>Hygienic bags are indispensable products in public or private toilets and allow to keep cleanliness for longer. These hygienic bags should not be missing in any bathroom, whether we are talking about one of the restaurant, hotel, gym or even hotel. Durable hygienic bags for disposing of tampons.<\/p>","protected":false},"featured_media":13346,"comment_status":"closed","ping_status":"closed","template":"","meta":[],"product_cat":[34,44,43,40,41,46,51,57],"product_tag":[164],"class_list":["post-13345","product","type-product","status-publish","has-post-thumbnail","hentry","product_cat-hotel","product_cat-institutii-de-invatamint","product_cat-medicina","product_cat-restaurant-si-bucatarie","product_cat-servicii-de-curatenie","product_cat-sport-si-fitness","product_cat-hartie-igienica","product_cat-pungi-igienice","product_tag-pungi-igienice","pa_brand-tork"],"_links":{"self":[{"href":"https:\/\/toreco.md\/en\/wp-json\/wp\/v2\/product\/13345","targetHints":{"allow":["GET"]}}],"collection":[{"href":"https:\/\/toreco.md\/en\/wp-json\/wp\/v2\/product"}],"about":[{"href":"https:\/\/toreco.md\/en\/wp-json\/wp\/v2\/types\/product"}],"replies":[{"embeddable":true,"href":"https:\/\/toreco.md\/en\/wp-json\/wp\/v2\/comments?post=13345"}],"wp:featuredmedia":[{"embeddable":true,"href":"https:\/\/toreco.md\/en\/wp-json\/wp\/v2\/media\/13346"}],"wp:attachment":[{"href":"https:\/\/toreco.md\/en\/wp-json\/wp\/v2\/media?parent=13345"}],"wp:term":[{"taxonomy":"product_cat","embeddable":true,"href":"https:\/\/toreco.md\/en\/wp-json\/wp\/v2\/product_cat?post=13345"},{"taxonomy":"product_tag","embeddable":true,"href":"https:\/\/toreco.md\/en\/wp-json\/wp\/v2\/product_tag?post=13345"}],"curies":[{"name":"wp","href":"https:\/\/api.w.org\/{rel}","templated":true}]}}