{"id":12940,"date":"2023-09-27T11:04:39","date_gmt":"2023-09-27T08:04:39","guid":{"rendered":"https:\/\/toreco.md\/?post_type=product&#038;p=12940"},"modified":"2026-02-13T12:07:32","modified_gmt":"2026-02-13T10:07:32","slug":"matic-strong-detergent-masina-pardoseli","status":"publish","type":"product","link":"https:\/\/toreco.md\/en\/product\/dupa-tip\/detergenti-si-dezinfectanti-profesionali\/curatare-pardoseli-si-suprafete\/matic-strong-detergent-masina-pardoseli\/","title":{"rendered":"Matic Strong, Floor Cleaning Machine Detergent"},"content":{"rendered":"<p>Matic Strong is a concentrated alkaline degreasing detergent with low foaming and sanitizing properties designed for manual or machine floor cleaning of any type. Thanks to its balanced formula, Matic Strong can be used for degreasing and maintaining all kinds of floors, without damaging the treated surfaces and without the need for rinsing. It efficiently and rapidly removes persistent organic or inorganic dirt, traces of rubber, tar, synthetic or vegetable oils, bitumen, soot, and more.<br \/>\nAfter cleaning, the surfaces remain clean and pleasantly scented. It is recommended for sectors where vigorous floor cleaning is required. This is a professional product, please read the technical and safety data sheet before use. Biodegradable product, 90% biodegradable.<\/p>\n<p><strong>Field of use<\/strong><br \/>\nHospitality industry, hospitals, healthcare facilities, medical clinics, nursing homes, schools, nurseries, offices, commercial spaces, food and agro-industry, mechanical industry, auto service centers, commercial premises, parking lots, storage spaces, specialized cleaning companies, and more.<\/p>\n<p><strong>Use<\/strong><br \/>\nCleaning and maintenance of interior\/exterior surfaces and floors: tiles, ceramic, cement, linoleum, mosaic, parquet, polished cement, epoxy-coated floors, clinker, pavers, marble, granite, etc. It efficiently and rapidly removes traces of rubber, tar, synthetic or vegetable oils, bitumen, soot, gum, and more. The product can be used manually or with a monodisk\/floor washing equipment. <\/p>\n<p><strong>Dosage<\/strong><br \/>\nManual or Automatic<br \/>\n0,5 &#8211; 3% per litru de ap\u0103 | 5 &#8211; 30gr per litru de apa | Intre\u021binere 1: 200lt de ap\u0103 | Cur\u0103\u021bare 1: 35lt ap\u0103<br \/>\nThe product dosage depends on the degree of surface dirt. If necessary, increase the dosage and repeat the washing procedure until the desired effect is achieved.<\/p>\n<p><strong>Method of use<\/strong><br \/>\nManual:<br \/>\nSweep or vacuum the surface that requires cleaning, apply the concentrated solution to persistent stains, then, using the product diluted according to the data sheet, start cleaning\/washing the surface\/floor with a brush, cloth, or washing\/drying equipment, then allow it to dry. For furniture with fabric coverings, use a sprayer to apply the solution.<br \/>\nAutomat &#8211; ma\u0219ina de sp\u0103lat uscat\/pardoseli\/monodisc:<br \/>\nBefore washing, remove any debris. Then carefully inspect the surface to identify any old persistent stains. Once stains are identified, apply a minimal amount of concentrated product directly to them and allow it to act while you dilute the product and pour it into the floor washing equipment. Then wash the surface, and if necessary, focus on the stains with the machine or manually with a brush. No rinsing is required; allow the surface to dry.<\/p>\n<p>Volume: 6kg<br \/>\npH: 12<\/p>","protected":false},"excerpt":{"rendered":"<p>Matic Strong is a concentrated alkaline degreasing detergent with low foaming and sanitizing properties designed for manual or machine floor cleaning of any type. Thanks to its balanced formula, Matic Strong can be used for degreasing and maintaining all kinds of floors, without damaging the treated surfaces and without the need for rinsing. It efficiently and rapidly removes persistent organic or inorganic dirt, traces of rubber, tar, synthetic or vegetable oils, bitumen, soot, and more.<br \/>\n\u00cendep\u0103rteaz\u0103 eficient \u015fi rapid murd\u0103ria persistenta organic\u0103 sau anorganic\u0103; urme de cauciuc, gudron, uleiuri sintetice sau vegetale, p\u0103cur\u0103, funingin\u0103, etc.<\/p>","protected":false},"featured_media":12941,"comment_status":"closed","ping_status":"closed","template":"","meta":[],"product_cat":[79,45,34,42,44,43,40,41,46,71],"product_tag":[169],"class_list":["post-12940","product","type-product","status-publish","has-post-thumbnail","hentry","product_cat-curatare-pardoseli-si-suprafete","product_cat-industria-auto","product_cat-hotel","product_cat-industria-de-producere-si-prelucrare","product_cat-institutii-de-invatamint","product_cat-medicina","product_cat-restaurant-si-bucatarie","product_cat-servicii-de-curatenie","product_cat-sport-si-fitness","product_cat-detergenti-si-dezinfectanti-profesionali","product_tag-detergent","pa_brand-sanidet"],"_links":{"self":[{"href":"https:\/\/toreco.md\/en\/wp-json\/wp\/v2\/product\/12940","targetHints":{"allow":["GET"]}}],"collection":[{"href":"https:\/\/toreco.md\/en\/wp-json\/wp\/v2\/product"}],"about":[{"href":"https:\/\/toreco.md\/en\/wp-json\/wp\/v2\/types\/product"}],"replies":[{"embeddable":true,"href":"https:\/\/toreco.md\/en\/wp-json\/wp\/v2\/comments?post=12940"}],"wp:featuredmedia":[{"embeddable":true,"href":"https:\/\/toreco.md\/en\/wp-json\/wp\/v2\/media\/12941"}],"wp:attachment":[{"href":"https:\/\/toreco.md\/en\/wp-json\/wp\/v2\/media?parent=12940"}],"wp:term":[{"taxonomy":"product_cat","embeddable":true,"href":"https:\/\/toreco.md\/en\/wp-json\/wp\/v2\/product_cat?post=12940"},{"taxonomy":"product_tag","embeddable":true,"href":"https:\/\/toreco.md\/en\/wp-json\/wp\/v2\/product_tag?post=12940"}],"curies":[{"name":"wp","href":"https:\/\/api.w.org\/{rel}","templated":true}]}}