{"id":12567,"date":"2023-07-05T07:55:04","date_gmt":"2023-07-05T04:55:04","guid":{"rendered":"https:\/\/toreco.md\/?post_type=product&#038;p=12567"},"modified":"2025-06-11T13:03:15","modified_gmt":"2025-06-11T10:03:15","slug":"aparat-de-colectare-deseurilor-din-plastic-greeny-inox","status":"publish","type":"product","link":"https:\/\/toreco.md\/en\/product\/dupa-tip\/utilaje-pentru-deseuri\/prese-de-balotat\/aparat-de-colectare-deseurilor-din-plastic-greeny-inox\/","title":{"rendered":"Plastic waste collection machines, RVM, Greeny Inox"},"content":{"rendered":"<p><iframe loading=\"lazy\" width=\"640\" height=\"360\" src=\"https:\/\/www.youtube.com\/embed\/MA58fAdeWH8\" title=\"[TORECO]: Responsabilitate Sociala\" frameborder=\"0\" allow=\"accelerometer; autoplay; clipboard-write; encrypted-media; gyroscope; picture-in-picture; web-share\" allowfullscreen><\/iframe><\/p>\n<p>&nbsp;<\/p>\n<p style=\"text-align: center;\"><strong>Try it for free!<\/strong><\/p>\n<hr \/>\n<p style=\"text-align: center;\">You can have the plastic waste collection machine installed at your location to see the benefits for yourself.<\/p>\n<p>&#8211; O priz\u0103 func\u021bional\u0103 este tot de ce este nevoie pentru a \u00eencepe Testarea!<br \/>\n&#8211; Perioad\u0103 de testare: GRATUIT\u0102 f\u0103r\u0103 riscuri \u0219i f\u0103r\u0103 obliga\u021bii!<br \/>\n&#8211; Contacta\u021bi-ne pentru mai multe detalii<\/p>\n<p><strong>Testing Steps:<\/strong><br \/>\nLIVRARE &#8211; livr\u0103m aparatul de colectare a de\u0219eurilor din plastic acolo unde este nevoie de el.<br \/>\nINSTALARE &#8211; Instalarea complet\u0103 a sistemului \u015fi testarea lui \u00een loca\u0163ia clientului<br \/>\nIMPLEMENTATION \u2013 exterior customization (in case of rental or purchase), testing and integrating the working mode configuration, access to statistics, remote access, etc.<br \/>\nTRAINING &#8211; Instruirea angaja\u0163ilor \u015fi a administratorilor la sediul clientului<br \/>\nMENTENAN\u021a\u0102 &#8211; Service gratuit pe toata perioada de testare<\/p>\n<p>&nbsp;<\/p>\n<p>Collection, recycling and volume reduction of PET (plastic) waste \/ bottles by up to 90%.  A new way to save on products and services near you through a system of coupons \/ discounts promoted by stores.<br \/>\nA new tool for Green Marketing and environmental ethics, a tool for engagement and education in favor of the environment, recycling PET bottles (precious material) and reducing CO2.<br \/>\nA simple action that allows the user to choose the best offers near his home, which allow safe and immediate savings.  This incentive creates a guaranteed and demonstrable increase in attendance, loyalty and sales growth and user motivation.<br \/>\nIdeal for supermarkets, shopping centers, collective catering canteens, public places, events and exhibitions, etc<\/p>\n<p>Compactare &#038; Design<br \/>\nIntegrarea tehnologiilor \u0219i spa\u021biilor de promovare \u0219i publicitate &#8211; Marketing Ecologic.<br \/>\nImmediate savings in waste volume, with consequent direct savings on storage and handling costs.<br \/>\nEase of education in use thanks to various mechanisms of loyalty, stimulation, motivation and information.<\/p>\n<p>Technical Data:<br \/>\nStorage approx 820 litres<br \/>\nWidth 1140 mm<br \/>\nDepth 800 mm<br \/>\nHeight 1140 mm<br \/>\nWeight 250 Kg<br \/>\nReduction Vol.  3\/5 Times vol. initially. Up to 90% all.<br \/>\nPower supply 220V \/ 50Hz<br \/>\nConsumption 0.21 W standby mode, 0.75 kw \/ h (compaction cycle ca 10 sec)<br \/>\nNoise level &lt; 70 dB < 70 dB  \n<\/p>","protected":false},"excerpt":{"rendered":"<p>Collection, recycling and volume reduction of PET (plastic) waste \/ bottles by up to 90%, with digital Touch system for choosing the promotion.  A new way to save on products and services near you through a system of coupons \/ discounts promoted by stores.<\/p>","protected":false},"featured_media":12568,"comment_status":"closed","ping_status":"closed","template":"","meta":[],"product_cat":[108,45,34,42,44,43,40,46,107],"product_tag":[],"class_list":["post-12567","product","type-product","status-publish","has-post-thumbnail","hentry","product_cat-prese-de-balotat","product_cat-industria-auto","product_cat-hotel","product_cat-industria-de-producere-si-prelucrare","product_cat-institutii-de-invatamint","product_cat-medicina","product_cat-restaurant-si-bucatarie","product_cat-sport-si-fitness","product_cat-utilaje-pentru-deseuri","pa_brand-toreco"],"_links":{"self":[{"href":"https:\/\/toreco.md\/en\/wp-json\/wp\/v2\/product\/12567","targetHints":{"allow":["GET"]}}],"collection":[{"href":"https:\/\/toreco.md\/en\/wp-json\/wp\/v2\/product"}],"about":[{"href":"https:\/\/toreco.md\/en\/wp-json\/wp\/v2\/types\/product"}],"replies":[{"embeddable":true,"href":"https:\/\/toreco.md\/en\/wp-json\/wp\/v2\/comments?post=12567"}],"wp:featuredmedia":[{"embeddable":true,"href":"https:\/\/toreco.md\/en\/wp-json\/wp\/v2\/media\/12568"}],"wp:attachment":[{"href":"https:\/\/toreco.md\/en\/wp-json\/wp\/v2\/media?parent=12567"}],"wp:term":[{"taxonomy":"product_cat","embeddable":true,"href":"https:\/\/toreco.md\/en\/wp-json\/wp\/v2\/product_cat?post=12567"},{"taxonomy":"product_tag","embeddable":true,"href":"https:\/\/toreco.md\/en\/wp-json\/wp\/v2\/product_tag?post=12567"}],"curies":[{"name":"wp","href":"https:\/\/api.w.org\/{rel}","templated":true}]}}