{"id":12541,"date":"2023-06-20T14:02:47","date_gmt":"2023-06-20T11:02:47","guid":{"rendered":"https:\/\/toreco.md\/?post_type=product&#038;p=12541"},"modified":"2025-05-27T14:50:23","modified_gmt":"2025-05-27T11:50:23","slug":"ttd20-uscator-rufe-profesional-electric-20kg","status":"publish","type":"product","link":"https:\/\/toreco.md\/en\/product\/dupa-tip\/utilaje-pentru-curatenie\/masini-de-spalat\/ttd20-uscator-rufe-profesional-electric-20kg\/","title":{"rendered":"TTD20, Professional tumble dryer, electric, 20kg"},"content":{"rendered":"<p><iframe loading=\"lazy\" width=\"640\" height=\"360\" src=\"https:\/\/www.youtube.com\/embed\/MT_zOjd2p0k\" title=\"[Toreco]: Echipamente pentru spalatorie profesionala - ma\u0219ini de sp\u0103lat rufe, calandre, usc\u0103toare\" frameborder=\"0\" allow=\"accelerometer; autoplay; clipboard-write; encrypted-media; gyroscope; picture-in-picture; web-share\" allowfullscreen><\/iframe><\/p>\n<p>Professional tumble dryer, electric, capacity 20kg, drum volume 422 liters, safety switch when opening the door, electronic time and temperature control, insulation to maintain heat, electrostatically painted external panels, stainless steel vat, easy-to-clean filter, two working speeds, indicator light understanding about the instatanee state of the machine process.<\/p>\n<p>Technical Specifications<br \/>\nDrum volume: 422 liters<br \/>\nDry load: 20kg (35kg \/ h)<br \/>\nHeating: electric<br \/>\nControl system: programmable Automatic Control<br \/>\nEngine: 0.55 kW<br \/>\nElectric heating power: 20,4 kW<br \/>\nFan power: 1.1 kW<br \/>\nWeight: 435 kg<br \/>\nDimensions (WxDxH): 1116 x 1382 x 1971 mm<\/p>\n<p>Functions and advantages<br \/>\nSpa\u021biu minim &#8211; Mai multe usc\u0103toare adiacente pot fi utilizate pe m\u0103sur\u0103 ce spa\u021biul necesar u\u0219ii batante este eliminat.<br \/>\nErgonomic &#8211; U\u0219or de \u00eendep\u0103rtat scamele formate \u00een timpul procesului, filtrele de aer sunt u\u0219or de accesat.<br \/>\nInteligent &#8211; Prezentare instantanee a st\u0103rii ma\u0219inii cu indicatorul luminos inteligent.<br \/>\nRapid &#8211;  Desc\u0103rcare rapid\u0103 \u0219i utilizare u\u0219oar\u0103 \u00een spa\u021bii \u00eenguste cu u\u0219i glisante.<br \/>\nEficient &#8211; Mai mult\u0103 c\u0103ldur\u0103 transferat\u0103 \u00een aerul de uscare cu suprafa\u021ba mare de transfer special conceput\u0103 \u0219i bobinele de abur.<\/p>\n<p>Electric, steam or gas heating system<br \/>\nStainless steel drum<br \/>\nConstant \/ two-way spin<\/p>\n<p>Contact us for more details<\/p>","protected":false},"excerpt":{"rendered":"<p><strong>Available to order<\/strong><\/p>\n<p>Professional tumble dryer, electric, capacity 20kg, drum volume 422 liters, safety switch when opening the door, electronic time and temperature control, insulation to maintain heat, electrostatically painted external panels, stainless steel vat, easy-to-clean filter, two working speeds, indicator light understanding about the instatanee state of the machine process.<\/p>","protected":false},"featured_media":12542,"comment_status":"closed","ping_status":"closed","template":"","meta":[],"product_cat":[293,34,43,40,41,46,109],"product_tag":[294],"class_list":["post-12541","product","type-product","status-publish","has-post-thumbnail","hentry","product_cat-masini-de-spalat","product_cat-hotel","product_cat-medicina","product_cat-restaurant-si-bucatarie","product_cat-servicii-de-curatenie","product_cat-sport-si-fitness","product_cat-utilaje-pentru-curatenie","product_tag-masina-profesionala-de-spalat","pa_brand-toreco"],"_links":{"self":[{"href":"https:\/\/toreco.md\/en\/wp-json\/wp\/v2\/product\/12541","targetHints":{"allow":["GET"]}}],"collection":[{"href":"https:\/\/toreco.md\/en\/wp-json\/wp\/v2\/product"}],"about":[{"href":"https:\/\/toreco.md\/en\/wp-json\/wp\/v2\/types\/product"}],"replies":[{"embeddable":true,"href":"https:\/\/toreco.md\/en\/wp-json\/wp\/v2\/comments?post=12541"}],"wp:featuredmedia":[{"embeddable":true,"href":"https:\/\/toreco.md\/en\/wp-json\/wp\/v2\/media\/12542"}],"wp:attachment":[{"href":"https:\/\/toreco.md\/en\/wp-json\/wp\/v2\/media?parent=12541"}],"wp:term":[{"taxonomy":"product_cat","embeddable":true,"href":"https:\/\/toreco.md\/en\/wp-json\/wp\/v2\/product_cat?post=12541"},{"taxonomy":"product_tag","embeddable":true,"href":"https:\/\/toreco.md\/en\/wp-json\/wp\/v2\/product_tag?post=12541"}],"curies":[{"name":"wp","href":"https:\/\/api.w.org\/{rel}","templated":true}]}}