{"id":12375,"date":"2023-05-22T12:59:49","date_gmt":"2023-05-22T09:59:49","guid":{"rendered":"https:\/\/toreco.md\/?post_type=product&#038;p=12375"},"modified":"2025-05-27T14:50:49","modified_gmt":"2025-05-27T11:50:49","slug":"twe10-masina-de-spalat-profesionala-10kg","status":"publish","type":"product","link":"https:\/\/toreco.md\/en\/product\/dupa-tip\/utilaje-pentru-curatenie\/masini-de-spalat\/twe10-masina-de-spalat-profesionala-10kg\/","title":{"rendered":"TWE10, Professional washing machine, 10kg"},"content":{"rendered":"<p><iframe loading=\"lazy\" width=\"640\" height=\"360\" src=\"https:\/\/www.youtube.com\/embed\/MT_zOjd2p0k\" title=\"[Toreco]: Echipamente pentru spalatorie profesionala - ma\u0219ini de sp\u0103lat rufe, calandre, usc\u0103toare\" frameborder=\"0\" allow=\"accelerometer; autoplay; clipboard-write; encrypted-media; gyroscope; picture-in-picture; web-share\" allowfullscreen><\/iframe><\/p>\n<p>High spin washer with damping, TWE10. It does not require anchoring in the floor. Programmable with Automatic control and transfer \/ copy of programs to USB stick. Overview of the operating State described by a smart led. They allow easy loading and unloading of laundry thanks to an ergonomic closure system. Smart suspension. Suitable for dosing systems.<\/p>\n<p>Technical Specifications<br \/>\nDrum volume: 103 liters<br \/>\nDry load: 10kg (15kg \/ h)<br \/>\nHeating: electric or steam<br \/>\nControl system: programmable Automatic Control<br \/>\nEngine: 1.5 kW<br \/>\nElectric heating power: 9 kW<br \/>\nForce G: 360G<br \/>\nCycle time: 30-45 min<br \/>\nWeight: 438 kg<br \/>\nDimensions (WxDxH): 880 x 967 x 1500 mm<\/p>\n<p>Functions and advantages<br \/>\nCompact &#8211; Eficien\u021b\u0103 maxim\u0103 \u00een spa\u021bii \u00eenguste datorit\u0103 dimensiunilor compacte<br \/>\nTehnologie \u00eenalt\u0103 &#8211; Configurarea \u0219i copierea rapid\u0103 \u0219i u\u0219oar\u0103 a programelor de sp\u0103lare \u0219i chimice prin porturile USB de pe ma\u0219ini.<br \/>\nInteligent &#8211; Prezentare instantanee a st\u0103rii ma\u0219inii cu indicatorul luminos inteligent.<br \/>\nU\u0219or de utilizat &#8211; Simplu \u0219i u\u0219or de utilizat de introducere a datelor de interfa\u021b\u0103 cu utilizatorul \u0219i urm\u0103rirea proceselor.<br \/>\nPractic &#8211; \u00cenc\u0103rcare \u0219i desc\u0103rcare u\u0219oar\u0103 cu u\u0219a mare de \u00eenc\u0103rcare larg\u0103 \u0219i fa\u021ba conic\u0103 a tamburului.<br \/>\nDe \u00eencredere &#8211; Un arbore de tambur de \u00eenalt\u0103 precizie, cu o durat\u0103 lung\u0103 de via\u021b\u0103.<\/p>\n<p>Contact us for more details<\/p>","protected":false},"excerpt":{"rendered":"<p>Available to order<\/p>\n<p>High spin washer with damping, TWE10. It does not require anchoring in the floor. Programmable with Automatic control and transfer \/ copy of programs to USB stick. Overview of the operating State described by a smart led. They allow easy loading and unloading of laundry thanks to an ergonomic closure system. Smart suspension. Suitable for dosing systems.<\/p>","protected":false},"featured_media":12376,"comment_status":"closed","ping_status":"closed","template":"","meta":[],"product_cat":[293,34,43,40,41,46,109],"product_tag":[294],"class_list":["post-12375","product","type-product","status-publish","has-post-thumbnail","hentry","product_cat-masini-de-spalat","product_cat-hotel","product_cat-medicina","product_cat-restaurant-si-bucatarie","product_cat-servicii-de-curatenie","product_cat-sport-si-fitness","product_cat-utilaje-pentru-curatenie","product_tag-masina-profesionala-de-spalat","pa_brand-toreco"],"_links":{"self":[{"href":"https:\/\/toreco.md\/en\/wp-json\/wp\/v2\/product\/12375","targetHints":{"allow":["GET"]}}],"collection":[{"href":"https:\/\/toreco.md\/en\/wp-json\/wp\/v2\/product"}],"about":[{"href":"https:\/\/toreco.md\/en\/wp-json\/wp\/v2\/types\/product"}],"replies":[{"embeddable":true,"href":"https:\/\/toreco.md\/en\/wp-json\/wp\/v2\/comments?post=12375"}],"wp:featuredmedia":[{"embeddable":true,"href":"https:\/\/toreco.md\/en\/wp-json\/wp\/v2\/media\/12376"}],"wp:attachment":[{"href":"https:\/\/toreco.md\/en\/wp-json\/wp\/v2\/media?parent=12375"}],"wp:term":[{"taxonomy":"product_cat","embeddable":true,"href":"https:\/\/toreco.md\/en\/wp-json\/wp\/v2\/product_cat?post=12375"},{"taxonomy":"product_tag","embeddable":true,"href":"https:\/\/toreco.md\/en\/wp-json\/wp\/v2\/product_tag?post=12375"}],"curies":[{"name":"wp","href":"https:\/\/api.w.org\/{rel}","templated":true}]}}