{"id":12353,"date":"2023-05-12T12:54:09","date_gmt":"2023-05-12T09:54:09","guid":{"rendered":"https:\/\/toreco.md\/?post_type=product&#038;p=12353"},"modified":"2024-06-25T15:24:13","modified_gmt":"2024-06-25T12:24:13","slug":"de-ink-ultra-detergent-curatare-pix-marker-clei-750-ml","status":"publish","type":"product","link":"https:\/\/toreco.md\/en\/product\/dupa-tip\/detergenti-si-dezinfectanti-profesionali\/detergenti-speciali\/de-ink-ultra-detergent-curatare-pix-marker-clei-750-ml\/","title":{"rendered":"De-Ink Ultra, detergent cleaning traces pen, marker, glue, 750 ml"},"content":{"rendered":"<p>Solvent-based degreaser especially for cleaning, washable marks, pen, marker, ink, graffiti, stamps, grease, glue, scotch, etc. ) as well as fresh traces of paint. Does not require rinsing, after washing the surface dries quickly without traces. Recommended for the cleaning and self-control plan H.A.C.C.P. Professional product, read the technical and safety data sheet before using the product. 90% biodegradable product.<\/p>\n<p>FIELD OF USE<br \/>\nThe hotel industry, restaurants, canteens, boarding houses, bars, schools, hospitals, car service and repair, printers, printing companies, specialized cleaning companies, etc.<\/p>\n<p>USE<br \/>\nCleaning and degreasing of surfaces made of: plastic, alucobond, pvc, stainless steel, wood, linoleum, parquet, carpet, fabrics, tetraparquet, floors protected with epoxy paint, wooden furniture, tiles, tiles, travertine, marble, granite, glass surfaces, car interiors, stainless steel, painted surfaces, PC monitor, showcases, offices, etc. In a concentrated state, it is not used on painted and unprotected surfaces. For cleaning adhesive residues, car decals, cleaning rubber and gomma marks, pen, marker, pencil, scotch marks, graffiti, dry cleaner, paint, etc. In a concentrated state, it is not used on painted and unprotected surfaces or car interiors. For floor maintenance, the product can be diluted.<\/p>\n<p>DOSAGE<br \/>\nAutomat sau Manual 1% &#8211; 5% per litru de ap\u0103 | 1: 100 lt de ap\u0103 | 1: 20 lt de ap\u0103. Dozarea produsului se face \u00een func\u021bie de gradul de murd\u0103rie al suprafe\u021bei. Pentru \u00eendepartarea urmelor de scoth, pix, cerneal\u0103, lavabil\u0103, grafiti, folosi\u021bi produsul \u00een stare concentrat\u0103, important este c\u0103 \u00eenainte s\u0103 proba\u021bi produsul \u00een partea mai pu\u021bin vizibil\u0103 a suprafe\u021bei.<\/p>\n<p>WAY OF USSAGE<br \/>\nCLEANING AND DEGREASING SURFACES<br \/>\nVacuum the dust and remove any residue from the surface to be washed. Dilute the product, then start washing the surface with a mop or professional washing equipment. Repeat the washing operation if necessary. No rinsing, but if you consider it necessary, rinse the surface. To dose the product, use the dispenser provided with the can or ask the Toreco Specialist for the necessary information in this regard.<\/p>\n<p>USE OF THE PRODUCT IN CONCENTRATED STATE<br \/>\nSpray the product keeping the bottle in a vertical position 20 cm from the surface to be cleaned. Distribute evenly using preferably paper or a clean cloth. Rub until dry. If cleaning delicate surfaces, rinse and dry. Repeat if necessary. Do not use on painted and unprotected surfaces, we recommend testing the product first on a very small hidden surface.<\/p>\n<p>Volume: 750 ml<\/p>","protected":false},"excerpt":{"rendered":"<p>Solvent-based degreaser especially for cleaning, washable marks, pen, marker, ink, graffiti, stamps, grease, glue, scotch, etc. ) as well as fresh traces of paint. Does not require rinsing, after washing the surface dries quickly without traces. <\/p>","protected":false},"featured_media":12354,"comment_status":"closed","ping_status":"closed","template":"","meta":[],"product_cat":[81,45,34,42,44,43,40,41,46,71],"product_tag":[169],"class_list":["post-12353","product","type-product","status-publish","has-post-thumbnail","hentry","product_cat-detergenti-speciali","product_cat-industria-auto","product_cat-hotel","product_cat-industria-de-producere-si-prelucrare","product_cat-institutii-de-invatamint","product_cat-medicina","product_cat-restaurant-si-bucatarie","product_cat-servicii-de-curatenie","product_cat-sport-si-fitness","product_cat-detergenti-si-dezinfectanti-profesionali","product_tag-detergent","pa_brand-sanidet"],"_links":{"self":[{"href":"https:\/\/toreco.md\/en\/wp-json\/wp\/v2\/product\/12353","targetHints":{"allow":["GET"]}}],"collection":[{"href":"https:\/\/toreco.md\/en\/wp-json\/wp\/v2\/product"}],"about":[{"href":"https:\/\/toreco.md\/en\/wp-json\/wp\/v2\/types\/product"}],"replies":[{"embeddable":true,"href":"https:\/\/toreco.md\/en\/wp-json\/wp\/v2\/comments?post=12353"}],"wp:featuredmedia":[{"embeddable":true,"href":"https:\/\/toreco.md\/en\/wp-json\/wp\/v2\/media\/12354"}],"wp:attachment":[{"href":"https:\/\/toreco.md\/en\/wp-json\/wp\/v2\/media?parent=12353"}],"wp:term":[{"taxonomy":"product_cat","embeddable":true,"href":"https:\/\/toreco.md\/en\/wp-json\/wp\/v2\/product_cat?post=12353"},{"taxonomy":"product_tag","embeddable":true,"href":"https:\/\/toreco.md\/en\/wp-json\/wp\/v2\/product_tag?post=12353"}],"curies":[{"name":"wp","href":"https:\/\/api.w.org\/{rel}","templated":true}]}}