{"id":12040,"date":"2023-02-24T09:52:44","date_gmt":"2023-02-24T07:52:44","guid":{"rendered":"https:\/\/toreco.md\/?post_type=product&#038;p=12040"},"modified":"2025-05-27T14:50:59","modified_gmt":"2025-05-27T11:50:59","slug":"v-press-818-plus-presa-de-balotat-electro-hidraulica-hsm","status":"publish","type":"product","link":"https:\/\/toreco.md\/en\/product\/dupa-tip\/utilaje-pentru-deseuri\/prese-de-balotat\/v-press-818-plus-presa-de-balotat-electro-hidraulica-hsm\/","title":{"rendered":"Electro-Hydraulic Baler Press, V-Press 818 plus, HSM"},"content":{"rendered":"<p><iframe loading=\"lazy\" width=\"640\" height=\"360\" src=\"https:\/\/www.youtube.com\/embed\/TZ_MzIAoG0A\" title=\"[TORECO]: Presele de balotat HSM\" frameborder=\"0\" allow=\"accelerometer; autoplay; clipboard-write; encrypted-media; gyroscope; picture-in-picture; web-share\" allowfullscreen><\/iframe><\/p>\n<p>Pres\u0103 vertical\u0103 de balotat HSM V-Press 818 plus &#8211; datorit\u0103 \u00een\u0103l\u021bimii sale reduse de transport, HSM V-Press 818 poate fi transportat cu u\u0219urin\u021b\u0103 oriunde este necesar s\u0103 fie folosit. Pentru a umple presa, jum\u0103tatea superioar\u0103 a u\u0219ilor este \u00eempins\u0103 \u00een jos \u0219i se deschide automat dup\u0103 procesul de compresie. Blocare u\u0219\u0103 roat\u0103 manual\u0103 &#8211; u\u0219or de manevrat datorit\u0103 filetului contra-rotativ pentru deschidere \u0219i \u00eenchidere rapid\u0103. \u00cen\u0103l\u021bime mic\u0103 de instalare \u0219i amprent\u0103 mic\u0103. Potrivit at\u00e2t pentru carton, c\u00e2t \u0219i pentru pelicul\u0103. Pornirea automat\u0103 a procesului de presare dup\u0103 \u00eenchiderea u\u0219ii. Tastatur\u0103 cu membran\u0103 convenabil\u0103 cu afi\u0219aj text, care arat\u0103 starea curent\u0103 a ma\u0219inii.<br \/>\nHSM TCS (Torsion Control System) for monitoring press ram movement.<br \/>\nBale strapping with polyester tape.<\/p>\n<p>Technical data:<br \/>\nPressing power: 185 kN<br \/>\nSpecific pressing power: 19,23 N\/cm\u00b2<br \/>\nDriving power:\t4 kW<br \/>\nVoltage \/ Frequency: 400 V \/ 50 Hz<br \/>\nCycle time when idling vac\u00edo: 27 s<br \/>\nVolume throughput in idle operation (theor.): 5 m\u00b3\/h<br \/>\nLoading height: 958 mm<br \/>\nLoading aperture width x height: 1195 x 530 mm<br \/>\nBale length x Bale width x Bale height: 1200 x 780 x 700 mm<br \/>\nBale weight: 200 kg<br \/>\nWidth x Depth x Height: 1700 x 1046 x 2370 mm<br \/>\nWeight: 1031 kg<br \/>\nType of consumables: Strapping tape<br \/>\nPress material: Plastic film, Mixed paper, Cardboard, Punch waste\/residue, Clothing<\/p>\n<p><a href=\"https:\/\/toreco.md\/en\/general\/toreco-devine-distribuitor-autorizat-in-moldova-pentru-brandul-german-hsm\/\"><img decoding=\"async\" src=\"https:\/\/toreco.md\/wp-content\/uploads\/2024\/02\/icon-toreco-distribuitor-autorizat-hsm-germania-moldova.png\" alt=\"Distribuitor Autorizat HSM\" \/><\/a><\/p>","protected":false},"excerpt":{"rendered":"<p>Available to order | <strong>Request offer by email<\/strong><\/p>\n<p>Vertical Baler HSM V-Press 818 plus is suitable for baling Plastic film, mixed paper, cardboard, waste\/perforation residue, clothing, etc.<\/p>","protected":false},"featured_media":12041,"comment_status":"closed","ping_status":"closed","template":"","meta":[],"product_cat":[108,45,34,42,40],"product_tag":[202],"class_list":["post-12040","product","type-product","status-publish","has-post-thumbnail","hentry","product_cat-prese-de-balotat","product_cat-industria-auto","product_cat-hotel","product_cat-industria-de-producere-si-prelucrare","product_cat-restaurant-si-bucatarie","product_tag-presa-de-balotat","pa_brand-hsm"],"_links":{"self":[{"href":"https:\/\/toreco.md\/en\/wp-json\/wp\/v2\/product\/12040","targetHints":{"allow":["GET"]}}],"collection":[{"href":"https:\/\/toreco.md\/en\/wp-json\/wp\/v2\/product"}],"about":[{"href":"https:\/\/toreco.md\/en\/wp-json\/wp\/v2\/types\/product"}],"replies":[{"embeddable":true,"href":"https:\/\/toreco.md\/en\/wp-json\/wp\/v2\/comments?post=12040"}],"wp:featuredmedia":[{"embeddable":true,"href":"https:\/\/toreco.md\/en\/wp-json\/wp\/v2\/media\/12041"}],"wp:attachment":[{"href":"https:\/\/toreco.md\/en\/wp-json\/wp\/v2\/media?parent=12040"}],"wp:term":[{"taxonomy":"product_cat","embeddable":true,"href":"https:\/\/toreco.md\/en\/wp-json\/wp\/v2\/product_cat?post=12040"},{"taxonomy":"product_tag","embeddable":true,"href":"https:\/\/toreco.md\/en\/wp-json\/wp\/v2\/product_tag?post=12040"}],"curies":[{"name":"wp","href":"https:\/\/api.w.org\/{rel}","templated":true}]}}