{"id":11248,"date":"2023-01-31T09:17:44","date_gmt":"2023-01-31T07:17:44","guid":{"rendered":"https:\/\/toreco.md\/?post_type=product&#038;p=11248"},"modified":"2023-11-07T14:11:35","modified_gmt":"2023-11-07T12:11:35","slug":"strike-2-detergent-degresant-5-kg","status":"publish","type":"product","link":"https:\/\/toreco.md\/en\/product\/dupa-tip\/detergenti-si-dezinfectanti-profesionali\/detergenti-speciali\/strike-2-detergent-degresant-5-kg\/","title":{"rendered":"STRIKE 2, degreasing detergent, 5 kg"},"content":{"rendered":"<p>Universal bi-component solvent detergent, super degreasing<br \/>\nTwo-component super degreasing concentrated solution for fast and effective cleaning of any type of dirt on all types of surfaces. Due to the active principles, which only come into contact when they are mixed, it gives the product a much higher efficiency when diluted in water. Biodegradable product with very good properties for degreasing, washing and removing several types of organic mineral dirt or mixed or synthetic dirt. It is recommended to vigorously shake the can before use. It also acts successfully on old deposits of dirt. The product is a non-flammable liquid, based on surfactants with high cleaning and emulsifying power, in aqueous solution. Professional product, read the technical and safety data sheet before use. 90% biodegradable product.<\/p>\n<p>FIELD OF USE<br \/>\nThe food and agro-food industry, professional kitchens, restaurants, hotels, boarding houses, bakeries, pizzerias, the mechanical industry, the Ho.Re.Ca system, car service, the automotive sector, car washes, cleaning companies, etc.<\/p>\n<p>USE<br \/>\nCleaning persistent dirt of organic origin (oil, animal or vegetable fat stains, beeswax, etc.), mineral dirt (car oils, petroleum jelly, traces of diesel or gasoline, mud, etc.) and mixed or synthetic dirt (glue, cellulose, traces of paint, traces of rubber, etc.) from surfaces and equipment, in general, maintenance of floors in storage spaces or industrial halls, daily cleaning of surfaces and floors in car service centers, gas stations, industry mechanics. For the general cleaning of kitchens and professional equipment in the agro-food industry, cleaning truck tarpaulins and trucks, car engines, industrial machinery, car parts, automobiles, etc. Shake the container before use.<\/p>\n<p>DOSAGE<br \/>\nAutomatic or Manual<br \/>\n0,5 &#8211; 3% per litru de ap\u0103 | 5 &#8211; 30gr per litru de apa | Intre\u021binere 1: 200lt de ap\u0103 | Cur\u0103\u021bare 1: 35lt ap\u0103 Diluarea se face \u00een func\u0163ie gradul de murd\u0103rie al suprafe\u021bei, dac\u0103 considera\u0163i c\u0103 este necesar m\u0103ri\u0163i doza f\u0103r\u0103 s\u0103 exagera\u021bi. Dac\u0103 suprafa\u021ba o permite \u0219i considera\u0163i necesar acolo unde este nevoie folosi\u0163i produsul direct pe suprafa\u0163a care trebuie cur\u0103\u0163at\u0103, l\u0103sa\u0163i s\u0103 actioneze dup\u0103 care clati\u0163i bine suprafa\u021ba.<\/p>\n<p>WAY OF USSAGE<br \/>\nVacuum the dust and remove any residue from the surface to be washed. Dilute the product, then start washing the surface using a mop, cloth, sponge or professional washing equipment. Repeat the washing operation if necessary. Let the surface dry without rinsing. If you consider it necessary, rinse the surface. For the product dosing system, ask your sales agent or supplier for the necessary information. Where there are old traces of persistent dirt, spray the product in a concentrated state directly on the dirt mark (if the floor allows this), leave it to work and then wash it off the surface.<\/p>\n<p>Volume: 5 kg<\/p>","protected":false},"excerpt":{"rendered":"<p>Two-component super degreasing concentrated solution for fast and effective cleaning of any type of dirt on all types of surfaces. Due to the active principles, which only come into contact when they are mixed, it gives the product a much higher efficiency when diluted in water. Biodegradable product with very good properties for degreasing, washing and removing several types of organic mineral dirt or mixed or synthetic dirt. It is recommended to vigorously shake the can before use. It also acts successfully on old deposits of dirt.<\/p>","protected":false},"featured_media":11249,"comment_status":"closed","ping_status":"closed","template":"","meta":[],"product_cat":[81,45,34,42,44,43,40,41,46,71],"product_tag":[169],"class_list":["post-11248","product","type-product","status-publish","has-post-thumbnail","hentry","product_cat-detergenti-speciali","product_cat-industria-auto","product_cat-hotel","product_cat-industria-de-producere-si-prelucrare","product_cat-institutii-de-invatamint","product_cat-medicina","product_cat-restaurant-si-bucatarie","product_cat-servicii-de-curatenie","product_cat-sport-si-fitness","product_cat-detergenti-si-dezinfectanti-profesionali","product_tag-detergent","pa_brand-sanidet"],"_links":{"self":[{"href":"https:\/\/toreco.md\/en\/wp-json\/wp\/v2\/product\/11248","targetHints":{"allow":["GET"]}}],"collection":[{"href":"https:\/\/toreco.md\/en\/wp-json\/wp\/v2\/product"}],"about":[{"href":"https:\/\/toreco.md\/en\/wp-json\/wp\/v2\/types\/product"}],"replies":[{"embeddable":true,"href":"https:\/\/toreco.md\/en\/wp-json\/wp\/v2\/comments?post=11248"}],"wp:featuredmedia":[{"embeddable":true,"href":"https:\/\/toreco.md\/en\/wp-json\/wp\/v2\/media\/11249"}],"wp:attachment":[{"href":"https:\/\/toreco.md\/en\/wp-json\/wp\/v2\/media?parent=11248"}],"wp:term":[{"taxonomy":"product_cat","embeddable":true,"href":"https:\/\/toreco.md\/en\/wp-json\/wp\/v2\/product_cat?post=11248"},{"taxonomy":"product_tag","embeddable":true,"href":"https:\/\/toreco.md\/en\/wp-json\/wp\/v2\/product_tag?post=11248"}],"curies":[{"name":"wp","href":"https:\/\/api.w.org\/{rel}","templated":true}]}}