{"id":11240,"date":"2023-01-30T15:13:00","date_gmt":"2023-01-30T13:13:00","guid":{"rendered":"https:\/\/toreco.md\/?post_type=product&#038;p=11240"},"modified":"2025-05-27T14:48:54","modified_gmt":"2025-05-27T11:48:54","slug":"brillmat-ultra-detergent-clatitor-pentru-masina-de-spalat-vase-25kg","status":"publish","type":"product","link":"https:\/\/toreco.md\/en\/product\/dupa-tip\/detergenti-si-dezinfectanti-profesionali\/bucatarie\/brillmat-ultra-detergent-clatitor-pentru-masina-de-spalat-vase-25kg\/","title":{"rendered":"Brillmat Ultra, dishwasher rinse, 25kg"},"content":{"rendered":"<p>Concentrated solution for automatic dishwashing. Hard water 25\u00b0F &gt; 50\u00b0F<br \/>\nConcentrated ecological solution with antibacterial effect for rinsing and sanitizing dishes in the dishwasher. Brillmat Ultra quickly and effectively neutralizes limescale and detergent residues ensuring the natural shine of dishes and cutlery. Rinsing dishes with Brillmat ensures quick drying without traces of dishes and cutlery, so they can be used shortly after washing without requiring wiping. It prevents the formation of limescale on the dishes and in the dishwasher, the antibacterial effect ensures the necessary daily sanitization of the dishes. Using rinse aid extends the life of your dishwasher. Dosing of the rinsing solution will be done according to the degree of hardness of the water. Recommended for the cleaning and self-control plan H.A.C.C.P. Professional product, read the safety sheet before use! 90% biodegradable product.<\/p>\n<p>FIELD OF USE<br \/>\nThe food and agri-food industry, professional kitchens, hospitals, the Ho.Re.Ca system, the hotel industry, catering companies, butchers, pastry shops, canteens, restaurants, fast food, hospitals, schools, etc.<\/p>\n<p>USE<br \/>\nFor rinsing: plates, glasses, cups, trays, cutlery, choppers, pots, pans, baking forms, mugs, transport containers, etc. From materials such as: porcelain, glass, stainless steel, plastic, wooden blades, volcanic stone, clay pots, etc. Do not place in the dishwasher tableware with filigree or hand-painted tableware, or tableware made of materials that cannot withstand moisture or chemicals.<\/p>\n<p>DOSAGE<br \/>\nAutomatic or Manual<br \/>\nPentru cl\u0103tirea vaselor automat \u00eentre: 0,2 &#8211; 1.5 gr. de produs per litru de ap\u0103, dozarea se face \u00een func\u021bie de duritatea apei. Cantitatea de solu\u021bie de cl\u0103tire pentru cl\u0103tirea unui co\u0219 de farfurii (apox.18buc) cu ajutorul ma\u0219inii de sp\u0103lat vase este de 1.5gr &#8211; 4.5gr \/ co\u0219 de vase. Dozarea produsului este recomandat\u0103 pentru ap\u0103 cu duritate medie \u00eentre 25\u00b0F > 50\u00b0F (grade franceze). Pentru calibrarea doz\u0103rii se va \u021bine cont de gradul de murd\u0103rie al veselei \u0219i duritatea apei.<\/p>\n<p>WAY OF USSAGE<br \/>\nBefore washing the dishes in the washing machine, carefully remove household debris, if the debris is old and very dry, rinse with a little water and a sponge. In the case of the automatic dosing system, adjust the dosing pump so that it absorbs the amount of product indicated in the technical sheet. The dosing system is the perfect way to use the product, recommended by the manufacturer. The use of the dosing system helps to obtain optimal efficiency and guarantees quality in the washing process. For the information necessary to use the automatic dosing system for detergents and rinse solutions, please contact your supplier.<\/p>\n<p>Volume: 25 kg<\/p>","protected":false},"excerpt":{"rendered":"<p>Concentrated ecological solution with antibacterial effect for rinsing and sanitizing dishes in the dishwasher. Brillmat Ultra quickly and effectively neutralizes limescale and detergent residues ensuring the natural shine of dishes and cutlery. Rinsing dishes with Brillmat ensures quick drying without traces of dishes and cutlery, so they can be used shortly after washing without requiring wiping. It prevents the formation of limescale on the dishes and in the dishwasher, the antibacterial effect ensures the necessary daily sanitization of the dishes.<\/p>","protected":false},"featured_media":11241,"comment_status":"closed","ping_status":"closed","template":"","meta":[],"product_cat":[74,34,42,44,40,71],"product_tag":[169],"class_list":["post-11240","product","type-product","status-publish","has-post-thumbnail","hentry","product_cat-bucatarie","product_cat-hotel","product_cat-industria-de-producere-si-prelucrare","product_cat-institutii-de-invatamint","product_cat-restaurant-si-bucatarie","product_cat-detergenti-si-dezinfectanti-profesionali","product_tag-detergent","pa_brand-sanidet"],"_links":{"self":[{"href":"https:\/\/toreco.md\/en\/wp-json\/wp\/v2\/product\/11240","targetHints":{"allow":["GET"]}}],"collection":[{"href":"https:\/\/toreco.md\/en\/wp-json\/wp\/v2\/product"}],"about":[{"href":"https:\/\/toreco.md\/en\/wp-json\/wp\/v2\/types\/product"}],"replies":[{"embeddable":true,"href":"https:\/\/toreco.md\/en\/wp-json\/wp\/v2\/comments?post=11240"}],"wp:featuredmedia":[{"embeddable":true,"href":"https:\/\/toreco.md\/en\/wp-json\/wp\/v2\/media\/11241"}],"wp:attachment":[{"href":"https:\/\/toreco.md\/en\/wp-json\/wp\/v2\/media?parent=11240"}],"wp:term":[{"taxonomy":"product_cat","embeddable":true,"href":"https:\/\/toreco.md\/en\/wp-json\/wp\/v2\/product_cat?post=11240"},{"taxonomy":"product_tag","embeddable":true,"href":"https:\/\/toreco.md\/en\/wp-json\/wp\/v2\/product_tag?post=11240"}],"curies":[{"name":"wp","href":"https:\/\/api.w.org\/{rel}","templated":true}]}}