{"id":11234,"date":"2023-01-25T13:04:25","date_gmt":"2023-01-25T11:04:25","guid":{"rendered":"https:\/\/toreco.md\/?post_type=product&#038;p=11234"},"modified":"2025-05-27T14:51:12","modified_gmt":"2025-05-27T11:51:12","slug":"v-press-825-plus-presa-de-balotat-electro-hidraulica","status":"publish","type":"product","link":"https:\/\/toreco.md\/en\/product\/dupa-tip\/utilaje-pentru-deseuri\/prese-de-balotat\/v-press-825-plus-presa-de-balotat-electro-hidraulica\/","title":{"rendered":"Electro-Hydraulic Baler Press, V-Press 825 plus"},"content":{"rendered":"<p><iframe loading=\"lazy\" width=\"640\" height=\"360\" src=\"https:\/\/www.youtube.com\/embed\/TZ_MzIAoG0A\" title=\"[TORECO]: Presele de balotat HSM\" frameborder=\"0\" allow=\"accelerometer; autoplay; clipboard-write; encrypted-media; gyroscope; picture-in-picture; web-share\" allowfullscreen><\/iframe><\/p>\n<p>Pres\u0103 vertical\u0103 de balotat HSM V-Press 825 plus se caracterizeaz\u0103 prin \u00een\u0103l\u021bimea sa de transport foarte mic\u0103. Pentru a umple presa, jum\u0103tatea superioar\u0103 a u\u0219ilor este pliat\u0103 \u00een jos. Blocare u\u0219\u0103 roat\u0103 manual\u0103 &#8211; u\u0219or de manevrat datorit\u0103 filetului contra-rotativ pentru deschidere \u0219i \u00eenchidere rapid\u0103. Potrivit at\u00e2t pentru carton, c\u00e2t \u0219i pentru pelicul\u0103. Pornirea automat\u0103 a procesului de presare dup\u0103 \u00eenchiderea u\u0219ii. Tastatur\u0103 cu membran\u0103 \u0219i afi\u0219aj text, care arat\u0103 starea curent\u0103 a ma\u0219inii. HSM TCS (sistem de control al trac\u021biunii) pentru monitorizarea mi\u0219c\u0103rii pl\u0103cii de presare. Legare balo\u021bi cu band\u0103 de poliester.<\/p>\n<p>Technical data:<br \/>\nPressing power: 250 kN<br \/>\nSpecific pressing power: 26 N\/cm\u00b2<br \/>\nVoltage \/ Frequency: 400 V \/ 50 Hz<br \/>\nBale length x Bale width x Bale height: 1200 x 780 x 700 mm<br \/>\nDriving power:\t4 kW<br \/>\nWidth x Depth x Height: 1700 x 1046 x 2307 mm<br \/>\nWeight: 1063 kg<br \/>\nPress material:\tPunch waste\/residue, Cardboard, Mixed paper, Plastic film<\/p>\n<p><a href=\"https:\/\/toreco.md\/en\/general\/toreco-devine-distribuitor-autorizat-in-moldova-pentru-brandul-german-hsm\/\"><img decoding=\"async\" src=\"https:\/\/toreco.md\/wp-content\/uploads\/2024\/02\/icon-toreco-distribuitor-autorizat-hsm-germania-moldova.png\" alt=\"Distribuitor Autorizat HSM\" \/><\/a><\/p>","protected":false},"excerpt":{"rendered":"<p>Vertical Baler HSM V-Press 825 plus is suitable for baling cardboard, film.<\/p>","protected":false},"featured_media":11235,"comment_status":"closed","ping_status":"closed","template":"","meta":[],"product_cat":[108,45,34,42,40],"product_tag":[202],"class_list":["post-11234","product","type-product","status-publish","has-post-thumbnail","hentry","product_cat-prese-de-balotat","product_cat-industria-auto","product_cat-hotel","product_cat-industria-de-producere-si-prelucrare","product_cat-restaurant-si-bucatarie","product_tag-presa-de-balotat","pa_brand-hsm"],"_links":{"self":[{"href":"https:\/\/toreco.md\/en\/wp-json\/wp\/v2\/product\/11234","targetHints":{"allow":["GET"]}}],"collection":[{"href":"https:\/\/toreco.md\/en\/wp-json\/wp\/v2\/product"}],"about":[{"href":"https:\/\/toreco.md\/en\/wp-json\/wp\/v2\/types\/product"}],"replies":[{"embeddable":true,"href":"https:\/\/toreco.md\/en\/wp-json\/wp\/v2\/comments?post=11234"}],"wp:featuredmedia":[{"embeddable":true,"href":"https:\/\/toreco.md\/en\/wp-json\/wp\/v2\/media\/11235"}],"wp:attachment":[{"href":"https:\/\/toreco.md\/en\/wp-json\/wp\/v2\/media?parent=11234"}],"wp:term":[{"taxonomy":"product_cat","embeddable":true,"href":"https:\/\/toreco.md\/en\/wp-json\/wp\/v2\/product_cat?post=11234"},{"taxonomy":"product_tag","embeddable":true,"href":"https:\/\/toreco.md\/en\/wp-json\/wp\/v2\/product_tag?post=11234"}],"curies":[{"name":"wp","href":"https:\/\/api.w.org\/{rel}","templated":true}]}}