{"id":11002,"date":"2022-11-03T14:51:57","date_gmt":"2022-11-03T12:51:57","guid":{"rendered":"https:\/\/toreco.md\/?post_type=product&#038;p=11002"},"modified":"2024-01-02T14:51:37","modified_gmt":"2024-01-02T12:51:37","slug":"maner-inox-cu-pulverizator-spraypro-145-cm","status":"publish","type":"product","link":"https:\/\/toreco.md\/en\/product\/dupa-tip\/echipamente-curatenie\/mopuri-maturi-farase\/maner-inox-cu-pulverizator-spraypro-145-cm\/","title":{"rendered":"Universal handle with built-in tank, SprayPro, 145cm"},"content":{"rendered":"<p>Universal handle with built-in tank for quick spot cleaning of the floor by spray method. The SprayPro Inox system is a simple solution for manual cleaning. The SprayPro Inox handle is compatible with our popular flooring cleaning systems and easily adapts to your on-site needs.<br \/>\nTake the handle, connect it to any Vileda Professional mop holder, pour the cleaning solution or water into the tank, and the system is ready for cleaning.<br \/>\nPress the lever to spray the solution on the floor covering and start cleaning. If the mop has become too dry or you need to add more detergent to the floor surface, just press the lever (trigger).<\/p>\n<p>Scope of application:<br \/>\n&#8211; Facilit\u0103\u021bi: imobiliare comerciale \u0219i necomerciale, unit\u0103\u021bi medicale, produc\u021bie \u0219i HoReCa.<br \/>\n&#8211; Ideal pentru cur\u0103\u021barea camerelor, cum ar fi holuri \u0219i camere de hotel, zone de recep\u021bie, case de sc\u0103ri, terenuri alimentare, toalete etc.<br \/>\n&#8211; M\u00e2ner din sistemul SprayPro Inox pentru cur\u0103\u021barea expres\u0103 a contamin\u0103rii locale sau la fa\u021ba locului \u0219i a suprafe\u021belor limitate de p\u00e2n\u0103 la 75 mp.<\/p>\n<p>Features and benefits:<br \/>\n&#8211; O solu\u021bie convenabil\u0103 pentru cur\u0103\u021barea suprafe\u021belor mici f\u0103r\u0103 a utiliza g\u0103le\u021bi \u0219i rotire.<br \/>\n&#8211; U\u0219or \u0219i u\u0219or de utilizat.<br \/>\n&#8211; Sistemul este \u00eentotdeauna gata s\u0103 func\u021bioneze.<br \/>\n&#8211; Fabricat din o\u021bel inoxidabil durabil: nu rugine\u0219te at\u00e2t \u00een exterior, c\u00e2t \u0219i \u00een interior.<br \/>\n&#8211; M\u0103surarea diviziunilor de pe m\u00e2ner pentru a controla cantitatea de lichid turnat\u0103 \u00een rezervorul m\u00e2nerului.<br \/>\n&#8211; M\u00e2ner Ergonomic.<br \/>\n&#8211; Capacul impermeabil protejeaz\u0103 \u00eempotriva scurgerilor atunci c\u00e2nd m\u00e2nerul este r\u0103sturnat.<br \/>\n&#8211; Duza pulverizatorului poate fi \u00eendep\u0103rtat\u0103 \u0219i sp\u0103lat\u0103 cu u\u0219urin\u021b\u0103.<br \/>\n&#8211; Autocolante cu coduri de culori pentru a elimina contaminarea \u00eencruci\u0219at\u0103 incluse.<\/p>\n<p>Specifications<br \/>\n&#8211; Greutate: 580 g.<br \/>\n&#8211; Dimensiune: \u00een\u0103l\u021bimea m\u00e2nerului 145 cm, Volumul rezervorului 350 ml, volumul lichidului 335 ml, consumul de lichid 4 g\/cm.<\/p>","protected":false},"excerpt":{"rendered":"<p>Universal handle with built-in tank for quick spot cleaning of the floor by spray method. The SprayPro Inox system is a simple solution for manual cleaning. The SprayPro Inox handle is compatible with our popular flooring cleaning systems and easily adapts to your on-site needs.<br \/>\nTake the handle, connect it to any Vileda Professional mop holder, pour the cleaning solution or water into the tank, and the system is ready for cleaning.<br \/>\nPress the lever to spray the solution on the floor covering and start cleaning. If the mop has become too dry or you need to add more detergent to the floor surface, just press the lever (trigger).<\/p>","protected":false},"featured_media":11003,"comment_status":"closed","ping_status":"closed","template":"","meta":[],"product_cat":[92,45,34,42,44,43,40,41,46,90,93],"product_tag":[182,181],"class_list":["post-11002","product","type-product","status-publish","has-post-thumbnail","hentry","product_cat-mopuri-maturi-farase","product_cat-industria-auto","product_cat-hotel","product_cat-industria-de-producere-si-prelucrare","product_cat-institutii-de-invatamint","product_cat-medicina","product_cat-restaurant-si-bucatarie","product_cat-servicii-de-curatenie","product_cat-sport-si-fitness","product_cat-echipamente-curatenie","product_cat-raclete-si-perii-profesionale","product_tag-maner","product_tag-mop","pa_brand-vileda-professional"],"_links":{"self":[{"href":"https:\/\/toreco.md\/en\/wp-json\/wp\/v2\/product\/11002","targetHints":{"allow":["GET"]}}],"collection":[{"href":"https:\/\/toreco.md\/en\/wp-json\/wp\/v2\/product"}],"about":[{"href":"https:\/\/toreco.md\/en\/wp-json\/wp\/v2\/types\/product"}],"replies":[{"embeddable":true,"href":"https:\/\/toreco.md\/en\/wp-json\/wp\/v2\/comments?post=11002"}],"wp:featuredmedia":[{"embeddable":true,"href":"https:\/\/toreco.md\/en\/wp-json\/wp\/v2\/media\/11003"}],"wp:attachment":[{"href":"https:\/\/toreco.md\/en\/wp-json\/wp\/v2\/media?parent=11002"}],"wp:term":[{"taxonomy":"product_cat","embeddable":true,"href":"https:\/\/toreco.md\/en\/wp-json\/wp\/v2\/product_cat?post=11002"},{"taxonomy":"product_tag","embeddable":true,"href":"https:\/\/toreco.md\/en\/wp-json\/wp\/v2\/product_tag?post=11002"}],"curies":[{"name":"wp","href":"https:\/\/api.w.org\/{rel}","templated":true}]}}