{"id":10994,"date":"2022-11-03T14:24:41","date_gmt":"2022-11-03T12:24:41","guid":{"rendered":"https:\/\/toreco.md\/?post_type=product&#038;p=10994"},"modified":"2025-08-28T14:58:09","modified_gmt":"2025-08-28T11:58:09","slug":"suport-multiduster-maxi-670x55x30-mm","status":"publish","type":"product","link":"https:\/\/toreco.md\/en\/product\/dupa-tip\/echipamente-curatenie\/mopuri-maturi-farase\/suport-multiduster-maxi-670x55x30-mm\/","title":{"rendered":"Holder MultiDuster, 670x55x30 mm"},"content":{"rendered":"<p>A system for cleaning hard-to-reach surfaces that takes and holds various shapes. The MultiDuster system is designed for cleaning hard-to-reach and non-standard surfaces, such as cabinets, ventilation systems, partitions, radiators, built-in furniture. The MultiDuster has a unique mechanism that allows you to adapt the shape of the holder to the interior item directly during use. Bend it in the desired position, and the mechanism will provide fixation and sufficient pressure on the surface for its effective cleaning. After use, simply return the holder to its original position or bend it into a new shape. The narrow design of the holder makes it easy to clean confined spaces such as radiators, partitions, pipes, etc. It can be used independently and in combination with a telescopic handle for cleaning pipes and protrusions at a height of up to 3 m<\/p>\n<p>Scope of application:<br \/>\n&#8211; Imobiliare comerciale \u0219i necomerciale, inclusiv centre de afaceri, centre comerciale, birouri, complexe reziden\u021biale, sport, culturale, institu\u021bii de \u00eenv\u0103\u021b\u0103m\u00e2nt, transport, aeroporturi, g\u0103ri; institu\u021bii medicale, HoReCa.<br \/>\n&#8211; Cur\u0103\u021barea suprafe\u021belor verticale \u0219i orizontale de diferite forme, inclusiv \u00eenguste, greu accesibile \u0219i \u00eendep\u0103rtate. De exemplu: balustrade, radiatoare, dulapuri, bare transversale, \u021bevi, echipamente etc.<\/p>\n<p>Features and benefits<br \/>\n&#8211; Forma plat\u0103 \u0219i \u00eengust\u0103 v\u0103 permite s\u0103 ajunge\u021bi \u00een cele mai inaccesibile locuri.<br \/>\n&#8211; Datorit\u0103 designului format din 5 segmente, acesta ia diferite forme \u0219i este fixat \u00een siguran\u021b\u0103 \u00een ele.<br \/>\n&#8211; Balamalele asigur\u0103 o schimbare rapid\u0103 a formei \u00een timpul cur\u0103\u021b\u0103rii.<br \/>\n&#8211; C\u00e2rlig \u00een m\u00e2nerul suportului pentru fixarea sigur\u0103 a duzei.<br \/>\n&#8211; U\u0219or de \u0219ters \u0219i cur\u0103\u021bat de murd\u0103rie.<br \/>\n&#8211; Plasticul neporos nu permite bacteriilor s\u0103 se \u00eenmul\u021beasc\u0103 pe suprafa\u021ba suportului.<br \/>\n&#8211; Rezistent la cele mai comune dezinfectante \u0219i detergen\u021bi.<br \/>\n&#8211; Compatibil cu m\u00e2nere telescopice, care v\u0103 permite s\u0103 cur\u0103\u021ba\u021bi obiecte la o distan\u021b\u0103 de p\u00e2n\u0103 la 2,5-3 m.<\/p>","protected":false},"excerpt":{"rendered":"<p>A system for cleaning hard-to-reach surfaces that takes and holds various shapes. The MultiDuster system is designed for cleaning hard-to-reach and non-standard surfaces, such as cabinets, ventilation systems, partitions, radiators, built-in furniture. The MultiDuster has a unique mechanism that allows you to adapt the shape of the holder to the interior item directly during use. <\/p>","protected":false},"featured_media":10995,"comment_status":"closed","ping_status":"closed","template":"","meta":[],"product_cat":[92,45,34,42,44,43,40,41,46,90],"product_tag":[183,185],"class_list":["post-10994","product","type-product","status-publish","has-post-thumbnail","hentry","product_cat-mopuri-maturi-farase","product_cat-industria-auto","product_cat-hotel","product_cat-industria-de-producere-si-prelucrare","product_cat-institutii-de-invatamint","product_cat-medicina","product_cat-restaurant-si-bucatarie","product_cat-servicii-de-curatenie","product_cat-sport-si-fitness","product_cat-echipamente-curatenie","product_tag-pamatuf","product_tag-suport","pa_brand-vileda-professional"],"_links":{"self":[{"href":"https:\/\/toreco.md\/en\/wp-json\/wp\/v2\/product\/10994","targetHints":{"allow":["GET"]}}],"collection":[{"href":"https:\/\/toreco.md\/en\/wp-json\/wp\/v2\/product"}],"about":[{"href":"https:\/\/toreco.md\/en\/wp-json\/wp\/v2\/types\/product"}],"replies":[{"embeddable":true,"href":"https:\/\/toreco.md\/en\/wp-json\/wp\/v2\/comments?post=10994"}],"wp:featuredmedia":[{"embeddable":true,"href":"https:\/\/toreco.md\/en\/wp-json\/wp\/v2\/media\/10995"}],"wp:attachment":[{"href":"https:\/\/toreco.md\/en\/wp-json\/wp\/v2\/media?parent=10994"}],"wp:term":[{"taxonomy":"product_cat","embeddable":true,"href":"https:\/\/toreco.md\/en\/wp-json\/wp\/v2\/product_cat?post=10994"},{"taxonomy":"product_tag","embeddable":true,"href":"https:\/\/toreco.md\/en\/wp-json\/wp\/v2\/product_tag?post=10994"}],"curies":[{"name":"wp","href":"https:\/\/api.w.org\/{rel}","templated":true}]}}