{"id":10992,"date":"2022-11-03T14:12:22","date_gmt":"2022-11-03T12:12:22","guid":{"rendered":"https:\/\/toreco.md\/?post_type=product&#038;p=10992"},"modified":"2026-03-10T11:47:56","modified_gmt":"2026-03-10T09:47:56","slug":"galeata-cu-rotile-si-storcator-ultraspeed-pro-25-l","status":"publish","type":"product","link":"https:\/\/toreco.md\/en\/product\/dupa-tip\/echipamente-curatenie\/carucioare-si-galeti\/galeata-cu-rotile-si-storcator-ultraspeed-pro-25-l\/","title":{"rendered":"ULTRASPEED PRO single bucket system, 25 L"},"content":{"rendered":"<p>The ULTRASPEED PRO single bucket system with a 25 l bucket on a platform without a transport handle is a professional system for cleaning small areas using the bucket\u2013water method with a unique highly efficient nozzle extraction. Floor cleaning in offices, business centers, shops, shopping centers, beauty salons, cafes, restaurants, hotels and premises with high traffic and an average area of up to 300 sq. m. Suitable for all types of cleaning tasks.<\/p>\n<p>Types of surfaces:<br \/>\nAny hard floor coverings, including tiles, granite, natural stone, self-leveling floors, parquet, parquet board, laminate, linoleum, vinyl coverings; baseboards, walls, stairs, railings.<\/p>\n<p>Features and benefits<br \/>\n&#8211; V\u0103 permite s\u0103 cur\u0103\u021ba\u021bi rapid \u0219i ergonomic camerele cu productivitate ridicat\u0103.<br \/>\n&#8211; Patentat tunel spin este cu 50% mai eficient dec\u00e2t spin vertical\u0103 conven\u021bional\u0103. Datorit\u0103 acestui fapt, podelele sp\u0103late se usuc\u0103 mai repede \u0219i pot fi utilizate aproape imediat.<br \/>\n&#8211; Designul inovator de rotire v\u0103 permite s\u0103 str\u00e2nge\u021bi duzele cu mai pu\u021bin efort \u0219i f\u0103r\u0103 a fi nevoie s\u0103 v\u0103 apleca\u021bi puternic spre g\u0103leat\u0103.<br \/>\n&#8211; O g\u0103leat\u0103 atent\u0103, cu un canal de scurgere special, o scal\u0103 de m\u0103surare \u0219i un m\u00e2ner de transport convenabil.<br \/>\n&#8211; Fixarea mopurilor pe curele elimin\u0103 necesitatea de a le \u00eendep\u0103rta pentru stoarcere, ceea ce cre\u0219te viteza de cur\u0103\u021bare.<br \/>\n&#8211; Materiale u\u0219oare \u0219i design ergonomic pentru u\u0219urin\u021b\u0103 \u00een utilizare pe tot parcursul zilei.<br \/>\n&#8211; O platform\u0103 stabil\u0103 pentru g\u0103leat\u0103, care poate fi \u00eendep\u0103rtat\u0103 cu u\u0219urin\u021b\u0103 \u00eentr-o singur\u0103 mi\u0219care, dac\u0103 este necesar.<br \/>\n&#8211; Capacitatea de a completa cu cleme \u00eenlocuibile cu coduri de culori pentru a elimina contaminarea \u00eencruci\u0219at\u0103.<\/p>","protected":false},"excerpt":{"rendered":"<p>The ULTRASPEED PRO single bucket system with a 25 l bucket on a platform without a transport handle is a professional system for cleaning small areas using the bucket\u2013water method with a unique highly efficient nozzle extraction. Floor cleaning in offices, business centers, shops, shopping centers, beauty salons, cafes, restaurants, hotels and premises with high traffic and an average area of up to 300 sq. m. Suitable for all types of cleaning tasks.<\/p>","protected":false},"featured_media":10993,"comment_status":"closed","ping_status":"closed","template":"","meta":[],"product_cat":[91,45,34,42,44,43,40,41,46,90],"product_tag":[175,176],"class_list":["post-10992","product","type-product","status-publish","has-post-thumbnail","hentry","product_cat-carucioare-si-galeti","product_cat-industria-auto","product_cat-hotel","product_cat-industria-de-producere-si-prelucrare","product_cat-institutii-de-invatamint","product_cat-medicina","product_cat-restaurant-si-bucatarie","product_cat-servicii-de-curatenie","product_cat-sport-si-fitness","product_cat-echipamente-curatenie","product_tag-galeata","product_tag-storcator","pa_brand-vileda-professional"],"_links":{"self":[{"href":"https:\/\/toreco.md\/en\/wp-json\/wp\/v2\/product\/10992","targetHints":{"allow":["GET"]}}],"collection":[{"href":"https:\/\/toreco.md\/en\/wp-json\/wp\/v2\/product"}],"about":[{"href":"https:\/\/toreco.md\/en\/wp-json\/wp\/v2\/types\/product"}],"replies":[{"embeddable":true,"href":"https:\/\/toreco.md\/en\/wp-json\/wp\/v2\/comments?post=10992"}],"wp:featuredmedia":[{"embeddable":true,"href":"https:\/\/toreco.md\/en\/wp-json\/wp\/v2\/media\/10993"}],"wp:attachment":[{"href":"https:\/\/toreco.md\/en\/wp-json\/wp\/v2\/media?parent=10992"}],"wp:term":[{"taxonomy":"product_cat","embeddable":true,"href":"https:\/\/toreco.md\/en\/wp-json\/wp\/v2\/product_cat?post=10992"},{"taxonomy":"product_tag","embeddable":true,"href":"https:\/\/toreco.md\/en\/wp-json\/wp\/v2\/product_tag?post=10992"}],"curies":[{"name":"wp","href":"https:\/\/api.w.org\/{rel}","templated":true}]}}