{"id":10990,"date":"2022-11-03T13:59:49","date_gmt":"2022-11-03T11:59:49","guid":{"rendered":"https:\/\/toreco.md\/?post_type=product&#038;p=10990"},"modified":"2024-02-16T12:32:33","modified_gmt":"2024-02-16T10:32:33","slug":"laveta-microfibra-teatowel-60x40-cm","status":"publish","type":"product","link":"https:\/\/toreco.md\/en\/product\/dupa-tip\/consumabile-igiena\/lavete-si-bureti\/laveta-microfibra-teatowel-60x40-cm\/","title":{"rendered":"Laveta Microfibra Teatowel, 60&#215;40 cm"},"content":{"rendered":"<p><iframe loading=\"lazy\" width=\"640\" height=\"360\" src=\"https:\/\/www.youtube.com\/embed\/q76PwtzhbJ4\" title=\"[TORECO]: De ce anume lavetele profesionale din microfibra?\" frameborder=\"0\" allow=\"accelerometer; autoplay; clipboard-write; encrypted-media; gyroscope; picture-in-picture; web-share\" allowfullscreen><\/iframe><\/p>\n<p>TEATOWEL Micro Napkin for restaurants, bars and cafes. Polishes dishes, glasses and any glossy surfaces without streaks and lint.<\/p>\n<p>Scope of application:<br \/>\n&#8211; Segmentul HoReCa-unitati de catering si hoteluri: restaurante, cafenele, baruri, cantine, catering, bucatarii, etc.<br \/>\n&#8211; \u0218tergerea, uscarea, lustruirea paharelor, farfuriilor, tac\u00e2murilor \u0219i suprafe\u021belor lucioase.<br \/>\n&#8211; Tipuri de suprafe\u021be: sticl\u0103, cristal, ceramic\u0103, por\u021belan, oglind\u0103, crom, lucios, lustruit, delicat.<\/p>\n<p>Features and benefits<br \/>\n&#8211; Nu las\u0103 scame \u0219i dungi.<br \/>\n&#8211; \u00cendep\u0103rteaz\u0103 cu u\u0219urin\u021b\u0103 murd\u0103ria gras\u0103, amprentele digitale \u0219i calcarul.<br \/>\n&#8211; \u00cendep\u0103rteaz\u0103 perfect placa de pe ochelari de la colorarea b\u0103uturilor alcoolice, cum ar fi vinul.<br \/>\n&#8211; Dimensiunea mare a lavetei v\u0103 permite s\u0103 \u0219terge\u021bi paharele \u0219i vasele f\u0103r\u0103 a le atinge cu m\u00e2inile.<br \/>\n&#8211; Durat\u0103 de via\u021b\u0103 foarte lung\u0103 \u0219i rezisten\u021b\u0103 la deteriorare.<\/p>\n<p>Composition:<br \/>\nMicrofiber (70% polyester, 30% polyamide).<\/p>\n<p>Specifications<br \/>\n&#8211; Dimensiune: 60, 40 cm.<br \/>\n&#8211; Grosime: 0,8 mm.<br \/>\n&#8211; Greutatea unui \u0219erve\u021bel: 43 grame (175 g\/m2).<br \/>\n&#8211; Absorb\u021bie maxim\u0103 \u00een stare uscat\u0103: 325% din greutatea proprie.<br \/>\n&#8211; Num\u0103rul de sp\u0103l\u0103ri de ma\u0219ini: poate rezista p\u00e2n\u0103 la 400 de sp\u0103l\u0103ri de ma\u0219ini la o temperatur\u0103 de 60 grade C.<\/p>","protected":false},"excerpt":{"rendered":"<p>TEATOWEL Micro Napkin for restaurants, bars and cafes. Polishes dishes, glasses and any glossy surfaces without streaks and lint.<\/p>","protected":false},"featured_media":10991,"comment_status":"closed","ping_status":"closed","template":"","meta":[],"product_cat":[96,45,34,42,44,43,40,41,46,95],"product_tag":[184],"class_list":["post-10990","product","type-product","status-publish","has-post-thumbnail","hentry","product_cat-lavete-si-bureti","product_cat-industria-auto","product_cat-hotel","product_cat-industria-de-producere-si-prelucrare","product_cat-institutii-de-invatamint","product_cat-medicina","product_cat-restaurant-si-bucatarie","product_cat-servicii-de-curatenie","product_cat-sport-si-fitness","product_cat-consumabile-igiena","product_tag-laveta","pa_brand-vileda-professional"],"_links":{"self":[{"href":"https:\/\/toreco.md\/en\/wp-json\/wp\/v2\/product\/10990","targetHints":{"allow":["GET"]}}],"collection":[{"href":"https:\/\/toreco.md\/en\/wp-json\/wp\/v2\/product"}],"about":[{"href":"https:\/\/toreco.md\/en\/wp-json\/wp\/v2\/types\/product"}],"replies":[{"embeddable":true,"href":"https:\/\/toreco.md\/en\/wp-json\/wp\/v2\/comments?post=10990"}],"wp:featuredmedia":[{"embeddable":true,"href":"https:\/\/toreco.md\/en\/wp-json\/wp\/v2\/media\/10991"}],"wp:attachment":[{"href":"https:\/\/toreco.md\/en\/wp-json\/wp\/v2\/media?parent=10990"}],"wp:term":[{"taxonomy":"product_cat","embeddable":true,"href":"https:\/\/toreco.md\/en\/wp-json\/wp\/v2\/product_cat?post=10990"},{"taxonomy":"product_tag","embeddable":true,"href":"https:\/\/toreco.md\/en\/wp-json\/wp\/v2\/product_tag?post=10990"}],"curies":[{"name":"wp","href":"https:\/\/api.w.org\/{rel}","templated":true}]}}