{"id":10981,"date":"2022-11-03T13:00:51","date_gmt":"2022-11-03T11:00:51","guid":{"rendered":"https:\/\/toreco.md\/?post_type=product&#038;p=10981"},"modified":"2026-03-26T14:57:59","modified_gmt":"2026-03-26T12:57:59","slug":"suport-combispeed-pro-frame-pentru-mop-50-cm","status":"publish","type":"product","link":"https:\/\/toreco.md\/en\/product\/dupa-tip\/echipamente-curatenie\/mopuri-maturi-farase\/suport-combispeed-pro-frame-pentru-mop-50-cm\/","title":{"rendered":"Moped holder CombiSpeed Pro Frame, 50 cm"},"content":{"rendered":"<p>Universal moped holder 2 in 1. Suitable for mops with both pockets and straps. Robust construction, high maneuverability and a wide pedal for folding the holder. Universal holder for mops CombiSpeed Pro 2 in 1 is used with a one-bucket or two-bucket system and the traditional method of cleaning \"bucket-water\". It is used mainly with vertical, as well as roller spin.<\/p>\n<p>Scope of application:<br \/>\n&#8211; Imobiliare comerciale \u0219i necomerciale, inclusiv centre de afaceri, centre comerciale, birouri, complexe reziden\u021biale, sport, culturale, institu\u021bii de \u00eenv\u0103\u021b\u0103m\u00e2nt, transport, aeroporturi, g\u0103ri; unit\u0103\u021bi de asisten\u021b\u0103 medical\u0103, unit\u0103\u021bi de produc\u021bie, HoReCa \u0219i alte facilit\u0103\u021bi de cur\u0103\u021benie.<br \/>\n&#8211; Sp\u0103larea cu mopuri de orice suprafa\u021b\u0103: podele, plinte, sc\u0103ri, pere\u021bi, tavane.<br \/>\n&#8211; Utilizat cu mopuri pe buzunare \u0219i curele \u0219i presare vertical\u0103 a sistemului CombiSpeed Pro pentru cur\u0103\u021barea profesional\u0103 a spa\u021biilor cu o suprafa\u021b\u0103 de 100 mp sau mai mult prin metoda g\u0103leat\u0103-ap\u0103.<\/p>\n<p>Size: 50 cm<\/p>","protected":false},"excerpt":{"rendered":"<p>Universal moped holder 2 in 1. Suitable for mops with both pockets and straps. Robust construction, high maneuverability and a wide pedal for folding the holder. Universal holder for mops CombiSpeed Pro 2 in 1 is used with a one-bucket or two-bucket system and the traditional method of cleaning \"bucket-water\". It is used mainly with vertical, as well as roller spin.<\/p>","protected":false},"featured_media":10982,"comment_status":"closed","ping_status":"closed","template":"","meta":[],"product_cat":[92,45,34,42,44,43,40,41,46,90],"product_tag":[185],"class_list":["post-10981","product","type-product","status-publish","has-post-thumbnail","hentry","product_cat-mopuri-maturi-farase","product_cat-industria-auto","product_cat-hotel","product_cat-industria-de-producere-si-prelucrare","product_cat-institutii-de-invatamint","product_cat-medicina","product_cat-restaurant-si-bucatarie","product_cat-servicii-de-curatenie","product_cat-sport-si-fitness","product_cat-echipamente-curatenie","product_tag-suport","pa_brand-vileda-professional"],"_links":{"self":[{"href":"https:\/\/toreco.md\/en\/wp-json\/wp\/v2\/product\/10981","targetHints":{"allow":["GET"]}}],"collection":[{"href":"https:\/\/toreco.md\/en\/wp-json\/wp\/v2\/product"}],"about":[{"href":"https:\/\/toreco.md\/en\/wp-json\/wp\/v2\/types\/product"}],"replies":[{"embeddable":true,"href":"https:\/\/toreco.md\/en\/wp-json\/wp\/v2\/comments?post=10981"}],"wp:featuredmedia":[{"embeddable":true,"href":"https:\/\/toreco.md\/en\/wp-json\/wp\/v2\/media\/10982"}],"wp:attachment":[{"href":"https:\/\/toreco.md\/en\/wp-json\/wp\/v2\/media?parent=10981"}],"wp:term":[{"taxonomy":"product_cat","embeddable":true,"href":"https:\/\/toreco.md\/en\/wp-json\/wp\/v2\/product_cat?post=10981"},{"taxonomy":"product_tag","embeddable":true,"href":"https:\/\/toreco.md\/en\/wp-json\/wp\/v2\/product_tag?post=10981"}],"curies":[{"name":"wp","href":"https:\/\/api.w.org\/{rel}","templated":true}]}}