{"id":10979,"date":"2022-11-03T12:46:43","date_gmt":"2022-11-03T10:46:43","guid":{"rendered":"https:\/\/toreco.md\/?post_type=product&#038;p=10979"},"modified":"2026-03-26T14:59:10","modified_gmt":"2026-03-26T12:59:10","slug":"mop-ultraspeed-mini","status":"publish","type":"product","link":"https:\/\/toreco.md\/en\/product\/dupa-tip\/echipamente-curatenie\/mopuri-maturi-farase\/mop-ultraspeed-mini\/","title":{"rendered":"Ultraspeed Mini Mop"},"content":{"rendered":"<p>The Ultraspeed Mini mop is very easy to use. Just put the mop in the cleaning solution, then insert into the wringer mechanism, press the pedal to start the rotary movement, then remove and start cleaning. Since the release mechanism is controlled by a foot pedal, it is very ergonomic to use. The back and wrist do not need to bend or press the lever to control the press.<br \/>\nThe Ultraspid Mini mop is designed for cleaning surfaces in offices, apartments, shops, beauty salons, cafes, restaurants, medical centers, residential complexes and premises with low traffic and a small area of up to 75 sq. m<\/p>\n<p>Features and benefits<br \/>\n&#8211; Microfibr\u0103 100% pentru cur\u0103\u021barea eficient\u0103 a murd\u0103riei.<br \/>\n&#8211; Form\u0103 triunghiular\u0103 pentru cur\u0103\u021barea u\u0219oar\u0103 a col\u021burilor.<br \/>\n&#8211; U\u0219or de stors \u00een mini storc\u0103tor.<br \/>\n&#8211; Poate fi sp\u0103lat \u00een ma\u0219in\u0103 de sp\u0103lat.<\/p>","protected":false},"excerpt":{"rendered":"<p>The Ultraspeed Mini mop is very easy to use. Just put the mop in the cleaning solution, then insert into the wringer mechanism, press the pedal to start the rotary movement, then remove and start cleaning. Since the release mechanism is controlled by a foot pedal, it is very ergonomic to use. The back and wrist do not need to bend or press the lever to control the press.<\/p>","protected":false},"featured_media":10980,"comment_status":"closed","ping_status":"closed","template":"","meta":[],"product_cat":[92,45,34,42,44,43,40,41,46,90],"product_tag":[181],"class_list":["post-10979","product","type-product","status-publish","has-post-thumbnail","hentry","product_cat-mopuri-maturi-farase","product_cat-industria-auto","product_cat-hotel","product_cat-industria-de-producere-si-prelucrare","product_cat-institutii-de-invatamint","product_cat-medicina","product_cat-restaurant-si-bucatarie","product_cat-servicii-de-curatenie","product_cat-sport-si-fitness","product_cat-echipamente-curatenie","product_tag-mop","pa_brand-vileda-professional"],"_links":{"self":[{"href":"https:\/\/toreco.md\/en\/wp-json\/wp\/v2\/product\/10979","targetHints":{"allow":["GET"]}}],"collection":[{"href":"https:\/\/toreco.md\/en\/wp-json\/wp\/v2\/product"}],"about":[{"href":"https:\/\/toreco.md\/en\/wp-json\/wp\/v2\/types\/product"}],"replies":[{"embeddable":true,"href":"https:\/\/toreco.md\/en\/wp-json\/wp\/v2\/comments?post=10979"}],"wp:featuredmedia":[{"embeddable":true,"href":"https:\/\/toreco.md\/en\/wp-json\/wp\/v2\/media\/10980"}],"wp:attachment":[{"href":"https:\/\/toreco.md\/en\/wp-json\/wp\/v2\/media?parent=10979"}],"wp:term":[{"taxonomy":"product_cat","embeddable":true,"href":"https:\/\/toreco.md\/en\/wp-json\/wp\/v2\/product_cat?post=10979"},{"taxonomy":"product_tag","embeddable":true,"href":"https:\/\/toreco.md\/en\/wp-json\/wp\/v2\/product_tag?post=10979"}],"curies":[{"name":"wp","href":"https:\/\/api.w.org\/{rel}","templated":true}]}}