{"id":10833,"date":"2022-09-20T02:09:05","date_gmt":"2022-09-19T23:09:05","guid":{"rendered":"https:\/\/toreco.md\/?post_type=product&#038;p=10833"},"modified":"2025-01-21T10:32:09","modified_gmt":"2025-01-21T08:32:09","slug":"servetele-de-masa-2str-33x33-cm-200-buc-albe-advanced-tork","status":"publish","type":"product","link":"https:\/\/toreco.md\/en\/product\/dupa-tip\/prosoape-servetele-hartie\/servetele-de-masa\/servetele-de-masa-2str-33x33-cm-200-buc-albe-advanced-tork\/","title":{"rendered":"Servetele de Masa, 2str, 33&#215;33 cm, 200 buc, Albe, Advanced, Tork"},"content":{"rendered":"<p>\u0218erve\u021bele de mas\u0103 Tork Lunch sunt ideale pentru localurile \u00een care se servesc mese u\u0219oare sau gust\u0103ri. Sunt furnizate \u00eentr-o gam\u0103 larg\u0103 de culori moderne \u0219i clasice, pentru a se asorta cu decorul restaurantului dvs. \u0218erve\u021belul de mas\u0103 de m\u0103rime medie pentru pr\u00e2nz \u00eendepline\u0219te criteriile de performan\u021b\u0103 \u0219i cost<\/p>\n<p>Specifications:<br \/>\nUnfolded length: 32.8 cm<br \/>\nFolded width: 16.3 cm<br \/>\nUnfolded width: 32.5 cm<br \/>\nFolded length: 16.4 cm<br \/>\nPly: 2<br \/>\nColor: White<br \/>\nNumber of napkins in package: 200 PCs<\/p>","protected":false},"excerpt":{"rendered":"<p>Tork Lunch napkins are ideal for light meals or snacks. They are supplied in a wide range of modern and classic colors to match your restaurant decor. the medium-sized table napkin for lunch meets the performance and cost criteria<\/p>","protected":false},"featured_media":10834,"comment_status":"closed","ping_status":"closed","template":"","meta":[],"product_cat":[49,34,42,44,40,18],"product_tag":[160],"class_list":["post-10833","product","type-product","status-publish","has-post-thumbnail","hentry","product_cat-servetele-de-masa","product_cat-hotel","product_cat-industria-de-producere-si-prelucrare","product_cat-institutii-de-invatamint","product_cat-restaurant-si-bucatarie","product_cat-prosoape-servetele-hartie","product_tag-servetele-de-masa","pa_brand-tork"],"_links":{"self":[{"href":"https:\/\/toreco.md\/en\/wp-json\/wp\/v2\/product\/10833","targetHints":{"allow":["GET"]}}],"collection":[{"href":"https:\/\/toreco.md\/en\/wp-json\/wp\/v2\/product"}],"about":[{"href":"https:\/\/toreco.md\/en\/wp-json\/wp\/v2\/types\/product"}],"replies":[{"embeddable":true,"href":"https:\/\/toreco.md\/en\/wp-json\/wp\/v2\/comments?post=10833"}],"wp:featuredmedia":[{"embeddable":true,"href":"https:\/\/toreco.md\/en\/wp-json\/wp\/v2\/media\/10834"}],"wp:attachment":[{"href":"https:\/\/toreco.md\/en\/wp-json\/wp\/v2\/media?parent=10833"}],"wp:term":[{"taxonomy":"product_cat","embeddable":true,"href":"https:\/\/toreco.md\/en\/wp-json\/wp\/v2\/product_cat?post=10833"},{"taxonomy":"product_tag","embeddable":true,"href":"https:\/\/toreco.md\/en\/wp-json\/wp\/v2\/product_tag?post=10833"}],"curies":[{"name":"wp","href":"https:\/\/api.w.org\/{rel}","templated":true}]}}