{"id":10800,"date":"2022-09-13T11:31:31","date_gmt":"2022-09-13T08:31:31","guid":{"rendered":"https:\/\/toreco.md\/?post_type=product&#038;p=10800"},"modified":"2026-02-03T13:08:31","modified_gmt":"2026-02-03T11:08:31","slug":"kitchenpro-washn-walk-dezinfectant-acid-suprafete-bucatarie","status":"publish","type":"product","link":"https:\/\/toreco.md\/en\/product\/dupa-tip\/detergenti-si-dezinfectanti-profesionali\/curatare-pardoseli-si-suprafete\/kitchenpro-washn-walk-dezinfectant-acid-suprafete-bucatarie\/","title":{"rendered":"Kitchenpro Wash&#8217;n Walk, detergent suprafe\u021be, pardoseli"},"content":{"rendered":"<p>Detergent for floors, especially for kitchen floors. It attacks fat deposited on slippery kitchen floors, helping to reduce slips and falls.<\/p>\n<p>Performan\u021b\u0103. Gr\u0103simea &#8211; Elimina enzimele speciale ce descompun toate tipurile de gr\u0103sime \u0219i unsoare<br \/>\nContinuous action, enzymes work during application and after.<\/p>\n<p>Efficiency. Without rinsing, leave the solution on the surface for its effect. Increased working efficiency due to one-stage cleaning<\/p>\n<p>Safety. Improved slip resistance, it is proven to make floors less slippery<br \/>\nIt saves water and energy, eliminates the rinsing step and is eicient in cold water.<\/p>\n<p>Volume: 2 liters<\/p>","protected":false},"excerpt":{"rendered":"<p>Detergent for floors, especially for kitchen floors. It attacks fat deposited on slippery kitchen floors, helping to reduce slips and falls.<\/p>","protected":false},"featured_media":10801,"comment_status":"closed","ping_status":"closed","template":"","meta":[],"product_cat":[79,34,42,44,43,40,41,46,71,74],"product_tag":[169,158],"class_list":["post-10800","product","type-product","status-publish","has-post-thumbnail","hentry","product_cat-curatare-pardoseli-si-suprafete","product_cat-hotel","product_cat-industria-de-producere-si-prelucrare","product_cat-institutii-de-invatamint","product_cat-medicina","product_cat-restaurant-si-bucatarie","product_cat-servicii-de-curatenie","product_cat-sport-si-fitness","product_cat-detergenti-si-dezinfectanti-profesionali","product_cat-bucatarie","product_tag-detergent","product_tag-igienizant","pa_brand-ecolab"],"_links":{"self":[{"href":"https:\/\/toreco.md\/en\/wp-json\/wp\/v2\/product\/10800","targetHints":{"allow":["GET"]}}],"collection":[{"href":"https:\/\/toreco.md\/en\/wp-json\/wp\/v2\/product"}],"about":[{"href":"https:\/\/toreco.md\/en\/wp-json\/wp\/v2\/types\/product"}],"replies":[{"embeddable":true,"href":"https:\/\/toreco.md\/en\/wp-json\/wp\/v2\/comments?post=10800"}],"wp:featuredmedia":[{"embeddable":true,"href":"https:\/\/toreco.md\/en\/wp-json\/wp\/v2\/media\/10801"}],"wp:attachment":[{"href":"https:\/\/toreco.md\/en\/wp-json\/wp\/v2\/media?parent=10800"}],"wp:term":[{"taxonomy":"product_cat","embeddable":true,"href":"https:\/\/toreco.md\/en\/wp-json\/wp\/v2\/product_cat?post=10800"},{"taxonomy":"product_tag","embeddable":true,"href":"https:\/\/toreco.md\/en\/wp-json\/wp\/v2\/product_tag?post=10800"}],"curies":[{"name":"wp","href":"https:\/\/api.w.org\/{rel}","templated":true}]}}