{"id":10769,"date":"2022-09-07T10:05:36","date_gmt":"2022-09-07T07:05:36","guid":{"rendered":"https:\/\/toreco.md\/?post_type=product&#038;p=10769"},"modified":"2025-05-27T14:51:26","modified_gmt":"2025-05-27T11:51:26","slug":"presa-de-balotat-verticala-v-press-610","status":"publish","type":"product","link":"https:\/\/toreco.md\/en\/product\/dupa-tip\/utilaje-pentru-deseuri\/prese-de-balotat\/presa-de-balotat-verticala-v-press-610\/","title":{"rendered":"V-Press 610 - vertical press machine"},"content":{"rendered":"<p><iframe loading=\"lazy\" width=\"640\" height=\"360\" src=\"https:\/\/www.youtube.com\/embed\/TZ_MzIAoG0A\" title=\"[TORECO]: Presele de balotat HSM\" frameborder=\"0\" allow=\"accelerometer; autoplay; clipboard-write; encrypted-media; gyroscope; picture-in-picture; web-share\" allowfullscreen><\/iframe><\/p>\n<p>The HSM V-Press 610 reduces the volume of cardboard or foils in an economical way.<br \/>\nBlocare u\u0219\u0103 roat\u0103 manual\u0103 &#8211; u\u0219or de manevrat datorit\u0103 filetului contra-rotativ pentru deschidere \u0219i \u00eenchidere rapid\u0103.<br \/>\nSpecial retaining claws optimize the compression of the pressing material and reduce the number of loading actions.<br \/>\nSuitable for cardboard as well as film.<br \/>\nAutomatic start of the pressing process after closing the door.<br \/>\nTo fill the press, the upper half of the doors is swung to the right.<br \/>\nConvenient membrane keypad with text display, which shows the current status of the machine.<br \/>\nHSM TCS (Torsion Control System) for monitoring press ram movement.<br \/>\nBale strapping with polyester tape.<\/p>\n<p>Technical data:<br \/>\nPressing power: 120 kN<br \/>\nSpecific pressing power: 25 N\/cm\u00b2<br \/>\nVoltage \/ Frequency: 400 V \/ 50 Hz<br \/>\nBale length x Bale width x Bale height: 800 x 600 x 600 mm<br \/>\nDriving power:\t3 kW<br \/>\nWidth x Depth x Height: 1198 x 823 x 1986 mm<br \/>\nWeight: 540 kg<br \/>\nNumber of strappings: 3<br \/>\nPress material:\tPunch waste\/residue, Cardboard, Mixed paper, Plastic film<br \/>\nUse for product line: V-Press<\/p>\n<p><a href=\"https:\/\/toreco.md\/en\/general\/toreco-devine-distribuitor-autorizat-in-moldova-pentru-brandul-german-hsm\/\"><img decoding=\"async\" src=\"https:\/\/toreco.md\/wp-content\/uploads\/2024\/02\/icon-toreco-distribuitor-autorizat-hsm-germania-moldova.png\" alt=\"Distribuitor Autorizat HSM\" \/><\/a><\/p>","protected":false},"excerpt":{"rendered":"<p>The HSM V-Press 610 reduces the volume of cardboard or foils in an economical way.\nHand wheel door lock - Easy to handle thanks to counter-rotating thread for quick opening and closing.\nSpecial retaining claws optimize the compression of the pressing material and reduce the number of loading actions.<\/p>","protected":false},"featured_media":10770,"comment_status":"closed","ping_status":"closed","template":"","meta":[],"product_cat":[108,45,34,42,40],"product_tag":[202],"class_list":["post-10769","product","type-product","status-publish","has-post-thumbnail","hentry","product_cat-prese-de-balotat","product_cat-industria-auto","product_cat-hotel","product_cat-industria-de-producere-si-prelucrare","product_cat-restaurant-si-bucatarie","product_tag-presa-de-balotat","pa_brand-hsm"],"_links":{"self":[{"href":"https:\/\/toreco.md\/en\/wp-json\/wp\/v2\/product\/10769","targetHints":{"allow":["GET"]}}],"collection":[{"href":"https:\/\/toreco.md\/en\/wp-json\/wp\/v2\/product"}],"about":[{"href":"https:\/\/toreco.md\/en\/wp-json\/wp\/v2\/types\/product"}],"replies":[{"embeddable":true,"href":"https:\/\/toreco.md\/en\/wp-json\/wp\/v2\/comments?post=10769"}],"wp:featuredmedia":[{"embeddable":true,"href":"https:\/\/toreco.md\/en\/wp-json\/wp\/v2\/media\/10770"}],"wp:attachment":[{"href":"https:\/\/toreco.md\/en\/wp-json\/wp\/v2\/media?parent=10769"}],"wp:term":[{"taxonomy":"product_cat","embeddable":true,"href":"https:\/\/toreco.md\/en\/wp-json\/wp\/v2\/product_cat?post=10769"},{"taxonomy":"product_tag","embeddable":true,"href":"https:\/\/toreco.md\/en\/wp-json\/wp\/v2\/product_tag?post=10769"}],"curies":[{"name":"wp","href":"https:\/\/api.w.org\/{rel}","templated":true}]}}