{"id":10737,"date":"2022-09-02T10:10:28","date_gmt":"2022-09-02T07:10:28","guid":{"rendered":"https:\/\/toreco.md\/?post_type=product&#038;p=10737"},"modified":"2022-12-01T10:16:46","modified_gmt":"2022-12-01T08:16:46","slug":"mop-kentuky-microfibra-bumbac-350-gr","status":"publish","type":"product","link":"https:\/\/toreco.md\/en\/product\/dupa-tip\/echipamente-curatenie\/mopuri-maturi-farase\/mop-kentuky-microfibra-bumbac-350-gr\/","title":{"rendered":"Kentucky mop, microfiber-cotton, 350 gr"},"content":{"rendered":"<p>Mop Kentucky &#8211; Fire de bumbac sub\u021biri. Recomandat pentru cur\u0103\u021barea profesional\u0103 a tuturor suprafe\u021belor.  Foarte absorbant \u0219i rezistent. Poate fi utilizat \u0219i cu storc\u0103tor. Fibra rezist\u0103 la: \u00een\u0103lbitori, produse chimice, solven\u021bi, detergenti, etc. Este recomandat ca dup\u0103 utilizare, pentru a preveni orice dezvoltarea a bacteriilor, s\u0103 fie sp\u0103lat \u0219i uscat.<\/p>\n<p>Weight: 350 gr<br \/>\nSize: 36cm<br \/>\nColour: Blue<\/p>","protected":false},"excerpt":{"rendered":"<p>Kentucky Mop-thin cotton yarn. Recommended for professional cleaning of all surfaces. Highly absorbent and resistant. It can also be used with a wringer.<\/p>","protected":false},"featured_media":10738,"comment_status":"closed","ping_status":"closed","template":"","meta":[],"product_cat":[45,34,42,44,43,40,41,46,90,92],"product_tag":[181],"class_list":["post-10737","product","type-product","status-publish","has-post-thumbnail","hentry","product_cat-industria-auto","product_cat-hotel","product_cat-industria-de-producere-si-prelucrare","product_cat-institutii-de-invatamint","product_cat-medicina","product_cat-restaurant-si-bucatarie","product_cat-servicii-de-curatenie","product_cat-sport-si-fitness","product_cat-echipamente-curatenie","product_cat-mopuri-maturi-farase","product_tag-mop","pa_brand-ressol"],"_links":{"self":[{"href":"https:\/\/toreco.md\/en\/wp-json\/wp\/v2\/product\/10737","targetHints":{"allow":["GET"]}}],"collection":[{"href":"https:\/\/toreco.md\/en\/wp-json\/wp\/v2\/product"}],"about":[{"href":"https:\/\/toreco.md\/en\/wp-json\/wp\/v2\/types\/product"}],"replies":[{"embeddable":true,"href":"https:\/\/toreco.md\/en\/wp-json\/wp\/v2\/comments?post=10737"}],"wp:featuredmedia":[{"embeddable":true,"href":"https:\/\/toreco.md\/en\/wp-json\/wp\/v2\/media\/10738"}],"wp:attachment":[{"href":"https:\/\/toreco.md\/en\/wp-json\/wp\/v2\/media?parent=10737"}],"wp:term":[{"taxonomy":"product_cat","embeddable":true,"href":"https:\/\/toreco.md\/en\/wp-json\/wp\/v2\/product_cat?post=10737"},{"taxonomy":"product_tag","embeddable":true,"href":"https:\/\/toreco.md\/en\/wp-json\/wp\/v2\/product_tag?post=10737"}],"curies":[{"name":"wp","href":"https:\/\/api.w.org\/{rel}","templated":true}]}}