{"id":10705,"date":"2022-08-29T14:30:28","date_gmt":"2022-08-29T11:30:28","guid":{"rendered":"https:\/\/toreco.md\/?post_type=product&#038;p=10705"},"modified":"2025-09-04T12:48:38","modified_gmt":"2025-09-04T09:48:38","slug":"maner-aluminiu-cu-orificiu-150cm-albastru","status":"publish","type":"product","link":"https:\/\/toreco.md\/en\/product\/dupa-tip\/echipamente-curatenie\/mopuri-maturi-farase\/maner-aluminiu-cu-orificiu-150cm-albastru\/","title":{"rendered":"Aluminum handle, 150 cm, blue"},"content":{"rendered":"<p>Durable aluminum handle with ergonomic handle and hole.\nThe lightweight handle with a fixed length of 150 cm has a long handle of ergonomic shape with a comfortable grip.<\/p>\n<p>Features and benefits:<br \/>\n&#8211; Montare universal\u0103<br \/>\n&#8211; Datorit\u0103 construc\u021bei \u00eent\u0103rite al m\u00e2nerului, este potrivit pentru lucrul cu mopuri de dimensiuni mari de p\u00e2n\u0103 la 100-150 cm.<br \/>\n&#8211; Fabricat din aluminiu durabil de \u00eenalt\u0103 calitate.<br \/>\n&#8211; Fixarea lungimii optime pentru lucru.<\/p>\n<p>Specifications:<br \/>\n&#8211; Greutate: 300 gr.<br \/>\n&#8211; Dimensiune: \u00een\u0103l\u021bimea m\u00e2nerului 150 cm, diametrul exterior 2.2 cm, diametrul interior 2 cm.<\/p>","protected":false},"excerpt":{"rendered":"<p>Durable aluminum handle with ergonomic handle and hole.\nThe lightweight handle with a fixed length of 150 cm has a long handle of ergonomic shape with a comfortable grip.<\/p>","protected":false},"featured_media":10706,"comment_status":"closed","ping_status":"closed","template":"","meta":[],"product_cat":[92,45,34,42,44,43,40,41,46,90],"product_tag":[182],"class_list":["post-10705","product","type-product","status-publish","has-post-thumbnail","hentry","product_cat-mopuri-maturi-farase","product_cat-industria-auto","product_cat-hotel","product_cat-industria-de-producere-si-prelucrare","product_cat-institutii-de-invatamint","product_cat-medicina","product_cat-restaurant-si-bucatarie","product_cat-servicii-de-curatenie","product_cat-sport-si-fitness","product_cat-echipamente-curatenie","product_tag-maner","pa_brand-vileda-professional"],"_links":{"self":[{"href":"https:\/\/toreco.md\/en\/wp-json\/wp\/v2\/product\/10705","targetHints":{"allow":["GET"]}}],"collection":[{"href":"https:\/\/toreco.md\/en\/wp-json\/wp\/v2\/product"}],"about":[{"href":"https:\/\/toreco.md\/en\/wp-json\/wp\/v2\/types\/product"}],"replies":[{"embeddable":true,"href":"https:\/\/toreco.md\/en\/wp-json\/wp\/v2\/comments?post=10705"}],"wp:featuredmedia":[{"embeddable":true,"href":"https:\/\/toreco.md\/en\/wp-json\/wp\/v2\/media\/10706"}],"wp:attachment":[{"href":"https:\/\/toreco.md\/en\/wp-json\/wp\/v2\/media?parent=10705"}],"wp:term":[{"taxonomy":"product_cat","embeddable":true,"href":"https:\/\/toreco.md\/en\/wp-json\/wp\/v2\/product_cat?post=10705"},{"taxonomy":"product_tag","embeddable":true,"href":"https:\/\/toreco.md\/en\/wp-json\/wp\/v2\/product_tag?post=10705"}],"curies":[{"name":"wp","href":"https:\/\/api.w.org\/{rel}","templated":true}]}}