{"id":10700,"date":"2022-08-29T12:40:55","date_gmt":"2022-08-29T09:40:55","guid":{"rendered":"https:\/\/toreco.md\/?post_type=product&#038;p=10700"},"modified":"2024-07-04T09:21:04","modified_gmt":"2024-07-04T06:21:04","slug":"bureti-pur-active-set-10-buc-galben","status":"publish","type":"product","link":"https:\/\/toreco.md\/en\/product\/dupa-tip\/consumabile-igiena\/lavete-si-bureti\/bureti-pur-active-set-10-buc-galben\/","title":{"rendered":"Sponge Pur Active, 10 Pcs, yellow"},"content":{"rendered":"<p>The special wave-like structure of the cleaning surface of the sponge gently cleans dirt from the surface, unlike conventional abrasives that scrape dirt. As a result, the surface is not damaged, the cleaning time is reduced due to the cleaning efficiency.<\/p>\n<p>The special coating of the PURACTIVE does not peel off during use. The foam in the sponge lies gently and ergonomically in the hand.<\/p>\n<p>Scope of application:<br \/>\nObjects: commercial and non-commercial real estate, healthcare facilities, manufacturing and HoReCa. Ideal for gentle scrubbing of ingrained dirt. Suitable for manual spot cleaning.<\/p>\n<p>Types of surfaces:<br \/>\nMirror, glass, chrome, ceramic, plastic and any hard delicate surfaces, as well as stainless steel.<\/p>\n<p>Features and benefits:<br \/>\n&#8211; Structura special\u0103 \u00een form\u0103 de und\u0103 a suprafe\u021bei de cur\u0103\u021bare a buretelui cur\u0103\u021b\u0103 u\u0219or murd\u0103ria, spre deosebire de abrazivii conven\u021bionali care r\u0103zuiesc murd\u0103ria.<br \/>\n&#8211; Foarte eficient, durabil non-mineral poliuretan de acoperire Pur Active este o parte integrat\u0103 a buretelui \u0219i nu se desprinde \u00een timpul utiliz\u0103rii. Acest lucru asigur\u0103 o durat\u0103 lung\u0103 de via\u021b\u0103 a buretelui.<br \/>\n&#8211; \u00cendepline\u0219te cerin\u021bele standardelor de igien\u0103 \u0219i principiile sistemului de Management al Siguran\u021bei Alimentare (HACCP).<br \/>\n&#8211; 4 culori de material spumant pentru codificarea culorilor \u0219i eliminarea contamin\u0103rii \u00eencruci\u0219ate.<\/p>\n<p>Composition:<br \/>\nBurete-poliuretan 100%; abraziv &#8211; poliamid\u0103 40%, acrilic 60%.<\/p>\n<p>Dimeniuni: 15&#215;7 cm<br \/>\nColor: yellow<\/p>","protected":false},"excerpt":{"rendered":"<p>The special wave-like structure of the cleaning surface of the sponge gently cleans dirt from the surface, unlike conventional abrasives that scrape dirt. As a result, the surface is not damaged, the cleaning time is reduced due to the cleaning efficiency.<\/p>","protected":false},"featured_media":10701,"comment_status":"closed","ping_status":"closed","template":"","meta":[],"product_cat":[96,45,34,42,44,43,40,41,46,95],"product_tag":[184],"class_list":["post-10700","product","type-product","status-publish","has-post-thumbnail","hentry","product_cat-lavete-si-bureti","product_cat-industria-auto","product_cat-hotel","product_cat-industria-de-producere-si-prelucrare","product_cat-institutii-de-invatamint","product_cat-medicina","product_cat-restaurant-si-bucatarie","product_cat-servicii-de-curatenie","product_cat-sport-si-fitness","product_cat-consumabile-igiena","product_tag-laveta","pa_brand-vileda-professional"],"_links":{"self":[{"href":"https:\/\/toreco.md\/en\/wp-json\/wp\/v2\/product\/10700","targetHints":{"allow":["GET"]}}],"collection":[{"href":"https:\/\/toreco.md\/en\/wp-json\/wp\/v2\/product"}],"about":[{"href":"https:\/\/toreco.md\/en\/wp-json\/wp\/v2\/types\/product"}],"replies":[{"embeddable":true,"href":"https:\/\/toreco.md\/en\/wp-json\/wp\/v2\/comments?post=10700"}],"wp:featuredmedia":[{"embeddable":true,"href":"https:\/\/toreco.md\/en\/wp-json\/wp\/v2\/media\/10701"}],"wp:attachment":[{"href":"https:\/\/toreco.md\/en\/wp-json\/wp\/v2\/media?parent=10700"}],"wp:term":[{"taxonomy":"product_cat","embeddable":true,"href":"https:\/\/toreco.md\/en\/wp-json\/wp\/v2\/product_cat?post=10700"},{"taxonomy":"product_tag","embeddable":true,"href":"https:\/\/toreco.md\/en\/wp-json\/wp\/v2\/product_tag?post=10700"}],"curies":[{"name":"wp","href":"https:\/\/api.w.org\/{rel}","templated":true}]}}