{"id":10688,"date":"2022-08-29T11:18:54","date_gmt":"2022-08-29T08:18:54","guid":{"rendered":"https:\/\/toreco.md\/?post_type=product&#038;p=10688"},"modified":"2024-07-04T09:21:19","modified_gmt":"2024-07-04T06:21:19","slug":"bureti-strong-set-10-buc","status":"publish","type":"product","link":"https:\/\/toreco.md\/en\/product\/dupa-tip\/consumabile-igiena\/lavete-si-bureti\/bureti-strong-set-10-buc\/","title":{"rendered":"Sponge Strong, 10 Pcs"},"content":{"rendered":"<p>The highly effective sponge with green abrasive is ideal for washing dishes and removing stains.\nThe green abrasive of the Vileda Professional sponge has an average hardness, which means it can be used to remove ordinary and heavy impurities. The foam material is pleasant to the touch and retains the detergent, which allows it to be spent more efficiently.<\/p>\n<p>Scope of application:<br \/>\nObjects: commercial and non-commercial real estate, healthcare facilities, manufacturing and HoReCa.<br \/>\nIt is used for scrubbing indelicate surfaces from heavy dirt, for example, burnt products or calcified deposits.<\/p>\n<p>Types of surfaces:<br \/>\nDishes, baking trays, ovens, surfaces and other equipment in the kitchen, ceramic tiles, granite, glass, mirrors, plumbing.<\/p>\n<p>Features and benefits:<br \/>\n&#8211; Canelurile speciale din materialul flexibil din spum\u0103 v\u0103 permit s\u0103 \u021bine\u021bi confortabil buretele \u00een m\u00e2n\u0103 \u0219i s\u0103 preveni\u021bi deteriorarea unghiilor\/m\u0103nu\u0219ilor \u00een timpul func\u021bion\u0103rii.<br \/>\n&#8211; Spuma dens\u0103 ajut\u0103 la men\u021binerea detergentului \u00een burete mai mult timp.<br \/>\n&#8211; Are un grad uniform de rigiditate pe \u00eentreaga suprafa\u021b\u0103 a abrazivului.<\/p>\n<p>Composition:<br \/>\nBurete-poliuretan 100%; granule abrazive &#8211; abrazive 50%, poliamid\u0103 15%, poliester 10%, liant 25%.<\/p>\n<p>Dimensiune: 15&#215;7 cm<br \/>\nColor: green, yellow<br \/>\nPacking: 10 PCs \/ pack<\/p>","protected":false},"excerpt":{"rendered":"<p>The highly effective sponge with green abrasive is ideal for washing dishes and removing stains.\nThe green abrasive of the Vileda Professional sponge has an average hardness, which means it can be used to remove ordinary and heavy impurities. The foam material is pleasant to the touch and retains the detergent, which allows it to be spent more efficiently.<\/p>","protected":false},"featured_media":10690,"comment_status":"closed","ping_status":"closed","template":"","meta":[],"product_cat":[96,45,34,42,44,43,40,41,46,95],"product_tag":[184],"class_list":["post-10688","product","type-product","status-publish","has-post-thumbnail","hentry","product_cat-lavete-si-bureti","product_cat-industria-auto","product_cat-hotel","product_cat-industria-de-producere-si-prelucrare","product_cat-institutii-de-invatamint","product_cat-medicina","product_cat-restaurant-si-bucatarie","product_cat-servicii-de-curatenie","product_cat-sport-si-fitness","product_cat-consumabile-igiena","product_tag-laveta","pa_brand-vileda-professional"],"_links":{"self":[{"href":"https:\/\/toreco.md\/en\/wp-json\/wp\/v2\/product\/10688","targetHints":{"allow":["GET"]}}],"collection":[{"href":"https:\/\/toreco.md\/en\/wp-json\/wp\/v2\/product"}],"about":[{"href":"https:\/\/toreco.md\/en\/wp-json\/wp\/v2\/types\/product"}],"replies":[{"embeddable":true,"href":"https:\/\/toreco.md\/en\/wp-json\/wp\/v2\/comments?post=10688"}],"wp:featuredmedia":[{"embeddable":true,"href":"https:\/\/toreco.md\/en\/wp-json\/wp\/v2\/media\/10690"}],"wp:attachment":[{"href":"https:\/\/toreco.md\/en\/wp-json\/wp\/v2\/media?parent=10688"}],"wp:term":[{"taxonomy":"product_cat","embeddable":true,"href":"https:\/\/toreco.md\/en\/wp-json\/wp\/v2\/product_cat?post=10688"},{"taxonomy":"product_tag","embeddable":true,"href":"https:\/\/toreco.md\/en\/wp-json\/wp\/v2\/product_tag?post=10688"}],"curies":[{"name":"wp","href":"https:\/\/api.w.org\/{rel}","templated":true}]}}