{"id":10671,"date":"2022-08-26T15:35:41","date_gmt":"2022-08-26T12:35:41","guid":{"rendered":"https:\/\/toreco.md\/?post_type=product&#038;p=10671"},"modified":"2025-09-04T12:48:07","modified_gmt":"2025-09-04T09:48:07","slug":"laveta-microfibra-pvamicro-albastra","status":"publish","type":"product","link":"https:\/\/toreco.md\/en\/product\/dupa-tip\/consumabile-igiena\/lavete-si-bureti\/laveta-microfibra-pvamicro-albastra\/","title":{"rendered":"Microfiber cloth PVAmicro, blue"},"content":{"rendered":"<p><iframe loading=\"lazy\" width=\"640\" height=\"360\" src=\"https:\/\/www.youtube.com\/embed\/q76PwtzhbJ4\" title=\"[TORECO]: De ce anume lavetele profesionale din microfibra?\" frameborder=\"0\" allow=\"accelerometer; autoplay; clipboard-write; encrypted-media; gyroscope; picture-in-picture; web-share\" allowfullscreen><\/iframe><\/p>\n<p>Unique microfiber napkin \/ cloth with a unique coating for professional cleaning of any surface.<br \/>\nThe PVA micro napkin is a unique and innovative microfiber cloth made of special PVD coating that cleans surfaces of dirt. PVA Micro has proven itself in professional cleaning as a universal napkin that has the properties of artificial leather, perfectly absorbs and cleans surfaces from dirt without a trace.<\/p>\n<p>Scope of application:<br \/>\n&#8211; Imobiliare comerciale, HoReCa (hoteluri, restaurante, cafenele, baruri, cantine, catering, buc\u0103t\u0103rii), cleaning &#8211; cur\u0103\u021benie, produc\u021bie, asisten\u021b\u0103 medical\u0103 (spitale, clinici, stomatologii, etc.).<br \/>\n&#8211; Cur\u0103\u021barea zilnic\u0103 universal\u0103 a diferitelor suprafe\u021be cu suprafa\u021b\u0103 mare, precum \u0219i procesul de \u0219ergere final\u0103. \u00cendep\u0103rteaz\u0103 praful, bacteriile, viru\u0219ii, lichidele, amprentele digitale, calcarul.<br \/>\n&#8211; Orice suprafa\u021b\u0103, inclusiv robinete lucioase, sanitare, monitoare \u0219i aparate electrice.<\/p>\n<p>Features and benefits:<br \/>\n&#8211; Lavet\u0103 din microfibr\u0103 inovatoare \u0219i unic\u0103 cu un strat special de PVA.<br \/>\n&#8211; Datorit\u0103 stratului de acoperire PVA, \u0219erve\u021belul \u00eendep\u0103rteaz\u0103 eficient \u0219i rapid murd\u0103ria \u00eentr-o singur\u0103 mi\u0219care, ceea ce reduce timpul de cur\u0103\u021bare \u0219i cre\u0219te productivitatea muncii.<br \/>\n&#8211; Posed\u0103 propriet\u0103\u021bi de super-absorb\u021bie, datorit\u0103 c\u0103reia suprafa\u021ba se usuc\u0103 instantaneu \u0219i nu necesit\u0103 \u0219tergere suplimentar\u0103.<br \/>\n&#8211; Se cl\u0103te\u0219te perfect de particulele at\u00e2t de mici precum nisip, firimituri, p\u0103m\u00e2nt, praf, \u0219i \u00eempiedic\u0103 apari\u021bia zg\u00e2rieturile de pe suprafe\u021be delicate \u00een timpul \u0219tergerii.<br \/>\n&#8211; Nu las\u0103 urme.<br \/>\n&#8211; Lavetele PVA Micro elimin\u0103 p\u00e2n\u0103 la 99,99% coronavirusul de tip BCoV de pe suprafe\u021be f\u0103r\u0103 a utiliza un dezinfectant. (Conform rezultatelor testelor de laborator ale unui \u0219erve\u021bel umezit cu ap\u0103 la Institutul de igien\u0103 \u0219i Microbiologie Dr. Brill + Partner GmbH, Germania din 18.01.2021.<br \/>\nBCoV este un tip de coronavirus, similar ca structur\u0103 cu cel uman \u0219i permis pentru teste de laborator.)<br \/>\n&#8211; Datorit\u0103 structurii volumetrice, laveta este comod\u0103 s\u0103 o \u021bine\u021bi \u00een m\u00e2n\u0103, cl\u0103ti\u021bi \u0219i r\u0103suci\u021bi.<br \/>\n&#8211; 4 culori pentru a implimenta \u0219i corespunde Condulului culorilor \u00een cur\u0103\u021benie \u0219i pentru eliminarea contamin\u0103rii \u00eencruci\u0219ate.<br \/>\n&#8211; Posibilitatea utiliz\u0103rii cu detergen\u021bi acizi pentru cur\u0103\u021barea zonelor sanitare \u00een concentra\u021bie de lucru.<br \/>\n&#8211; Durat\u0103 lung\u0103 de via\u021b\u0103 \u0219i rezisten\u021b\u0103 la deteriorare.<\/p>\n<p>Composition:<br \/>\nMicrofiber (85% polyester, 15% polyamide), 100% polyvinyl acetate (PVA) coating.<\/p>\n<p>Main features:<br \/>\n&#8211; Dimensiune: 38&#215;35 cm.<br \/>\n&#8211; Grosime: 1,4 mm.<br \/>\n&#8211; Greutatea unui \u0219erve\u021bel: 33 grame (250 g\/m2).<br \/>\n&#8211; Absorb\u021bie maxim\u0103 \u00een stare uscat\u0103: 550% din greutatea proprie.<br \/>\n&#8211; Num\u0103rul de sp\u0103l\u0103ri: poate rezista p\u00e2n\u0103 la 300 de sp\u0103l\u0103ri \u00een ma\u0219ina de sp\u0103lat rufe la o temperatur\u0103 de 60 de grade C.<\/p>","protected":false},"excerpt":{"rendered":"<p>Unique microfiber napkin \/ cloth with a unique coating for professional cleaning of any surface.<br \/>\nThe PVA micro napkin is a unique and innovative microfiber cloth made of special PVD coating that cleans surfaces of dirt. PVA Micro has proven itself in professional cleaning as a universal napkin that has the properties of artificial leather, perfectly absorbs and cleans surfaces from dirt without a trace.<\/p>","protected":false},"featured_media":10672,"comment_status":"closed","ping_status":"closed","template":"","meta":[],"product_cat":[96,45,34,42,44,43,40,41,46,95],"product_tag":[184],"class_list":["post-10671","product","type-product","status-publish","has-post-thumbnail","hentry","product_cat-lavete-si-bureti","product_cat-industria-auto","product_cat-hotel","product_cat-industria-de-producere-si-prelucrare","product_cat-institutii-de-invatamint","product_cat-medicina","product_cat-restaurant-si-bucatarie","product_cat-servicii-de-curatenie","product_cat-sport-si-fitness","product_cat-consumabile-igiena","product_tag-laveta","pa_brand-vileda-professional"],"_links":{"self":[{"href":"https:\/\/toreco.md\/en\/wp-json\/wp\/v2\/product\/10671","targetHints":{"allow":["GET"]}}],"collection":[{"href":"https:\/\/toreco.md\/en\/wp-json\/wp\/v2\/product"}],"about":[{"href":"https:\/\/toreco.md\/en\/wp-json\/wp\/v2\/types\/product"}],"replies":[{"embeddable":true,"href":"https:\/\/toreco.md\/en\/wp-json\/wp\/v2\/comments?post=10671"}],"wp:featuredmedia":[{"embeddable":true,"href":"https:\/\/toreco.md\/en\/wp-json\/wp\/v2\/media\/10672"}],"wp:attachment":[{"href":"https:\/\/toreco.md\/en\/wp-json\/wp\/v2\/media?parent=10671"}],"wp:term":[{"taxonomy":"product_cat","embeddable":true,"href":"https:\/\/toreco.md\/en\/wp-json\/wp\/v2\/product_cat?post=10671"},{"taxonomy":"product_tag","embeddable":true,"href":"https:\/\/toreco.md\/en\/wp-json\/wp\/v2\/product_tag?post=10671"}],"curies":[{"name":"wp","href":"https:\/\/api.w.org\/{rel}","templated":true}]}}