{"id":10625,"date":"2022-08-15T11:25:21","date_gmt":"2022-08-15T08:25:21","guid":{"rendered":"https:\/\/toreco.md\/?post_type=product&#038;p=10625"},"modified":"2025-05-27T14:51:48","modified_gmt":"2025-05-27T11:51:48","slug":"v-press-820-presa-de-balotat-electro-hidraulica","status":"publish","type":"product","link":"https:\/\/toreco.md\/en\/product\/dupa-tip\/utilaje-pentru-deseuri\/prese-de-balotat\/v-press-820-presa-de-balotat-electro-hidraulica\/","title":{"rendered":"Electro-Hydraulic Baler Press, V-Press 820"},"content":{"rendered":"<p><iframe loading=\"lazy\" width=\"640\" height=\"360\" src=\"https:\/\/www.youtube.com\/embed\/TZ_MzIAoG0A\" title=\"[TORECO]: Presele de balotat HSM\" frameborder=\"0\" allow=\"accelerometer; autoplay; clipboard-write; encrypted-media; gyroscope; picture-in-picture; web-share\" allowfullscreen><\/iframe><\/p>\n<p>Thanks to its powerful motor, its ergonomic design and its sophisticated and innovative technology, the HSM V-Press 820 combines all of the advantages of a baling press into one machine.<br \/>\nQuick and easy installation due to crossed cylinders.<br \/>\nBlocare u\u0219\u0103 roat\u0103 manual\u0103 &#8211; u\u0219or de manevrat datorit\u0103 filetului contra-rotativ pentru deschidere \u0219i \u00eenchidere rapid\u0103.<br \/>\nSuitable for cardboard as well as film.<br \/>\nAutomatic start of the pressing process after closing the door.<br \/>\nConvenient membrane keypad with text display, which shows the current status of the machine.<br \/>\nHSM TCS (Torsion Control System) for monitoring press ram movement.<br \/>\nBale strapping with polyester tape.<\/p>\n<p>Technical data:<br \/>\nPressing power: 178 kN<br \/>\nSpecific pressing power: 19,23 N\/cm\u00b2<br \/>\nVoltage \/ Frequency: 400 V \/ 50 Hz<br \/>\nBale length x Bale width x Bale height: 1200 x 780 x 1000 mm<br \/>\nDriving power:\t4 kW<br \/>\nWidth x Depth x Height: 1700 x 1075 x 2499 mm<br \/>\nWeight: 1300 kg<br \/>\nNumber of strappings:\t4<br \/>\nPress material:\tPunch waste\/residue, Cardboard, Mixed paper, Plastic film<\/p>\n<p><a href=\"https:\/\/toreco.md\/en\/general\/toreco-devine-distribuitor-autorizat-in-moldova-pentru-brandul-german-hsm\/\"><img decoding=\"async\" src=\"https:\/\/toreco.md\/wp-content\/uploads\/2024\/02\/icon-toreco-distribuitor-autorizat-hsm-germania-moldova.png\" alt=\"Distribuitor Autorizat HSM\" \/><\/a><\/p>","protected":false},"excerpt":{"rendered":"<p>HSM V-Press 820-cardboard baler, film. Thanks to its powerful motor, its ergonomic design and its sophisticated and innovative technology, the HSM V-Press 820 combines all of the advantages of a baling press into one machine.\nQuick and easy installation due to crossed cylinders.<\/p>","protected":false},"featured_media":10626,"comment_status":"closed","ping_status":"closed","template":"","meta":[],"product_cat":[108,45,34,42,40],"product_tag":[202],"class_list":["post-10625","product","type-product","status-publish","has-post-thumbnail","hentry","product_cat-prese-de-balotat","product_cat-industria-auto","product_cat-hotel","product_cat-industria-de-producere-si-prelucrare","product_cat-restaurant-si-bucatarie","product_tag-presa-de-balotat","pa_brand-hsm"],"_links":{"self":[{"href":"https:\/\/toreco.md\/en\/wp-json\/wp\/v2\/product\/10625","targetHints":{"allow":["GET"]}}],"collection":[{"href":"https:\/\/toreco.md\/en\/wp-json\/wp\/v2\/product"}],"about":[{"href":"https:\/\/toreco.md\/en\/wp-json\/wp\/v2\/types\/product"}],"replies":[{"embeddable":true,"href":"https:\/\/toreco.md\/en\/wp-json\/wp\/v2\/comments?post=10625"}],"wp:featuredmedia":[{"embeddable":true,"href":"https:\/\/toreco.md\/en\/wp-json\/wp\/v2\/media\/10626"}],"wp:attachment":[{"href":"https:\/\/toreco.md\/en\/wp-json\/wp\/v2\/media?parent=10625"}],"wp:term":[{"taxonomy":"product_cat","embeddable":true,"href":"https:\/\/toreco.md\/en\/wp-json\/wp\/v2\/product_cat?post=10625"},{"taxonomy":"product_tag","embeddable":true,"href":"https:\/\/toreco.md\/en\/wp-json\/wp\/v2\/product_tag?post=10625"}],"curies":[{"name":"wp","href":"https:\/\/api.w.org\/{rel}","templated":true}]}}