{"id":10570,"date":"2022-08-02T10:42:18","date_gmt":"2022-08-02T07:42:18","guid":{"rendered":"https:\/\/toreco.md\/?post_type=product&#038;p=10570"},"modified":"2025-05-27T14:51:52","modified_gmt":"2025-05-27T11:51:52","slug":"v-press-1160-max-presa-de-balotat-electro-hidraulica","status":"publish","type":"product","link":"https:\/\/toreco.md\/en\/product\/dupa-tip\/utilaje-pentru-deseuri\/prese-de-balotat\/v-press-1160-max-presa-de-balotat-electro-hidraulica\/","title":{"rendered":"V-Press 1160 max, Electro-hydraulic Baler"},"content":{"rendered":"<p><iframe loading=\"lazy\" width=\"640\" height=\"360\" src=\"https:\/\/www.youtube.com\/embed\/TZ_MzIAoG0A\" title=\"[TORECO]: Presele de balotat HSM\" frameborder=\"0\" allow=\"accelerometer; autoplay; clipboard-write; encrypted-media; gyroscope; picture-in-picture; web-share\" allowfullscreen><\/iframe><\/p>\n<div style=\"width: 640px;\" class=\"wp-video\"><video class=\"wp-video-shortcode\" id=\"video-10570-1\" width=\"640\" height=\"360\" preload=\"metadata\" controls=\"controls\"><source type=\"video\/mp4\" src=\"https:\/\/toreco.md\/wp-content\/uploads\/2022\/08\/v-press1160.mp4?_=1\" \/><a href=\"https:\/\/toreco.md\/wp-content\/uploads\/2022\/08\/v-press1160.mp4\">https:\/\/toreco.md\/wp-content\/uploads\/2022\/08\/v-press1160.mp4<\/a><\/video><\/div>\n<p>With a maximum bale weight of 550 kg, strong pressing power and an absolutely high efficiency level, the HSM VPress 1160 is the top-model of the HSM V-Press series.<br \/>\nRapid stroke technolgy saves time and money<br \/>\nHigh capacity press chamber means optimum filling efficiency<br \/>\nLow-maintenance, sturdy hydraulics and hard-chromed pistons ensure long service life<br \/>\nHighly compressed bales can already be marketed without requiring any further pressing<br \/>\nHigh process reliability due to HSM TCS (TorsionControlSystem)<br \/>\nConfigurations: sliding door with hydraulic door lock<\/p>\n<p>Technical data:<br \/>\nPressing power - 594  kN<br \/>\nPuterea motorului Electric &#8211; 4 kW<br \/>\nTensiune \/ frecven\u021b\u0103 &#8211; 3 x 400 V \/ 50 Hz<br \/>\nFereastr\u0103 de \u00eenc\u0103rcare (L x H ) &#8211; 1195 x 650 mm<br \/>\nGreutatea balotului, kg (\u00een func\u021bie de material) &#8211; p\u00e2n\u0103 la 550<br \/>\nDimensiunile balotului (L x L x H) &#8211; 1200 x 1100 x maax. 1200 mm<br \/>\nAp\u0103sarea timpului ciclului (theor.) &#8211; 25 sec<br \/>\nDimensiunile camerei de presare (L x D x H) &#8211; 1195 x 1100 x 1640 mm<br \/>\nDimensiunile generale ale presei (L x D x H), &#8211; 1780 x 1568 x 2985 mm<br \/>\nGreutate pres\u0103 &#8211; 2430 (max) kg<br \/>\nStrapping - 4-fold with wire \/ optional polyester tape<\/p>\n<p><a href=\"https:\/\/toreco.md\/en\/general\/toreco-devine-distribuitor-autorizat-in-moldova-pentru-brandul-german-hsm\/\"><img decoding=\"async\" src=\"https:\/\/toreco.md\/wp-content\/uploads\/2024\/02\/icon-toreco-distribuitor-autorizat-hsm-germania-moldova.png\" alt=\"Distribuitor Autorizat HSM\" \/><\/a><\/p>","protected":false},"excerpt":{"rendered":"<p>With a maximum bale weight of 550 kg, strong pressing power and an absolutely high efficiency level, the HSM VPress 1160 is the top-model of the HSM V-Press series.<\/p>","protected":false},"featured_media":10574,"comment_status":"closed","ping_status":"closed","template":"","meta":[],"product_cat":[108,45,34,42,40],"product_tag":[202],"class_list":["post-10570","product","type-product","status-publish","has-post-thumbnail","hentry","product_cat-prese-de-balotat","product_cat-industria-auto","product_cat-hotel","product_cat-industria-de-producere-si-prelucrare","product_cat-restaurant-si-bucatarie","product_tag-presa-de-balotat","pa_brand-hsm"],"_links":{"self":[{"href":"https:\/\/toreco.md\/en\/wp-json\/wp\/v2\/product\/10570","targetHints":{"allow":["GET"]}}],"collection":[{"href":"https:\/\/toreco.md\/en\/wp-json\/wp\/v2\/product"}],"about":[{"href":"https:\/\/toreco.md\/en\/wp-json\/wp\/v2\/types\/product"}],"replies":[{"embeddable":true,"href":"https:\/\/toreco.md\/en\/wp-json\/wp\/v2\/comments?post=10570"}],"wp:featuredmedia":[{"embeddable":true,"href":"https:\/\/toreco.md\/en\/wp-json\/wp\/v2\/media\/10574"}],"wp:attachment":[{"href":"https:\/\/toreco.md\/en\/wp-json\/wp\/v2\/media?parent=10570"}],"wp:term":[{"taxonomy":"product_cat","embeddable":true,"href":"https:\/\/toreco.md\/en\/wp-json\/wp\/v2\/product_cat?post=10570"},{"taxonomy":"product_tag","embeddable":true,"href":"https:\/\/toreco.md\/en\/wp-json\/wp\/v2\/product_tag?post=10570"}],"curies":[{"name":"wp","href":"https:\/\/api.w.org\/{rel}","templated":true}]}}