{"id":10517,"date":"2022-07-07T16:00:52","date_gmt":"2022-07-07T13:00:52","guid":{"rendered":"https:\/\/toreco.md\/?post_type=product&#038;p=10517"},"modified":"2025-04-29T10:00:35","modified_gmt":"2025-04-29T07:00:35","slug":"willmop-50-echipament-frecare-uscare-echipat-complet-de-spalat-si-uscat-pardoseli-vertical","status":"publish","type":"product","link":"https:\/\/toreco.md\/en\/product\/dupa-tip\/utilaje-pentru-curatenie\/masini-de-curatat\/willmop-50-echipament-frecare-uscare-echipat-complet-de-spalat-si-uscat-pardoseli-vertical\/","title":{"rendered":"Willmop 50, vertical floor washing and drying equipment"},"content":{"rendered":"<p><iframe loading=\"lazy\" width=\"640\" height=\"360\" src=\"https:\/\/www.youtube.com\/embed\/Ux-fRfEHIPs\" title=\"WillMop50 ma\u0219in\u0103 vertical\u0103 de sp\u0103lat pardoseli\" frameborder=\"0\" allow=\"accelerometer; autoplay; clipboard-write; encrypted-media; gyroscope; picture-in-picture; web-share\" allowfullscreen><\/iframe><\/p>\n<p>Willmop &#8211; echipament de sp\u0103lat \u015fi uscat pardoseli vertical<\/p>\n<p>WILLMOP 50, the lightest and most controllable vertical floor washing machine on the market, which combines the high performance of a professional machine with the versatility of a traditional mop, which allows it to be used almost continuously thanks to a new generation lithium battery. Steering control WILLMOP 50 provides unlimited movement 360. Its incredible maneuverability makes it easy to clean all difficult areas for any other machines, for example, under tables, under sinks and between seats, etc.<br \/>\nThis revolutionary willmop 50 with lithium battery and fast charging combines the high performance of an industrial washing machine with the maneuverability and flexibility of a mop, allowing the user to clean an area of more than 2,100 m2 \/ h. Thanks to its elastic system connecting the equipment to the washing unit, the Willmop 50 guarantees zero effort for the operator throughout cleaning activities, as this elastic joint takes on all the weight of the equipment.<\/p>\n<p>Willmop 50 echipament de sp\u0103lat \u015fi uscat pardoseli vertical reg\u00e2nde\u015fte complet ideea cur\u0103\u0163\u0103rii spa\u0163iilor mici precum toaletele, buc\u0103t\u0103riile, s\u0103lile de clas\u0103, birourile, saloanele din spitale, recep\u0163iile, holurile sau s\u0103li de sport.<\/p>\n<p>Technical data:<br \/>\nWorking Front: 500 mm<br \/>\nNumber of brushes: 2<br \/>\nClean water tank: 5 liters<br \/>\nWaste water tank: 7 liters<br \/>\nPressure on the brushes (min.\/ max.) : 25kg<br \/>\nBrush rotation speed (rpm) : 350 rpm<br \/>\nAh\/1: 21\/29 Li-ion battery<br \/>\nAutonomy with a battery charge: 1.15 hours<br \/>\nWeight with battery: 35 kg<br \/>\nSize (L x I x H) : 600x580x1180 mm<\/p>","protected":false},"excerpt":{"rendered":"<p>Willmop - vertical floor washing and drying equipment<br \/>\nWILLMOP 50, the lightest and most controllable vertical floor washing machine on the market, which combines the high performance of a professional machine with the versatility of a traditional mop, which allows it to be used almost continuously thanks to a new generation lithium battery. Free shipping in Moldova and Chisinau<\/p>","protected":false},"featured_media":10527,"comment_status":"closed","ping_status":"closed","template":"","meta":[],"product_cat":[113,34,42,44,43,40,41,46,109],"product_tag":[211],"class_list":["post-10517","product","type-product","status-publish","has-post-thumbnail","hentry","product_cat-masini-de-curatat","product_cat-hotel","product_cat-industria-de-producere-si-prelucrare","product_cat-institutii-de-invatamint","product_cat-medicina","product_cat-restaurant-si-bucatarie","product_cat-servicii-de-curatenie","product_cat-sport-si-fitness","product_cat-utilaje-pentru-curatenie","product_tag-masini-curatenie","pa_brand-willmop"],"_links":{"self":[{"href":"https:\/\/toreco.md\/en\/wp-json\/wp\/v2\/product\/10517","targetHints":{"allow":["GET"]}}],"collection":[{"href":"https:\/\/toreco.md\/en\/wp-json\/wp\/v2\/product"}],"about":[{"href":"https:\/\/toreco.md\/en\/wp-json\/wp\/v2\/types\/product"}],"replies":[{"embeddable":true,"href":"https:\/\/toreco.md\/en\/wp-json\/wp\/v2\/comments?post=10517"}],"wp:featuredmedia":[{"embeddable":true,"href":"https:\/\/toreco.md\/en\/wp-json\/wp\/v2\/media\/10527"}],"wp:attachment":[{"href":"https:\/\/toreco.md\/en\/wp-json\/wp\/v2\/media?parent=10517"}],"wp:term":[{"taxonomy":"product_cat","embeddable":true,"href":"https:\/\/toreco.md\/en\/wp-json\/wp\/v2\/product_cat?post=10517"},{"taxonomy":"product_tag","embeddable":true,"href":"https:\/\/toreco.md\/en\/wp-json\/wp\/v2\/product_tag?post=10517"}],"curies":[{"name":"wp","href":"https:\/\/api.w.org\/{rel}","templated":true}]}}